{"id":89,"date":"2022-12-07T18:34:08","date_gmt":"2022-12-07T17:34:08","guid":{"rendered":"https:\/\/consportoalegre.esteri.it\/italia-e-brasile\/diplomazia-scientifica\/"},"modified":"2023-06-08T17:33:00","modified_gmt":"2023-06-08T15:33:00","slug":"diplomazia-scientifica","status":"publish","type":"page","link":"https:\/\/consportoalegre.esteri.it\/pt\/italia-e-brasile\/diplomazia-scientifica\/","title":{"rendered":"Diplomacia cient\u00edfica"},"content":{"rendered":"<p><strong>INOVA\u00c7\u00c3O E PESQUISA<\/strong><\/p>\n<p>O Minist\u00e9rio das Rela\u00e7\u00f5es Exteriores e Coopera\u00e7\u00e3o Internacional (MAECI) promove a internacionaliza\u00e7\u00e3o da pesquisa italiana e da diplomacia cient\u00edfica, como ferramentas fundamentais para o desenvolvimento da coopera\u00e7\u00e3o entre a It\u00e1lia e o resto do mundo.<\/p>\n<p>A a\u00e7\u00e3o do MAECI baseia-se na convic\u00e7\u00e3o de que n\u00e3o pode haver desenvolvimento econ\u00f3mico sem inova\u00e7\u00e3o e apoio \u00e0 investiga\u00e7\u00e3o cient\u00edfica.<\/p>\n<p>Manter a competitividade em mercados globais cada vez mais complexos requer a aplica\u00e7\u00e3o constante de novas tecnologias aos processos produtivos, para a obten\u00e7\u00e3o de produtos inovadores e de elevado valor acrescentado. Desta convic\u00e7\u00e3o, uma utiliza\u00e7\u00e3o cada vez mais cuidada dos recursos neste sector, como investimento para o crescimento do pa\u00eds, sobretudo nos sectores mais inovadores, com efeitos positivos em termos econ\u00f3micos e comerciais.<\/p>\n<p><a href=\"https:\/\/www.esteri.it\/it\/diplomazia-culturale-e-diplomazia-scientifica\/cooperscientificatecnologica\/\">Visite a p\u00e1gina dedicada no site do Minist\u00e9rio<\/a><\/p>\n","protected":false},"excerpt":{"rendered":"INOVA\u00c7\u00c3O E PESQUISA O Minist\u00e9rio das Rela\u00e7\u00f5es Exteriores e Coopera\u00e7\u00e3o Internacional (MAECI) promove a internacionaliza\u00e7\u00e3o da pesquisa italiana e da diplomacia cient\u00edfica, como ferramentas fundamentais para o desenvolvimento da coopera\u00e7\u00e3o entre a It\u00e1lia e o resto do mundo. A a\u00e7\u00e3o do MAECI baseia-se na convic\u00e7\u00e3o de que n\u00e3o pode haver desenvolvimento econ\u00f3mico sem inova\u00e7\u00e3o e [&hellip;]","protected":false},"author":3,"featured_media":0,"parent":32,"menu_order":0,"comment_status":"closed","ping_status":"closed","template":"","meta":{"footnotes":""},"class_list":["post-89","page","type-page","status-publish","hentry"],"_links":{"self":[{"href":"https:\/\/consportoalegre.esteri.it\/pt\/wp-json\/wp\/v2\/pages\/89","targetHints":{"allow":["GET"]}}],"collection":[{"href":"https:\/\/consportoalegre.esteri.it\/pt\/wp-json\/wp\/v2\/pages"}],"about":[{"href":"https:\/\/consportoalegre.esteri.it\/pt\/wp-json\/wp\/v2\/types\/page"}],"author":[{"embeddable":true,"href":"https:\/\/consportoalegre.esteri.it\/pt\/wp-json\/wp\/v2\/users\/3"}],"replies":[{"embeddable":true,"href":"https:\/\/consportoalegre.esteri.it\/pt\/wp-json\/wp\/v2\/comments?post=89"}],"version-history":[{"count":0,"href":"https:\/\/consportoalegre.esteri.it\/pt\/wp-json\/wp\/v2\/pages\/89\/revisions"}],"up":[{"embeddable":true,"href":"https:\/\/consportoalegre.esteri.it\/pt\/wp-json\/wp\/v2\/pages\/32"}],"wp:attachment":[{"href":"https:\/\/consportoalegre.esteri.it\/pt\/wp-json\/wp\/v2\/media?parent=89"}],"curies":[{"name":"wp","href":"https:\/\/api.w.org\/{rel}","templated":true}]}}