{"id":86,"date":"2022-12-07T17:59:05","date_gmt":"2022-12-07T16:59:05","guid":{"rendered":"https:\/\/consportoalegre.esteri.it\/chi-siamo\/la-rete-consolare\/"},"modified":"2024-12-18T12:40:12","modified_gmt":"2024-12-18T11:40:12","slug":"la-rete-consolare","status":"publish","type":"page","link":"https:\/\/consportoalegre.esteri.it\/pt\/chi-siamo\/la-rete-consolare\/","title":{"rendered":"A Rede Consular"},"content":{"rendered":"<p><strong><span lang=\"PT-BR\">Rede Diplom\u00e1tico-Consular<\/span><\/strong><\/p>\n<p><span lang=\"PT-BR\"><br \/>\n<a href=\"https:\/\/www.esteri.it\/it\/\">Minist\u00e9rio das Rela\u00e7\u00f5es Exteriores e da Coopera\u00e7\u00e3o Internacional<\/a><\/span><\/p>\n<p><a title=\"Embaixada da It\u00e1lia em Brasilia\" href=\"https:\/\/ambbrasilia.esteri.it\/pt\/\">Embaixada da It\u00e1lia em Brasilia<\/a><\/p>\n<p><a title=\"Consulado da It\u00e1lia em Belo Horizonte\" href=\"https:\/\/consbelohorizonte.esteri.it\/pt\/\">Consulado da It\u00e1lia em Belo Horizonte<\/a><span lang=\"PT-BR\">\u00a0<\/span><\/p>\n<p><span lang=\"PT-BR\"><a title=\"Consulado da It\u00e1lia em Curitiba\" href=\"http:\/\/www.conscuritiba.esteri.it\/Consolato_Curitiba\/\">Consulado da It\u00e1lia em Curitiba<\/a><\/span><\/p>\n<p><span lang=\"PT-BR\"><a title=\"Consulado da It\u00e1lia no Recife\" href=\"https:\/\/consrecife.esteri.it\/pt\/\">Consulado da It\u00e1lia no Recife<\/a><\/span><\/p>\n<p><a title=\"Consulado Geral da It\u00e1lia no Rio de Janeiro\" href=\"https:\/\/consriodejaneiro.esteri.it\/br\/\">Consulado Geral da It\u00e1lia no Rio de Janeiro<\/a><\/p>\n<p><a title=\"Consulado Geral da It\u00e1lia em S\u00e3o Paulo\" href=\"https:\/\/conssanpaolo.esteri.it\/pt\/\">Consulado Geral da It\u00e1lia em S\u00e3o Paulo<\/a><\/p>\n<p><a href=\"https:\/\/serviziconsolari.esteri.it\/ScoFE\/services\/service-info.sco\">Encontre o Consulado competente pela sua resid\u00eancia<\/a><\/p>\n<p>&nbsp;<\/p>\n<p><strong>REPRESENTA\u00c7\u00d5ES HONOR\u00c1RIAS<\/strong><\/p>\n<p>&nbsp;<\/p>\n<p><strong>CONSOLATO ONORARIO DI CAXIAS DO SUL<\/strong><\/p>\n<p>Console Onorario: Gelson CASTELLAN<\/p>\n<p>Rua Italo Victor Bersani, 1134 (junto \u00e0 CIC Caxias do Sul)<\/p>\n<p>95050-520 \u2013 Caxias do Sul (RS)<\/p>\n<p>Tel: 54\/3535-0035<\/p>\n<p>Cel: 54\/99285-3421 e 54\/99260-4335<\/p>\n<p>E-mail\u00a0:\u00a0<a href=\"mailto:caxiasdosul.onorario@esteri.it\">caxiasdosul.onorario@esteri.it<\/a><\/p>\n<p>&nbsp;<\/p>\n<p><strong>VICE-CONSOLATO ONORARIO DI RIO GRANDE<\/strong><\/p>\n<p>Vice-Console Onorario: Vicente TOUGUINHA ANTONACCI<\/p>\n<p>Rua Zalony, 160 \u2013 Conj. 1004<\/p>\n<p>96.200-070 \u2013 Rio Grande (RS)<\/p>\n<p>Tel: 53\/3231.5892\u00a0 e Fax: 53\/3232.2004<\/p>\n<p>Cel: 53\/99971.5482<\/p>\n<p>E-mail\u00a0:\u00a0<a href=\"mailto:riogrande.onorario@esteri.it\">riogrande.onorario@esteri.it<\/a><\/p>\n<p>&nbsp;<\/p>\n<p><strong>AGENZIA CONSOLARE ONORARIA DI ERECHIM<\/strong><\/p>\n<p>Agente Consolare: Gertrudes Maria REOLON KALINOSKI CASTILHOS<\/p>\n<p>Rua Pedro Alvares Cabral, 1000<\/p>\n<p>99700-000 \u2013 Erechim \u2013 RS<\/p>\n<p>Tel: 54\/3712-5399<\/p>\n<p>Cel:54\/99169-9772<\/p>\n<p>e-mail:\u00a0<a href=\"mailto:erechim.onorario@esteri.it\">erechim.onorario@esteri.it<\/a><\/p>\n<p>&nbsp;<\/p>\n<p><strong>AGENZIA CONSOLARE ONORARIA DI PASSO FUNDO<\/strong><\/p>\n<p>Agente Consolare: Maristela PRETTO SIVIERO<\/p>\n<p>Rua Moron, 1858 \u2013 Centro<\/p>\n<p>99010-034 \u2013 Passo Fundo<\/p>\n<p>Tel: 54\/999-33-2781<\/p>\n<p>e-mail:\u00a0<a href=\"mailto:passofundo.onorario@esteri.it\">passofundo.onorario@esteri.it<\/a><\/p>\n<p>&nbsp;<\/p>\n<p><strong>AGENZIA CONSOLARE ONORARIA DI SANTA MARIA<\/strong><\/p>\n<p>Agente Consolare: Jos\u00e9 ZANELLA<\/p>\n<p>Rua do Acampamento, 255 \u2013 sala 01<\/p>\n<p>97050-001 \u2013 Santa Maria<\/p>\n<p>Telefono:\u00a0 55\/98103-5176 e 55\/99971-8042<\/p>\n<p>e-mail:\u00a0<a href=\"mailto:santamaria.onorario@esteri.it\">santamaria.onorario@esteri.it<\/a>\u00a0 (+\u00a0<a href=\"mailto:zanella.sma@gmail.com\">zanella.sma@gmail.com<\/a>)<\/p>\n<p>&nbsp;<\/p>\n<p><strong>AGENZIA CONSOLARE ONORARIA DI BENTO GONCALVES<\/strong><\/p>\n<p>Agente Consolare: Thais Rafaela FERRARI DA CUNHA<\/p>\n<p>Rua Herny Hugo Dreher, 197<\/p>\n<p>95703-200 \u2013 Bento Gon\u00e7alves (RS)<\/p>\n<p>Tel: 54\/3455-3583 \u2013 Cel. 54\/99168-8064<\/p>\n<p>E-mail:\u00a0<a href=\"mailto:bentogoncalves.onorario@esteri.it\">bentogoncalves.onorario@esteri.it<\/a><\/p>\n","protected":false},"excerpt":{"rendered":"Rede Diplom\u00e1tico-Consular Minist\u00e9rio das Rela\u00e7\u00f5es Exteriores e da Coopera\u00e7\u00e3o Internacional Embaixada da It\u00e1lia em Brasilia Consulado da It\u00e1lia em Belo Horizonte\u00a0 Consulado da It\u00e1lia em Curitiba Consulado da It\u00e1lia no Recife Consulado Geral da It\u00e1lia no Rio de Janeiro Consulado Geral da It\u00e1lia em S\u00e3o Paulo Encontre o Consulado competente pela sua resid\u00eancia &nbsp; REPRESENTA\u00c7\u00d5ES [&hellip;]","protected":false},"author":3,"featured_media":0,"parent":33,"menu_order":0,"comment_status":"closed","ping_status":"closed","template":"","meta":{"footnotes":""},"class_list":["post-86","page","type-page","status-publish","hentry"],"_links":{"self":[{"href":"https:\/\/consportoalegre.esteri.it\/pt\/wp-json\/wp\/v2\/pages\/86","targetHints":{"allow":["GET"]}}],"collection":[{"href":"https:\/\/consportoalegre.esteri.it\/pt\/wp-json\/wp\/v2\/pages"}],"about":[{"href":"https:\/\/consportoalegre.esteri.it\/pt\/wp-json\/wp\/v2\/types\/page"}],"author":[{"embeddable":true,"href":"https:\/\/consportoalegre.esteri.it\/pt\/wp-json\/wp\/v2\/users\/3"}],"replies":[{"embeddable":true,"href":"https:\/\/consportoalegre.esteri.it\/pt\/wp-json\/wp\/v2\/comments?post=86"}],"version-history":[{"count":5,"href":"https:\/\/consportoalegre.esteri.it\/pt\/wp-json\/wp\/v2\/pages\/86\/revisions"}],"predecessor-version":[{"id":4056,"href":"https:\/\/consportoalegre.esteri.it\/pt\/wp-json\/wp\/v2\/pages\/86\/revisions\/4056"}],"up":[{"embeddable":true,"href":"https:\/\/consportoalegre.esteri.it\/pt\/wp-json\/wp\/v2\/pages\/33"}],"wp:attachment":[{"href":"https:\/\/consportoalegre.esteri.it\/pt\/wp-json\/wp\/v2\/media?parent=86"}],"curies":[{"name":"wp","href":"https:\/\/api.w.org\/{rel}","templated":true}]}}