{"id":85,"date":"2022-12-07T17:57:36","date_gmt":"2022-12-07T16:57:36","guid":{"rendered":"https:\/\/consportoalegre.esteri.it\/chi-siamo\/numeri-di-emergenza\/"},"modified":"2024-10-23T22:31:50","modified_gmt":"2024-10-23T20:31:50","slug":"numeri-di-emergenza","status":"publish","type":"page","link":"https:\/\/consportoalegre.esteri.it\/pt\/chi-siamo\/numeri-di-emergenza\/","title":{"rendered":"N\u00fameros de emerg\u00eancia"},"content":{"rendered":"<p>Para informa\u00e7\u00f5es em geral e detalhes operativos sobre a seguran\u00e7a no Brasil, consultar o site da Unidade de Crise da &#8220;Farnesina&#8221; \u201c<a href=\"http:\/\/www.viaggiaresicuri.it\/home.html\">Viaggiare Sicuri<\/a>\u201d (p\u00e1gina em l\u00edngua italiana).<\/p>\n<p>Se est\u00e1 planejando uma viagem ou est\u00e1 morando no Brasil, n\u00e3o esque\u00e7a de se cadastrar no site &#8220;<a href=\"https:\/\/www.dovesiamonelmondo.it\/home.html\">Dove siamo nel Mondo<\/a>&#8221; (p\u00e1gina em l\u00edngua italiana) para ser contatado em caso de emerg\u00eancia.<\/p>\n<p><b>O<\/b> <b>servi\u00e7o de plant\u00e3o <\/b>do Consulado Geral da It\u00e1lia em Porto Alegre<b> \u00e9 reservado para emerg\u00eancias reais e graves relativas ao Rio Grande do Sul<\/b>, que n\u00e3o podem ser adiadas para o hor\u00e1rio normal de funcionamento do escrit\u00f3rio.<\/p>\n<p>Somente em caso de <b>emerg\u00eancia grave<\/b> em mat\u00e9ria consular \u00e9 poss\u00edvel entrar em contato com o n\u00famero <b>(00 55 51) 98187-1503<\/b> nos seguintes hor\u00e1rios:<\/p>\n<p>&#8211; <b>Segundas, quartas e sextas-feiras, das 14h \u00e0s 22 horas.<\/b><\/p>\n<p>&#8211; <strong>T<\/strong><b>er\u00e7as e quintas-feiras, das 17h \u00e0s 22 horas<\/b><\/p>\n<p>&#8211; <b>S\u00e1bados e domingos, das 8h \u00e0s 22 horas.<\/b><\/p>\n<p>Em caso de EMERG\u00caNCIA ABSOLUTA, fora do hor\u00e1rio de abertura da sede consular ou do servi\u00e7o de emerg\u00eancia, pode entrar em contato com o seguinte n\u00famero do Minist\u00e9rio italiano dos Assuntos Exteriores e da Coopera\u00e7\u00e3o Internacional:<\/p>\n<p>&#8211; Unidade de Crise: +39-06-36225<\/p>\n<p>&nbsp;<\/p>\n","protected":false},"excerpt":{"rendered":"Para informa\u00e7\u00f5es em geral e detalhes operativos sobre a seguran\u00e7a no Brasil, consultar o site da Unidade de Crise da &#8220;Farnesina&#8221; \u201cViaggiare Sicuri\u201d (p\u00e1gina em l\u00edngua italiana). Se est\u00e1 planejando uma viagem ou est\u00e1 morando no Brasil, n\u00e3o esque\u00e7a de se cadastrar no site &#8220;Dove siamo nel Mondo&#8221; (p\u00e1gina em l\u00edngua italiana) para ser contatado [&hellip;]","protected":false},"author":3,"featured_media":0,"parent":33,"menu_order":0,"comment_status":"closed","ping_status":"closed","template":"","meta":{"footnotes":""},"class_list":["post-85","page","type-page","status-publish","hentry"],"_links":{"self":[{"href":"https:\/\/consportoalegre.esteri.it\/pt\/wp-json\/wp\/v2\/pages\/85","targetHints":{"allow":["GET"]}}],"collection":[{"href":"https:\/\/consportoalegre.esteri.it\/pt\/wp-json\/wp\/v2\/pages"}],"about":[{"href":"https:\/\/consportoalegre.esteri.it\/pt\/wp-json\/wp\/v2\/types\/page"}],"author":[{"embeddable":true,"href":"https:\/\/consportoalegre.esteri.it\/pt\/wp-json\/wp\/v2\/users\/3"}],"replies":[{"embeddable":true,"href":"https:\/\/consportoalegre.esteri.it\/pt\/wp-json\/wp\/v2\/comments?post=85"}],"version-history":[{"count":3,"href":"https:\/\/consportoalegre.esteri.it\/pt\/wp-json\/wp\/v2\/pages\/85\/revisions"}],"predecessor-version":[{"id":3761,"href":"https:\/\/consportoalegre.esteri.it\/pt\/wp-json\/wp\/v2\/pages\/85\/revisions\/3761"}],"up":[{"embeddable":true,"href":"https:\/\/consportoalegre.esteri.it\/pt\/wp-json\/wp\/v2\/pages\/33"}],"wp:attachment":[{"href":"https:\/\/consportoalegre.esteri.it\/pt\/wp-json\/wp\/v2\/media?parent=85"}],"curies":[{"name":"wp","href":"https:\/\/api.w.org\/{rel}","templated":true}]}}