{"id":84,"date":"2022-12-07T17:56:45","date_gmt":"2022-12-07T16:56:45","guid":{"rendered":"https:\/\/consportoalegre.esteri.it\/chi-siamo\/contatti\/"},"modified":"2026-01-05T16:53:39","modified_gmt":"2026-01-05T15:53:39","slug":"contatti","status":"publish","type":"page","link":"https:\/\/consportoalegre.esteri.it\/pt\/chi-siamo\/contatti\/","title":{"rendered":"Contatos"},"content":{"rendered":"<p><strong>Servi\u00e7o de Call Center:<\/strong><\/p>\n<p>Ativo de <strong>segunda a sexta feira das 9:00 \u00e0s 12:00 horas<\/strong> para esclarecimento de d\u00favidas sobre os servi\u00e7os consulares.<\/p>\n<p>O numero de contato \u00e8 (51) 3010 1515 <span style=\"text-decoration: underline;\">(somente para liga\u00e7\u00f5es efetuadas do Estado do Rio Grande do Sul)<\/span><\/p>\n<p><strong>Central telef\u00f4nica<\/strong><br \/>\nDe segunda a sexta-feira das 09h00 \u00e0s 12h00.<\/p>\n<p>Tel.: 0055.51.3230.8200\/8201 <span style=\"text-decoration: underline;\">(para liga\u00e7\u00f5es de fora do Estado do Rio Grande do Sul)<\/span><\/p>\n<p><strong>Correio Eletr\u00f4nico Certificado PEC:<\/strong>\u00a0<a href=\"mailto:con.portoalegre@cert.esteri.it\">con.portoalegre@cert.esteri.it<\/a>\u00a0 &#8211;\u00a0<strong>Somente para endere\u00e7os habilitados\u00a0exclusivamente\u00a0ao recebimento de Correio Eletr\u00f4nico Certificado (PEC)\u00a0\u00a0\u00a0<\/strong><\/p>\n<p>Servi\u00e7o de informa\u00e7\u00e3o ao usu\u00e1rio: <a href=\"mailto:urp.portoalegre@esteri.it\">urp.portoalegre@esteri.it<\/a><\/p>\n<p>Consulte tamb\u00e9m a p\u00e1gina<a href=\"https:\/\/consportoalegre.esteri.it\/pt\/chi-siamo\/gli-uffici\/\"> Setores<\/a><\/p>\n","protected":false},"excerpt":{"rendered":"Servi\u00e7o de Call Center: Ativo de segunda a sexta feira das 9:00 \u00e0s 12:00 horas para esclarecimento de d\u00favidas sobre os servi\u00e7os consulares. O numero de contato \u00e8 (51) 3010 1515 (somente para liga\u00e7\u00f5es efetuadas do Estado do Rio Grande do Sul) Central telef\u00f4nica De segunda a sexta-feira das 09h00 \u00e0s 12h00. Tel.: 0055.51.3230.8200\/8201 (para [&hellip;]","protected":false},"author":3,"featured_media":0,"parent":33,"menu_order":0,"comment_status":"closed","ping_status":"closed","template":"","meta":{"footnotes":""},"class_list":["post-84","page","type-page","status-publish","hentry"],"_links":{"self":[{"href":"https:\/\/consportoalegre.esteri.it\/pt\/wp-json\/wp\/v2\/pages\/84","targetHints":{"allow":["GET"]}}],"collection":[{"href":"https:\/\/consportoalegre.esteri.it\/pt\/wp-json\/wp\/v2\/pages"}],"about":[{"href":"https:\/\/consportoalegre.esteri.it\/pt\/wp-json\/wp\/v2\/types\/page"}],"author":[{"embeddable":true,"href":"https:\/\/consportoalegre.esteri.it\/pt\/wp-json\/wp\/v2\/users\/3"}],"replies":[{"embeddable":true,"href":"https:\/\/consportoalegre.esteri.it\/pt\/wp-json\/wp\/v2\/comments?post=84"}],"version-history":[{"count":6,"href":"https:\/\/consportoalegre.esteri.it\/pt\/wp-json\/wp\/v2\/pages\/84\/revisions"}],"predecessor-version":[{"id":5374,"href":"https:\/\/consportoalegre.esteri.it\/pt\/wp-json\/wp\/v2\/pages\/84\/revisions\/5374"}],"up":[{"embeddable":true,"href":"https:\/\/consportoalegre.esteri.it\/pt\/wp-json\/wp\/v2\/pages\/33"}],"wp:attachment":[{"href":"https:\/\/consportoalegre.esteri.it\/pt\/wp-json\/wp\/v2\/media?parent=84"}],"curies":[{"name":"wp","href":"https:\/\/api.w.org\/{rel}","templated":true}]}}