{"id":83,"date":"2022-12-07T17:53:28","date_gmt":"2022-12-07T16:53:28","guid":{"rendered":"https:\/\/consportoalegre.esteri.it\/chi-siamo\/gli-uffici\/"},"modified":"2025-05-29T18:15:25","modified_gmt":"2025-05-29T16:15:25","slug":"gli-uffici","status":"publish","type":"page","link":"https:\/\/consportoalegre.esteri.it\/pt\/chi-siamo\/gli-uffici\/","title":{"rendered":"Os Setores"},"content":{"rendered":"<p>O hor\u00e1rio de atendimento ao p\u00fablico \u00e9:<\/p>\n<ul>\n<li>Segundas, quartas e sextas das 8:30 \u00e0s 12:00 COM AGENDAMENTO<\/li>\n<li>Ter\u00e7as e quintas das 8:30 \u00e0s 12:00 e das 14:00 \u00e0s 15:00 COM AGENDAMENTO<\/li>\n<\/ul>\n<p>Com a finalidade de garantir a m\u00e1xima rapidez e efici\u00eancia nas respostas e efic\u00e1cia dos servi\u00e7os consulares, pede-se n\u00e3o solicitar informa\u00e7\u00f5es que j\u00e1 est\u00e3o presentes no site e tampouco de enviar solicita\u00e7\u00f5es contendo o mesmo assunto para v\u00e1rios endere\u00e7os de e-mail.<\/p>\n<p><strong>Setor Administrativo &#8211; Cont\u00e1bil<\/strong><br \/>\n<a href=\"mailto:contabilita.portoalegre@esteri.it\">contabilita.portoalegre@esteri.it<\/a><\/p>\n<p><a href=\"https:\/\/consportoalegre.esteri.it\/pt\/servizi-consolari-e-visti\/servizi-per-il-cittadino-italiano\/anagrafe-degli-italiani-residenti-allestero-aire\/\"><strong>Setor Anagrafe &#8211; AIRE<\/strong><\/a><br \/>\n<a href=\"mailto:aire.portoalegre@esteri.it\">aire.portoalegre@esteri.it<\/a><\/p>\n<p><strong>Arquivo<\/strong><br \/>\n<a href=\"mailto:archivio.portoalegre@esteri.it\">archivio.portoalegre@esteri.it<\/a><\/p>\n<p><a href=\"https:\/\/consportoalegre.esteri.it\/pt\/servizi-consolari-e-visti\/servizi-per-il-cittadino-straniero\/cittadinanza\/\"><strong>Cidadania iure sanguinis<\/strong><\/a><br \/>\n<a href=\"mailto:cittadinanza.portoalegre@esteri.it\">cittadinanza.portoalegre@esteri.it\u00a0<\/a><\/p>\n<p><a href=\"https:\/\/consportoalegre.esteri.it\/pt\/servizi-consolari-e-visti\/servizi-per-il-cittadino-straniero\/naturalizacao-por-casamento\/\"><strong>Cidadania por casamento<\/strong><\/a><br \/>\n<a href=\"mailto:cittadinanza.portoalegre@esteri.it\">cittadinanza.portoalegre@esteri.it\u00a0 \u00a0<\/a><\/p>\n<p><strong>Setor Notarial<\/strong><br \/>\n<a href=\"mailto:passaporti.portoalegre@esteri.it\">urp.portoalegre@esteri.it<\/a><\/p>\n<p><a href=\"https:\/\/consportoalegre.esteri.it\/pt\/servizi-consolari-e-visti\/servizi-per-il-cittadino-italiano\/passaporti-e-carte-didentita\/\"><strong>Setor Passaportes<\/strong><\/a><br \/>\nsomente com hor\u00e1rio agendado por e-mail.<br \/>\n<a href=\"mailto:passaporti.portoalegre@esteri.it\">passaporti.portoalegre@esteri.it<\/a><\/p>\n<p><a href=\"https:\/\/consportoalegre.esteri.it\/pt\/servizi-consolari-e-visti\/servizi-per-il-cittadino-italiano\/stato-civile\/\"><strong>Setor\u00a0Registro Civil<\/strong><\/a><br \/>\n<a href=\"mailto:statocivile.portoalegre@esteri.it\">statocivile.portoalegre@esteri.it<\/a><\/p>\n<p><a href=\"https:\/\/consportoalegre.esteri.it\/pt\/servizi-consolari-e-visti\/servizi-per-il-cittadino-straniero\/visti\/\"><strong>Setor de Vistos<\/strong><\/a><br \/>\n<a href=\"mailto:visti.portoalegre@esteri.it\">visti.portoalegre@esteri.it<\/a><\/p>\n<p><a href=\"https:\/\/consportoalegre.esteri.it\/pt\/servizi-consolari-e-visti\/servizi-per-il-cittadino-italiano\/estudos\/\"><strong>Setor de Estudos<\/strong><\/a><br \/>\n<a href=\"mailto:amministrazione.portoalegre@esteri.it\">a<\/a><a href=\"mailto:mministrazione.portoalegre@esteri.it\">mministrazione.portoalegre@esteri.it<\/a><\/p>\n<p><strong>Servi\u00e7o Informa\u00e7\u00e3o ao Usu\u00e1rio<\/strong><br \/>\n<a href=\"mailto:urp.portoalegre@esteri.it\">urp.portoalegre@esteri.it<\/a><\/p>\n<p><strong>Secretaria do C\u00f4nsul-Geral<\/strong><br \/>\n<a href=\"mailto:segreteria.portoalegre@esteri.it\">segreteria.portoalegre@esteri.it<\/a><\/p>\n","protected":false},"excerpt":{"rendered":"O hor\u00e1rio de atendimento ao p\u00fablico \u00e9: Segundas, quartas e sextas das 8:30 \u00e0s 12:00 COM AGENDAMENTO Ter\u00e7as e quintas das 8:30 \u00e0s 12:00 e das 14:00 \u00e0s 15:00 COM AGENDAMENTO Com a finalidade de garantir a m\u00e1xima rapidez e efici\u00eancia nas respostas e efic\u00e1cia dos servi\u00e7os consulares, pede-se n\u00e3o solicitar informa\u00e7\u00f5es que j\u00e1 est\u00e3o [&hellip;]","protected":false},"author":3,"featured_media":0,"parent":33,"menu_order":0,"comment_status":"closed","ping_status":"closed","template":"","meta":{"footnotes":""},"class_list":["post-83","page","type-page","status-publish","hentry"],"_links":{"self":[{"href":"https:\/\/consportoalegre.esteri.it\/pt\/wp-json\/wp\/v2\/pages\/83","targetHints":{"allow":["GET"]}}],"collection":[{"href":"https:\/\/consportoalegre.esteri.it\/pt\/wp-json\/wp\/v2\/pages"}],"about":[{"href":"https:\/\/consportoalegre.esteri.it\/pt\/wp-json\/wp\/v2\/types\/page"}],"author":[{"embeddable":true,"href":"https:\/\/consportoalegre.esteri.it\/pt\/wp-json\/wp\/v2\/users\/3"}],"replies":[{"embeddable":true,"href":"https:\/\/consportoalegre.esteri.it\/pt\/wp-json\/wp\/v2\/comments?post=83"}],"version-history":[{"count":2,"href":"https:\/\/consportoalegre.esteri.it\/pt\/wp-json\/wp\/v2\/pages\/83\/revisions"}],"predecessor-version":[{"id":4701,"href":"https:\/\/consportoalegre.esteri.it\/pt\/wp-json\/wp\/v2\/pages\/83\/revisions\/4701"}],"up":[{"embeddable":true,"href":"https:\/\/consportoalegre.esteri.it\/pt\/wp-json\/wp\/v2\/pages\/33"}],"wp:attachment":[{"href":"https:\/\/consportoalegre.esteri.it\/pt\/wp-json\/wp\/v2\/media?parent=83"}],"curies":[{"name":"wp","href":"https:\/\/api.w.org\/{rel}","templated":true}]}}