{"id":82,"date":"2022-12-07T17:50:06","date_gmt":"2022-12-07T16:50:06","guid":{"rendered":"https:\/\/consportoalegre.esteri.it\/chi-siamo\/la-sede\/"},"modified":"2022-12-07T18:51:11","modified_gmt":"2022-12-07T17:51:11","slug":"la-sede","status":"publish","type":"page","link":"https:\/\/consportoalegre.esteri.it\/pt\/chi-siamo\/la-sede\/","title":{"rendered":"A Sede"},"content":{"rendered":"<p class=\"boxLevel03\">O Consulado Geral da It\u00e1lia em Porto Alegre est\u00e1 situado no Bairro\u00a0<strong>Menino Deus<\/strong>, na\u00a0<strong>Rua Jos\u00e9 de Alencar 313<\/strong>, em frente ao Hospital M\u00e3e de Deus. O acesso se d\u00e1 pelas Avenidas Borges de Medeiros, Padre Cacique e Get\u00falio Vargas.<\/p>\n<p><strong>Estacionamento<br \/>\n<\/strong>\u00c9 dispon\u00edvel um estacionamento pago sob o Viaduto Dom Pedro que atravessa a Av. Borges de Medeiros, no limiar da Rua Jos\u00e9 de Alencar, a cerca de 400m do Consulado.<br \/>\nH\u00e1 estacionamentos pagos na pr\u00f3pria Rua Jos\u00e9 de Alencar e nas via adjacentes ao Consulado.<\/p>\n<p><strong>Aeroporto<br \/>\n<\/strong>Do Aeroporto Internacional Salgado Filho, o acesso mais r\u00e1pido e seguro \u00e9 de t\u00e1xi.<br \/>\nEst\u00e1 dispon\u00edvel, ademais, uma linha de \u00f4nibus (T-5) que parte do Terminal Aeroporto e p\u00e1ra em frente ao Consulado Geral.<\/p>\n<p><strong>Transporte P\u00fablico<br \/>\n<\/strong>As linhas de \u00f4nibus indicadas abaixo passam pr\u00f3ximo do Consulado Geral partindo dos seguintes pontos:<\/p>\n<p>Do centro de Porto Alegre com partida dos seguintes pontos:<\/p>\n<p><strong>da Av. Salgado Filho e descendo no Viaduto Dom Pedro, entre a Av. Borges de Medeiros e Rua Jos\u00e9 de Alencar:<\/strong><\/p>\n<p>177 (Menino Deus)<br \/>\n149 (Icara\u00ed)<br \/>\n165 (COHAB)<br \/>\n171 (Ponta Grossa \u2013 centro\/bairro)<br \/>\n173 (Serraria \u2013 centro \/bairro)<\/p>\n<p><strong>da Rua Uruguai e descendo em frente ao Hospital M\u00e3e de Deus:<\/strong><\/p>\n<p>178 (Praia de Belas \u2013 centro\/bairro)<\/p>\n<p><strong>da Rodovi\u00e1ria de Porto Alegre e descendo na Av. Padre Cacique:<\/strong><\/p>\n<p>176 (Serraria\/Rodovi\u00e1ria \u2013 centro\/bairro)<\/p>\n<p>N\u00e3o existe Metr\u00f4 nas proximidades do Consulado Geral.<\/p>\n","protected":false},"excerpt":{"rendered":"O Consulado Geral da It\u00e1lia em Porto Alegre est\u00e1 situado no Bairro\u00a0Menino Deus, na\u00a0Rua Jos\u00e9 de Alencar 313, em frente ao Hospital M\u00e3e de Deus. O acesso se d\u00e1 pelas Avenidas Borges de Medeiros, Padre Cacique e Get\u00falio Vargas. Estacionamento \u00c9 dispon\u00edvel um estacionamento pago sob o Viaduto Dom Pedro que atravessa a Av. Borges [&hellip;]","protected":false},"author":3,"featured_media":0,"parent":33,"menu_order":0,"comment_status":"closed","ping_status":"closed","template":"","meta":{"footnotes":""},"class_list":["post-82","page","type-page","status-publish","hentry"],"_links":{"self":[{"href":"https:\/\/consportoalegre.esteri.it\/pt\/wp-json\/wp\/v2\/pages\/82","targetHints":{"allow":["GET"]}}],"collection":[{"href":"https:\/\/consportoalegre.esteri.it\/pt\/wp-json\/wp\/v2\/pages"}],"about":[{"href":"https:\/\/consportoalegre.esteri.it\/pt\/wp-json\/wp\/v2\/types\/page"}],"author":[{"embeddable":true,"href":"https:\/\/consportoalegre.esteri.it\/pt\/wp-json\/wp\/v2\/users\/3"}],"replies":[{"embeddable":true,"href":"https:\/\/consportoalegre.esteri.it\/pt\/wp-json\/wp\/v2\/comments?post=82"}],"version-history":[{"count":0,"href":"https:\/\/consportoalegre.esteri.it\/pt\/wp-json\/wp\/v2\/pages\/82\/revisions"}],"up":[{"embeddable":true,"href":"https:\/\/consportoalegre.esteri.it\/pt\/wp-json\/wp\/v2\/pages\/33"}],"wp:attachment":[{"href":"https:\/\/consportoalegre.esteri.it\/pt\/wp-json\/wp\/v2\/media?parent=82"}],"curies":[{"name":"wp","href":"https:\/\/api.w.org\/{rel}","templated":true}]}}