{"id":583,"date":"2023-06-08T19:51:59","date_gmt":"2023-06-08T17:51:59","guid":{"rendered":"https:\/\/consportoalegre.esteri.it\/?page_id=583"},"modified":"2023-06-08T19:54:31","modified_gmt":"2023-06-08T17:54:31","slug":"sucessoes","status":"publish","type":"page","link":"https:\/\/consportoalegre.esteri.it\/pt\/servizi-consolari-e-visti\/servizi-per-il-cittadino-italiano\/altri-servizi\/sucessoes\/","title":{"rendered":"Sucess\u00f5es"},"content":{"rendered":"<p>\u00c9 uma das tradicionais fun\u00e7\u00f5es consulares aquela de providenciar a tutela da heran\u00e7a e, em geral, dos interesses suscess\u00f3rios de pessoas de cidadania italiana falecidas no exterior, ou cujo falecimento (mesmo n\u00e3o se tratando de italianos) tenha a ver de alguma forma com um cidad\u00e3o italiano.<\/p>\n<p>As atribui\u00e7\u00f5es consulares relativas \u00e0 sucess\u00e3o derivam principalmente do\u00a0<a href=\"https:\/\/consportoalegre.esteri.it\/resource\/2012\/07\/12782_f_cons97Dlgs712011Nuovodecretofunzioniconsolari.doc\">art. 46 del D.Lgs. 71\/2011<\/a>\u00a0e dizem respeito fundalmentalmente:<br \/>\nA. a informa\u00e7\u00e3o da abertura de sucess\u00f5es.<br \/>\nB. o envio \u00e0s competentes Autoridades nacionais das declara\u00e7\u00f5es de aceita\u00e7\u00e3o\u00a0 ou ren\u00fancia \u00e0 heran\u00e7a.<br \/>\nC. o estabelecimento de medidas de cust\u00f3dia dos bens heredit\u00e1rios (a pedido de um Tribunal italiano).<\/p>\n<p><strong>REFER\u00caNCIAS NORMATIVAS<\/strong><\/p>\n<p><a title=\"Suce\u00e7\u00f5es - Site Web do Minist\u00e9rio das Rela\u00e7\u00f5es Exteriores (Farnesina)\" href=\"https:\/\/www.esteri.it\/it\/servizi-consolari-e-visti\/italiani-all-estero\/successioni_0\/\">Suce\u00e7\u00f5es &#8211; Site Web do Minist\u00e9rio das Rela\u00e7\u00f5es Exteriores (Farnesina)<\/a><\/p>\n","protected":false},"excerpt":{"rendered":"\u00c9 uma das tradicionais fun\u00e7\u00f5es consulares aquela de providenciar a tutela da heran\u00e7a e, em geral, dos interesses suscess\u00f3rios de pessoas de cidadania italiana falecidas no exterior, ou cujo falecimento (mesmo n\u00e3o se tratando de italianos) tenha a ver de alguma forma com um cidad\u00e3o italiano. As atribui\u00e7\u00f5es consulares relativas \u00e0 sucess\u00e3o derivam principalmente do\u00a0art. [&hellip;]","protected":false},"author":7,"featured_media":0,"parent":188,"menu_order":0,"comment_status":"closed","ping_status":"closed","template":"","meta":{"footnotes":""},"class_list":["post-583","page","type-page","status-publish","hentry"],"_links":{"self":[{"href":"https:\/\/consportoalegre.esteri.it\/pt\/wp-json\/wp\/v2\/pages\/583","targetHints":{"allow":["GET"]}}],"collection":[{"href":"https:\/\/consportoalegre.esteri.it\/pt\/wp-json\/wp\/v2\/pages"}],"about":[{"href":"https:\/\/consportoalegre.esteri.it\/pt\/wp-json\/wp\/v2\/types\/page"}],"author":[{"embeddable":true,"href":"https:\/\/consportoalegre.esteri.it\/pt\/wp-json\/wp\/v2\/users\/7"}],"replies":[{"embeddable":true,"href":"https:\/\/consportoalegre.esteri.it\/pt\/wp-json\/wp\/v2\/comments?post=583"}],"version-history":[{"count":0,"href":"https:\/\/consportoalegre.esteri.it\/pt\/wp-json\/wp\/v2\/pages\/583\/revisions"}],"up":[{"embeddable":true,"href":"https:\/\/consportoalegre.esteri.it\/pt\/wp-json\/wp\/v2\/pages\/188"}],"wp:attachment":[{"href":"https:\/\/consportoalegre.esteri.it\/pt\/wp-json\/wp\/v2\/media?parent=583"}],"curies":[{"name":"wp","href":"https:\/\/api.w.org\/{rel}","templated":true}]}}