{"id":574,"date":"2023-06-08T19:25:13","date_gmt":"2023-06-08T17:25:13","guid":{"rendered":"https:\/\/consportoalegre.esteri.it\/?page_id=574"},"modified":"2023-06-08T19:25:46","modified_gmt":"2023-06-08T17:25:46","slug":"notificacoes-no-exterior","status":"publish","type":"page","link":"https:\/\/consportoalegre.esteri.it\/pt\/servizi-consolari-e-visti\/servizi-per-il-cittadino-italiano\/altri-servizi\/adocoes-internacionais\/notificacoes-no-exterior\/","title":{"rendered":"Notifica\u00e7\u00f5es no Exterior"},"content":{"rendered":"<p>A atividade de notifica\u00e7\u00e3o \u00e9 uma fase fundamental dos processos civis, penais, tribut\u00e1rios, administrativos, falimentares e trabalhistas, assim como de algumas fases pr\u00e9-processuais ou administrativas, que d\u00e1 conhecimento legal de um provedimento mediante a entrega de uma certid\u00e3o, judici\u00e1ria ou extrajudici\u00e1ria, por parte de um sujeito notificador, segundo espec\u00edficas modalidades.<br \/>\nNos termos do art. 37 do D.L. 71\/ 2011 o Setor consular providencia a notifica\u00e7\u00e3o das certid\u00f5es a ele enviadas, conforme disposi\u00e7\u00f5es de coopera\u00e7\u00e3o judici\u00e1ria da UE, das conven\u00e7\u00f5es internacionais sobre o assunto e as leis do Estado de resid\u00eancia.<\/p>\n<p><strong>REFER\u00caNCIAS NORMATIVAS<\/strong><\/p>\n<p><a title=\"\" href=\"https:\/\/consportoalegre.esteri.it\/resource\/2013\/03\/17334_f_cons97TrattatoBrasileItalianotifiche.pdf\">Tratado Brasil-It\u00e1lia 17\/10\/1989<\/a><\/p>\n<p><a title=\"Notifiche all'estero - Sito Web del Ministero degli Affari Esteri (Farnesina)\" href=\"http:\/\/www.esteri.it\/MAE\/IT\/Italiani_nel_Mondo\/ServiziConsolari\/Notifiche_estero.htm\">Notifiche all&#8217;estero &#8211; Site Web do Minist\u00e9rio das Rela\u00e7\u00f5es Exteriores (Farnesina)<\/a><\/p>\n","protected":false},"excerpt":{"rendered":"A atividade de notifica\u00e7\u00e3o \u00e9 uma fase fundamental dos processos civis, penais, tribut\u00e1rios, administrativos, falimentares e trabalhistas, assim como de algumas fases pr\u00e9-processuais ou administrativas, que d\u00e1 conhecimento legal de um provedimento mediante a entrega de uma certid\u00e3o, judici\u00e1ria ou extrajudici\u00e1ria, por parte de um sujeito notificador, segundo espec\u00edficas modalidades. Nos termos do art. 37 [&hellip;]","protected":false},"author":7,"featured_media":0,"parent":488,"menu_order":0,"comment_status":"closed","ping_status":"closed","template":"","meta":{"footnotes":""},"class_list":["post-574","page","type-page","status-publish","hentry"],"_links":{"self":[{"href":"https:\/\/consportoalegre.esteri.it\/pt\/wp-json\/wp\/v2\/pages\/574","targetHints":{"allow":["GET"]}}],"collection":[{"href":"https:\/\/consportoalegre.esteri.it\/pt\/wp-json\/wp\/v2\/pages"}],"about":[{"href":"https:\/\/consportoalegre.esteri.it\/pt\/wp-json\/wp\/v2\/types\/page"}],"author":[{"embeddable":true,"href":"https:\/\/consportoalegre.esteri.it\/pt\/wp-json\/wp\/v2\/users\/7"}],"replies":[{"embeddable":true,"href":"https:\/\/consportoalegre.esteri.it\/pt\/wp-json\/wp\/v2\/comments?post=574"}],"version-history":[{"count":0,"href":"https:\/\/consportoalegre.esteri.it\/pt\/wp-json\/wp\/v2\/pages\/574\/revisions"}],"up":[{"embeddable":true,"href":"https:\/\/consportoalegre.esteri.it\/pt\/wp-json\/wp\/v2\/pages\/488"}],"wp:attachment":[{"href":"https:\/\/consportoalegre.esteri.it\/pt\/wp-json\/wp\/v2\/media?parent=574"}],"curies":[{"name":"wp","href":"https:\/\/api.w.org\/{rel}","templated":true}]}}