{"id":536,"date":"2023-06-08T17:18:27","date_gmt":"2023-06-08T15:18:27","guid":{"rendered":"https:\/\/consportoalegre.esteri.it\/?page_id=536"},"modified":"2023-06-08T17:21:02","modified_gmt":"2023-06-08T15:21:02","slug":"regioes","status":"publish","type":"page","link":"https:\/\/consportoalegre.esteri.it\/pt\/italia-e-brasile\/diplomazia-economica\/fare-affari-in-brasile\/regioes\/","title":{"rendered":"Regi\u00f5es"},"content":{"rendered":"<p><a href=\"http:\/\/www.regioni.it\/\">Confer\u00eancia das Regi\u00f5es e das Prv\u00edncias Aut\u00f4nomas<\/a><\/p>\n","protected":false},"excerpt":{"rendered":"Confer\u00eancia das Regi\u00f5es e das Prv\u00edncias Aut\u00f4nomas","protected":false},"author":7,"featured_media":0,"parent":136,"menu_order":0,"comment_status":"closed","ping_status":"closed","template":"","meta":{"footnotes":""},"class_list":["post-536","page","type-page","status-publish","hentry"],"_links":{"self":[{"href":"https:\/\/consportoalegre.esteri.it\/pt\/wp-json\/wp\/v2\/pages\/536","targetHints":{"allow":["GET"]}}],"collection":[{"href":"https:\/\/consportoalegre.esteri.it\/pt\/wp-json\/wp\/v2\/pages"}],"about":[{"href":"https:\/\/consportoalegre.esteri.it\/pt\/wp-json\/wp\/v2\/types\/page"}],"author":[{"embeddable":true,"href":"https:\/\/consportoalegre.esteri.it\/pt\/wp-json\/wp\/v2\/users\/7"}],"replies":[{"embeddable":true,"href":"https:\/\/consportoalegre.esteri.it\/pt\/wp-json\/wp\/v2\/comments?post=536"}],"version-history":[{"count":0,"href":"https:\/\/consportoalegre.esteri.it\/pt\/wp-json\/wp\/v2\/pages\/536\/revisions"}],"up":[{"embeddable":true,"href":"https:\/\/consportoalegre.esteri.it\/pt\/wp-json\/wp\/v2\/pages\/136"}],"wp:attachment":[{"href":"https:\/\/consportoalegre.esteri.it\/pt\/wp-json\/wp\/v2\/media?parent=536"}],"curies":[{"name":"wp","href":"https:\/\/api.w.org\/{rel}","templated":true}]}}