{"id":529,"date":"2023-06-08T17:15:02","date_gmt":"2023-06-08T15:15:02","guid":{"rendered":"https:\/\/consportoalegre.esteri.it\/?page_id=529"},"modified":"2023-06-08T17:16:44","modified_gmt":"2023-06-08T15:16:44","slug":"camara-de-comercio-mista","status":"publish","type":"page","link":"https:\/\/consportoalegre.esteri.it\/pt\/italia-e-brasile\/diplomazia-economica\/fare-affari-in-brasile\/camara-de-comercio-mista\/","title":{"rendered":"C\u00e2mara de Com\u00e9rcio Mista"},"content":{"rendered":"<p><a title=\"Vai al sito della Camera di Commercio Italiana\" href=\"http:\/\/www.ccirs.com.br\/\">Camera di Commercio Italiana do Rio Grande do Sul &#8211; Brasile<\/a><\/p>\n<p>Dati economici, statistici ed entit\u00e0 di fomento allo sviluppo<\/p>\n<ul>\n<li><a title=\"Vai al sito web del SICE\" href=\"http:\/\/www.sice.oas.org\/\">SICE \u2013 Sistema de Informa\u00e7\u00e3o sobre Com\u00e9rcio Exterior<\/a><\/li>\n<li><a title=\"Vai al sito web del IBGE\" href=\"http:\/\/www.ibge.gov.br\/\">IBGE \u2013 Instituto Brasileiro de Geografia e Estat\u00edstica<\/a><\/li>\n<li><a title=\"Vai al sito web della Fundacao de economia\" href=\"http:\/\/www.fee.rs.gov.br\/\">Funda\u00e7\u00e3o de Economia e Estat\u00edstica<\/a><\/li>\n<li><a title=\"Vai al sito web del SEBRAE\" href=\"http:\/\/www.sebrae.com.br\/\">SEBRAE \u2013 Servi\u00e7o de Apoio \u00e0s Micro e Pequenas Empresas do Brasil<\/a><\/li>\n<\/ul>\n<p>Associazioni di Categoria, Federazioni, Sindacati<\/p>\n<ul>\n<li><a title=\"Vai al sito web del FIERGS\" href=\"http:\/\/www.fiergs.org.br\/\">FIERGS \u2013 Federa\u00e7\u00e3o das Ind\u00fastrias do Estado do Rio Grande do Sul<\/a><\/li>\n<li><a title=\"Vai al sito web di FECOMERCIO\" href=\"http:\/\/www.fecomercio-rs.org.br\/\">FECOM\u00c9RCIO \u2013 Federa\u00e7\u00e3o do Com\u00e9rcio de Bens e Servi\u00e7os do Estado do RS<\/a><\/li>\n<li><a title=\"Vai al sito web di FEDERASUL\" href=\"http:\/\/www.federasul.com.br\/\">FEDERASUL \u2013 Federa\u00e7\u00e3o das Associa\u00e7\u00f5es Comerciais e de Servi\u00e7os do RS<\/a><\/li>\n<li><a title=\"Vai al sito web di SINDUSCON\" href=\"http:\/\/www.sinduscon-rs.com.br\/\">SINDUSCON &#8211; Sindicato da Ind\u00fastria da Constru\u00e7\u00e3o Civil \u2013 RS<\/a><\/li>\n<li><a title=\"Vai al sito web della Camara de Comercio\" href=\"http:\/\/www.camaradecomercio.com.br\/\">C\u00e2mara de Com\u00e9rcio da Cidade de Rio Grande<\/a><\/li>\n<li><a title=\"Vai al sito web della FAMURS\" href=\"http:\/\/www.famurs.com.br\/\">FAMURS \u2013 Federa\u00e7\u00e3o das Associa\u00e7\u00f5es de Munic\u00edpios do RS<\/a><\/li>\n<\/ul>\n<p>C\u00e2mara Italo-Brasileira de Com\u00e9rcio e Ind\u00fastria do Paran\u00e1<br \/>\nTravessa Oliveira Belo, 67 &#8211; sala 701<br \/>\n80020-030 &#8211; Curitiba &#8211; Paran\u00e1<br \/>\nTel: (41) 232-8331 Fax: (41) 544-2027<br \/>\ne-mail:\u00a0<a href=\"mailto:italocam@terra.com.br\">italocam@terra.com.br<\/a><\/p>\n<p>C\u00e2mara Italo-Brasileira de Com\u00e9rcio e Ind\u00fastria de S\u00e3o Paulo<br \/>\nAv. S\u00e3o Luiz, 50 &#8211; Cj. 32D<br \/>\n01085-900 S\u00e3o Paulo (SP)<br \/>\nTel. (11) 259.7238 Fax (11) 259.3983<br \/>\ne-mail:\u00a0<a href=\"mailto:italcam@italcam.com.br\">italcam@italcam.com.br<\/a><\/p>\n<p>C\u00e2mara Italo-Brasileira de Com\u00e9rcio e Ind\u00fastria do Rio de Janeiro<br \/>\nAv. Gra\u00e7a Aranha, 1 &#8211; 6\u00ba Andar<br \/>\n20030-002 Rio de Janeiro (RJ)<br \/>\nTel. (21) 563.4100 Fax (21) 240.3896<br \/>\ne-mail:\u00a0<a href=\"mailto:ccibrj@netfly.com.br\">ccibrj@netfly.com.br<\/a><\/p>\n<p><a title=\"Vai al sito web della Camara de Comercio Italiana\" href=\"http:\/\/www.ccirs.com.br\/\">C\u00e2mara de Com\u00e9rcio Italiana do Rio Grande do Sul &#8211; Brasil<\/a><br \/>\nAv. Crist\u00f3v\u00e3o Colombo, 2240 \/ conj. 801 &#8211; Cep: 90560-002<br \/>\nPorto Alegre &#8211; RS &#8211; Brasil<br \/>\nTel: 00 55 51 3337 4575 &#8211; Fax: 00 55 51 3337 6638<\/p>\n<p><a title=\"Vai al sito web della Camara Italo Brasileira\" href=\"http:\/\/www.italiabrasil.com.br\/\">C\u00e2mara Italo-Brasileira de Com\u00e9rcio e Ind\u00fastria de Minas Gerais<\/a><br \/>\nAv. Afonso Pena, 3130 \u2013 3\u00ba andar &#8211; Cruzeiro<br \/>\n30130-009 Belo Horizonte (MG)<br \/>\nTel. (31) 3287.2212 \/ 2211 \/ 5191 Fax. (31) 3287.2211 \/ 5191<br \/>\ne-mail:\u00a0<a href=\"mailto:info@italiabrasil.com.br\">info@italiabrasil.com.br<\/a><\/p>\n<p>C\u00e2mara Italo-Brasileira de Com\u00e9rcio e Ind\u00fastria de Pernambuco<br \/>\nR. Marques Amorim, 46<br \/>\n50070-330 Recife (PE)<br \/>\nTel. (81) 221.4112 Fax. (81) 221.4112<\/p>\n","protected":false},"excerpt":{"rendered":"Camera di Commercio Italiana do Rio Grande do Sul &#8211; Brasile Dati economici, statistici ed entit\u00e0 di fomento allo sviluppo SICE \u2013 Sistema de Informa\u00e7\u00e3o sobre Com\u00e9rcio Exterior IBGE \u2013 Instituto Brasileiro de Geografia e Estat\u00edstica Funda\u00e7\u00e3o de Economia e Estat\u00edstica SEBRAE \u2013 Servi\u00e7o de Apoio \u00e0s Micro e Pequenas Empresas do Brasil Associazioni di [&hellip;]","protected":false},"author":7,"featured_media":0,"parent":136,"menu_order":0,"comment_status":"closed","ping_status":"closed","template":"","meta":{"footnotes":""},"class_list":["post-529","page","type-page","status-publish","hentry"],"_links":{"self":[{"href":"https:\/\/consportoalegre.esteri.it\/pt\/wp-json\/wp\/v2\/pages\/529","targetHints":{"allow":["GET"]}}],"collection":[{"href":"https:\/\/consportoalegre.esteri.it\/pt\/wp-json\/wp\/v2\/pages"}],"about":[{"href":"https:\/\/consportoalegre.esteri.it\/pt\/wp-json\/wp\/v2\/types\/page"}],"author":[{"embeddable":true,"href":"https:\/\/consportoalegre.esteri.it\/pt\/wp-json\/wp\/v2\/users\/7"}],"replies":[{"embeddable":true,"href":"https:\/\/consportoalegre.esteri.it\/pt\/wp-json\/wp\/v2\/comments?post=529"}],"version-history":[{"count":0,"href":"https:\/\/consportoalegre.esteri.it\/pt\/wp-json\/wp\/v2\/pages\/529\/revisions"}],"up":[{"embeddable":true,"href":"https:\/\/consportoalegre.esteri.it\/pt\/wp-json\/wp\/v2\/pages\/136"}],"wp:attachment":[{"href":"https:\/\/consportoalegre.esteri.it\/pt\/wp-json\/wp\/v2\/media?parent=529"}],"curies":[{"name":"wp","href":"https:\/\/api.w.org\/{rel}","templated":true}]}}