{"id":516,"date":"2023-06-08T17:08:18","date_gmt":"2023-06-08T15:08:18","guid":{"rendered":"https:\/\/consportoalegre.esteri.it\/?page_id=516"},"modified":"2023-06-08T17:09:14","modified_gmt":"2023-06-08T15:09:14","slug":"enit-locale","status":"publish","type":"page","link":"https:\/\/consportoalegre.esteri.it\/pt\/italia-e-brasile\/diplomazia-economica\/fare-affari-in-brasile\/enit-locale\/","title":{"rendered":"ENIT local"},"content":{"rendered":"<p><a title=\"ENIT- C\/O CAMERA DI COMMERCIO ITALO BRASILIANA S\u00c3O PAULO \" href=\"https:\/\/www.enit.it\/it\/san-paolo\">ENIT- C\/O CAMERA DI COMMERCIO ITALO BRASILIANA S\u00c3O PAULO<\/a><\/p>\n<p>C\u00e2mara Italo-Brasileira de com\u00e9rcio e Ind\u00fastria<br \/>\nRespons\u00e1vel: Fernanda MORICI<br \/>\nReferente: Giuseppe D&#8217;ANNA<br \/>\nAv. Paulista, 2073 &#8211; Ed. Horsa II &#8211; 24\u00b0 andar<br \/>\n01311-940 &#8211; S\u00e3o Paulo &#8211; SP &#8211; Brasil<br \/>\nTel.: 0055.011.3179.0146<br \/>\nFax: 0055.011.3179.0131<br \/>\nE-Mail:<a href=\"mailto:saopaulo1@enit.it\"> saopaulo1@enit.it<\/a><\/p>\n","protected":false},"excerpt":{"rendered":"ENIT- C\/O CAMERA DI COMMERCIO ITALO BRASILIANA S\u00c3O PAULO C\u00e2mara Italo-Brasileira de com\u00e9rcio e Ind\u00fastria Respons\u00e1vel: Fernanda MORICI Referente: Giuseppe D&#8217;ANNA Av. Paulista, 2073 &#8211; Ed. Horsa II &#8211; 24\u00b0 andar 01311-940 &#8211; S\u00e3o Paulo &#8211; SP &#8211; Brasil Tel.: 0055.011.3179.0146 Fax: 0055.011.3179.0131 E-Mail: saopaulo1@enit.it","protected":false},"author":7,"featured_media":0,"parent":136,"menu_order":0,"comment_status":"closed","ping_status":"closed","template":"","meta":{"footnotes":""},"class_list":["post-516","page","type-page","status-publish","hentry"],"_links":{"self":[{"href":"https:\/\/consportoalegre.esteri.it\/pt\/wp-json\/wp\/v2\/pages\/516","targetHints":{"allow":["GET"]}}],"collection":[{"href":"https:\/\/consportoalegre.esteri.it\/pt\/wp-json\/wp\/v2\/pages"}],"about":[{"href":"https:\/\/consportoalegre.esteri.it\/pt\/wp-json\/wp\/v2\/types\/page"}],"author":[{"embeddable":true,"href":"https:\/\/consportoalegre.esteri.it\/pt\/wp-json\/wp\/v2\/users\/7"}],"replies":[{"embeddable":true,"href":"https:\/\/consportoalegre.esteri.it\/pt\/wp-json\/wp\/v2\/comments?post=516"}],"version-history":[{"count":0,"href":"https:\/\/consportoalegre.esteri.it\/pt\/wp-json\/wp\/v2\/pages\/516\/revisions"}],"up":[{"embeddable":true,"href":"https:\/\/consportoalegre.esteri.it\/pt\/wp-json\/wp\/v2\/pages\/136"}],"wp:attachment":[{"href":"https:\/\/consportoalegre.esteri.it\/pt\/wp-json\/wp\/v2\/media?parent=516"}],"curies":[{"name":"wp","href":"https:\/\/api.w.org\/{rel}","templated":true}]}}