{"id":498,"date":"2023-06-08T16:03:40","date_gmt":"2023-06-08T14:03:40","guid":{"rendered":"https:\/\/consportoalegre.esteri.it\/?page_id=498"},"modified":"2023-06-08T16:11:27","modified_gmt":"2023-06-08T14:11:27","slug":"autocertificacao","status":"publish","type":"page","link":"https:\/\/consportoalegre.esteri.it\/pt\/servizi-consolari-e-visti\/servizi-per-il-cittadino-italiano\/altri-servizi\/autocertificacao\/","title":{"rendered":"Autocertifica\u00e7\u00e3o"},"content":{"rendered":"<p><strong>O QUE \u00c9 A AUTOCERTIFICA\u00c7\u00c3O<\/strong><\/p>\n<p>\u00c9 uma declara\u00e7\u00e3o que o interessado redige e assina em seu benef\u00edcio sobre estados, fatos e qualidades pessoais e que utiliza nas rela\u00e7\u00f5es com a Administra\u00e7\u00e3o P\u00fablica e com os gestores de servi\u00e7os p\u00fablicos. Na rela\u00e7\u00e3o com um particular o recurso da autocertifica\u00e7\u00e3o fica a crit\u00e9rio deste \u00faltimo.<\/p>\n<p><strong>QUEM PODE FAZ\u00ca-LA<\/strong><\/p>\n<p>Podem fazer a autocertifica\u00e7\u00e3o os cidad\u00e3os italianos e da Uni\u00e3o Europ\u00e9ia, assim como os cidad\u00e3os estrangeiros com estada regular na It\u00e1lia, exclusivamente com rela\u00e7\u00e3o a dados que sejam verific\u00e1veis ou certific\u00e1veis na It\u00e1lia pelos funcion\u00e1rios p\u00fablicos.<\/p>\n<p><strong>O QUE MUDOU DESDE 1\u00ba DE JANEIRO DE 2012<\/strong><\/p>\n<p>Em 1\u00ba de janeiro de 2012 entraram em vigor as novas disposi\u00e7\u00f5es em mat\u00e9ria de Certificados e de declara\u00e7\u00f5es substitutivas, conforme o art. 15 da lei 183\/2011, que modificou o art. 40 do D.P.R. 445\/2000.<\/p>\n<p>Desde 1\u00ba de janeiro de 2012 as certifica\u00e7\u00f5es expedidas pela Administra\u00e7\u00e3o P\u00fablica com rela\u00e7\u00e3o a estados, fatos e qualidades pessoais s\u00e3o v\u00e1lidas e utiliz\u00e1veis somente nas rela\u00e7\u00f5es entre particulares. \u00c9 aposto sobre as certifica\u00e7\u00f5es produzidas para particulares, com pena de anula\u00e7\u00e3o em caso de aus\u00eancia, os dizeres:\u201d A presente declara\u00e7\u00e3o n\u00e3o pode ser feita aos org\u00e3os da administra\u00e7\u00e3o p\u00fablica ou aos gestores particulares de servi\u00e7os p\u00fablicos\u201d.<\/p>\n<p>Nas rela\u00e7\u00f5es com os \u00f3rg\u00e3os da Administra\u00e7\u00e3o P\u00fablica e os gestores de servi\u00e7os p\u00fablicos as certifica\u00e7\u00f5es e os documentos notariais s\u00e3o sempre substitu\u00eddos por declara\u00e7\u00f5es substitutivas de certifica\u00e7\u00f5es ou de declara\u00e7\u00f5es substitutivas de ato notarial (autocertifica\u00e7\u00e3o) conforme os artigos 46 e 47 do D.P.R. 445\/2000.<\/p>\n<p>As declara\u00e7\u00f5es substitutivas de que tratam os art. 46 e 47 do D.P.R. 445\/2000 podem ser assinadas em presen\u00e7a\u00a0 do funcion\u00e1rio delegado ou mesmo podem ser apresentadas\u00a0 ou enviadas j\u00e1 assinadas sempre que a esse seja anexada uma fotoc\u00f3pia\u00a0 n\u00e3o autenticada de um documento de identidade de quem assina.<\/p>\n<p>Caso as administra\u00e7\u00f5es tenham d\u00favida quanto \u00e0 autenticidade das autocertifica\u00e7\u00f5es, devem fazer as verifica\u00e7\u00f5es necess\u00e1rias.<\/p>\n<p>No caso em que venham a ser encontradas declara\u00e7\u00f5es n\u00e3o ver\u00eddicas, a<strong>\u00a0falsidade nos documentos e o uso de documentos falsos s\u00e3o punidos nos termos do c\u00f3digo penal e das leis espec\u00edficas da mat\u00e9ria (art. 76 do D.P.R. 445\/2000).<\/strong><\/p>\n<p>O declarante, ainda, perde os benef\u00edcios eventualmente obtidos gra\u00e7as a processos baseados em declara\u00e7\u00f5es falsas.<\/p>\n","protected":false},"excerpt":{"rendered":"O QUE \u00c9 A AUTOCERTIFICA\u00c7\u00c3O \u00c9 uma declara\u00e7\u00e3o que o interessado redige e assina em seu benef\u00edcio sobre estados, fatos e qualidades pessoais e que utiliza nas rela\u00e7\u00f5es com a Administra\u00e7\u00e3o P\u00fablica e com os gestores de servi\u00e7os p\u00fablicos. Na rela\u00e7\u00e3o com um particular o recurso da autocertifica\u00e7\u00e3o fica a crit\u00e9rio deste \u00faltimo. QUEM PODE [&hellip;]","protected":false},"author":7,"featured_media":0,"parent":188,"menu_order":0,"comment_status":"closed","ping_status":"closed","template":"","meta":{"footnotes":""},"class_list":["post-498","page","type-page","status-publish","hentry"],"_links":{"self":[{"href":"https:\/\/consportoalegre.esteri.it\/pt\/wp-json\/wp\/v2\/pages\/498","targetHints":{"allow":["GET"]}}],"collection":[{"href":"https:\/\/consportoalegre.esteri.it\/pt\/wp-json\/wp\/v2\/pages"}],"about":[{"href":"https:\/\/consportoalegre.esteri.it\/pt\/wp-json\/wp\/v2\/types\/page"}],"author":[{"embeddable":true,"href":"https:\/\/consportoalegre.esteri.it\/pt\/wp-json\/wp\/v2\/users\/7"}],"replies":[{"embeddable":true,"href":"https:\/\/consportoalegre.esteri.it\/pt\/wp-json\/wp\/v2\/comments?post=498"}],"version-history":[{"count":0,"href":"https:\/\/consportoalegre.esteri.it\/pt\/wp-json\/wp\/v2\/pages\/498\/revisions"}],"up":[{"embeddable":true,"href":"https:\/\/consportoalegre.esteri.it\/pt\/wp-json\/wp\/v2\/pages\/188"}],"wp:attachment":[{"href":"https:\/\/consportoalegre.esteri.it\/pt\/wp-json\/wp\/v2\/media?parent=498"}],"curies":[{"name":"wp","href":"https:\/\/api.w.org\/{rel}","templated":true}]}}