{"id":4930,"date":"2025-07-03T22:12:00","date_gmt":"2025-07-03T20:12:00","guid":{"rendered":"https:\/\/consportoalegre.esteri.it\/?page_id=4930"},"modified":"2025-07-03T22:12:00","modified_gmt":"2025-07-03T20:12:00","slug":"obito","status":"publish","type":"page","link":"https:\/\/consportoalegre.esteri.it\/pt\/servizi-consolari-e-visti\/servizi-per-il-cittadino-italiano\/stato-civile\/obito\/","title":{"rendered":"\u00d3bito"},"content":{"rendered":"<p><span style=\"text-decoration: underline;\"><strong>\u00d3BITO<\/strong><\/span><\/p>\n<p><strong>REGISTRAR \u00d3BITO:<\/strong><\/p>\n<p>Para registrar o \u00f3bito que aconteceu no Brasil de um cidad\u00e3o italiano inscrito neste Consulado-Geral, \u00e9 necess\u00e1rio enviar:<\/p>\n<p>\u2013<a href=\"https:\/\/consportoalegre.esteri.it\/consolato_portoalegre\/resource\/resource\/2022\/02\/envio_de_certido.pdf\">\u00a0<\/a><a class=\"focus--mouse\" href=\"https:\/\/consportoalegre.esteri.it\/wp-content\/uploads\/2023\/05\/envio_de_certidao.pdf\" data-focus-mouse=\"true\">Requerimento \u00a0<\/a>preenchido e assinado;<\/p>\n<p>\u2013\u00a0Uma segunda via original atualizada da certid\u00e3o de \u00f3bito, no formato simples e apostilada, acompanhada de tradu\u00e7\u00e3o juramentada em l\u00edngua italiana, que deve tamb\u00e9m ser apostilada.<\/p>\n","protected":false},"excerpt":{"rendered":"\u00d3BITO REGISTRAR \u00d3BITO: Para registrar o \u00f3bito que aconteceu no Brasil de um cidad\u00e3o italiano inscrito neste Consulado-Geral, \u00e9 necess\u00e1rio enviar: \u2013\u00a0Requerimento \u00a0preenchido e assinado; \u2013\u00a0Uma segunda via original atualizada da certid\u00e3o de \u00f3bito, no formato simples e apostilada, acompanhada de tradu\u00e7\u00e3o juramentada em l\u00edngua italiana, que deve tamb\u00e9m ser apostilada.","protected":false},"author":6,"featured_media":0,"parent":184,"menu_order":4,"comment_status":"closed","ping_status":"closed","template":"","meta":{"footnotes":""},"class_list":["post-4930","page","type-page","status-publish","hentry"],"_links":{"self":[{"href":"https:\/\/consportoalegre.esteri.it\/pt\/wp-json\/wp\/v2\/pages\/4930","targetHints":{"allow":["GET"]}}],"collection":[{"href":"https:\/\/consportoalegre.esteri.it\/pt\/wp-json\/wp\/v2\/pages"}],"about":[{"href":"https:\/\/consportoalegre.esteri.it\/pt\/wp-json\/wp\/v2\/types\/page"}],"author":[{"embeddable":true,"href":"https:\/\/consportoalegre.esteri.it\/pt\/wp-json\/wp\/v2\/users\/6"}],"replies":[{"embeddable":true,"href":"https:\/\/consportoalegre.esteri.it\/pt\/wp-json\/wp\/v2\/comments?post=4930"}],"version-history":[{"count":1,"href":"https:\/\/consportoalegre.esteri.it\/pt\/wp-json\/wp\/v2\/pages\/4930\/revisions"}],"predecessor-version":[{"id":4931,"href":"https:\/\/consportoalegre.esteri.it\/pt\/wp-json\/wp\/v2\/pages\/4930\/revisions\/4931"}],"up":[{"embeddable":true,"href":"https:\/\/consportoalegre.esteri.it\/pt\/wp-json\/wp\/v2\/pages\/184"}],"wp:attachment":[{"href":"https:\/\/consportoalegre.esteri.it\/pt\/wp-json\/wp\/v2\/media?parent=4930"}],"curies":[{"name":"wp","href":"https:\/\/api.w.org\/{rel}","templated":true}]}}