{"id":4918,"date":"2025-07-03T22:10:24","date_gmt":"2025-07-03T20:10:24","guid":{"rendered":"https:\/\/consportoalegre.esteri.it\/?page_id=4918"},"modified":"2025-07-03T22:10:24","modified_gmt":"2025-07-03T20:10:24","slug":"divorcio","status":"publish","type":"page","link":"https:\/\/consportoalegre.esteri.it\/pt\/servizi-consolari-e-visti\/servizi-per-il-cittadino-italiano\/stato-civile\/divorcio\/","title":{"rendered":"Div\u00f3rcio"},"content":{"rendered":"<p><span style=\"text-decoration: underline;\"><strong>DIV\u00d3RCIO<\/strong><\/span><\/p>\n<p><strong>RECONHECIMENTO DE SENTEN\u00c7A\/ESCRITURA P\u00daBLICA ESTRANGEIRAS DE DIV\u00d3RCIO:<\/strong><\/p>\n<p>As senten\u00e7as\/escrtitura p\u00fablicas\u00a0de div\u00f3rcio expedidas no exterior n\u00e3o s\u00e3o automaticamente v\u00e1lidas na It\u00e1lia. Para que seja poss\u00edvel registrar na It\u00e1lia uma senten\u00e7a\/escritura p\u00fablica\u00a0de div\u00f3rcio expedida no Brasil ser\u00e1 necess\u00e1rio:<\/p>\n<p><strong>A)<\/strong>\u00a0<strong>Em caso\u00a0de\u00a0div\u00f3rcio judicial<\/strong>, enviar\u00a0em original\u00a0a\u00a0este Setor:<\/p>\n<p>1. <a href=\"https:\/\/consportoalegre.esteri.it\/consolato_portoalegre\/resource\/resource\/2022\/02\/envio_de_certido.pdf\">\u00a0<\/a><a class=\"focus--mouse\" href=\"https:\/\/consportoalegre.esteri.it\/wp-content\/uploads\/2023\/05\/envio_de_certidao.pdf\" data-focus-mouse=\"true\">Requerimento <\/a>preenchido e assinado;<\/p>\n<p>2. <a class=\"focus--mouse\" href=\"https:\/\/consportoalegre.esteri.it\/wp-content\/uploads\/2023\/05\/formulario_trascrizione_divorzio_giudiziale.pdf\" data-focus-mouse=\"true\">Formul\u00e1rio de transcri\u00e7\u00e3o de div\u00f3rcio judicial <\/a>devidamente preenchido e assinado pelo interessado, acompanhado de c\u00f3pia de documento de identidade v\u00e1lido e com assinatura vis\u00edvel;<\/p>\n<p>3.\u00a0C\u00f3pia completa e autenticada\u00a0das partes principais do processo, apostiladas em Tabelionato:<\/p>\n<p>\u2013 Peti\u00e7\u00e3o inicial;<\/p>\n<p>\u2013 Ata de instru\u00e7\u00e3o e julgamento;<\/p>\n<p>\u2013 Senten\u00e7a;<\/p>\n<p>\u2013 Carimbo do tr\u00e2nsito em julgado.<\/p>\n<p>4.\u00a0Tradu\u00e7\u00e3o juramentada em l\u00edngua italiana das partes acima mencionadas, com o apostilamento.<\/p>\n<p><strong>B)<\/strong>\u00a0<strong>Em caso de div\u00f3rcio notarial extrajudicial<\/strong>, enviar em original a este Setor:<\/p>\n<p>1.<a href=\"https:\/\/consportoalegre.esteri.it\/consolato_portoalegre\/resource\/resource\/2022\/02\/envio_de_certido.pdf\">\u00a0<\/a><a class=\"focus--mouse\" href=\"https:\/\/consportoalegre.esteri.it\/wp-content\/uploads\/2023\/05\/envio_de_certidao.pdf\" data-focus-mouse=\"true\">Requerimento <\/a>preenchido e assinado;<\/p>\n<p>2. <a class=\"focus--mouse\" href=\"https:\/\/consportoalegre.esteri.it\/wp-content\/uploads\/2023\/05\/formulario_trascrizione_divorzio_extragiudiziale.pdf\" data-focus-mouse=\"true\">Formul\u00e1rio de transcri\u00e7\u00e3o de div\u00f3rcio notarial extrajudicial <\/a><a href=\"https:\/\/consportoalegre.esteri.it\/consolato_portoalegre\/resource\/resource\/2018\/05\/formulario_trascrizione_divorzio_extragiudiziale.pdf\">\u00a0<\/a>devidamente preenchido e assinado pelo interessado, acompanhado de c\u00f3pia de documento de identidade v\u00e1lido e com assinatura vis\u00edvel;<\/p>\n<p>3.\u00a0Segunda via da\u00a0escritura\u00a0p\u00fablica original\u00a0de div\u00f3rcio\u00a0a ser obtida junto ao Tabelionato, apostilada;<\/p>\n<p>4.\u00a0Tradu\u00e7\u00e3o\u00a0juramentada em l\u00edngua italiana da senten\u00e7a da segunda via da\u00a0escritura\u00a0p\u00fablica original\u00a0de div\u00f3rcio, com o apostilamento.<\/p>\n<p>&nbsp;<\/p>\n","protected":false},"excerpt":{"rendered":"DIV\u00d3RCIO RECONHECIMENTO DE SENTEN\u00c7A\/ESCRITURA P\u00daBLICA ESTRANGEIRAS DE DIV\u00d3RCIO: As senten\u00e7as\/escrtitura p\u00fablicas\u00a0de div\u00f3rcio expedidas no exterior n\u00e3o s\u00e3o automaticamente v\u00e1lidas na It\u00e1lia. Para que seja poss\u00edvel registrar na It\u00e1lia uma senten\u00e7a\/escritura p\u00fablica\u00a0de div\u00f3rcio expedida no Brasil ser\u00e1 necess\u00e1rio: A)\u00a0Em caso\u00a0de\u00a0div\u00f3rcio judicial, enviar\u00a0em original\u00a0a\u00a0este Setor: 1. \u00a0Requerimento preenchido e assinado; 2. Formul\u00e1rio de transcri\u00e7\u00e3o de div\u00f3rcio judicial [&hellip;]","protected":false},"author":6,"featured_media":0,"parent":184,"menu_order":3,"comment_status":"closed","ping_status":"closed","template":"","meta":{"footnotes":""},"class_list":["post-4918","page","type-page","status-publish","hentry"],"_links":{"self":[{"href":"https:\/\/consportoalegre.esteri.it\/pt\/wp-json\/wp\/v2\/pages\/4918","targetHints":{"allow":["GET"]}}],"collection":[{"href":"https:\/\/consportoalegre.esteri.it\/pt\/wp-json\/wp\/v2\/pages"}],"about":[{"href":"https:\/\/consportoalegre.esteri.it\/pt\/wp-json\/wp\/v2\/types\/page"}],"author":[{"embeddable":true,"href":"https:\/\/consportoalegre.esteri.it\/pt\/wp-json\/wp\/v2\/users\/6"}],"replies":[{"embeddable":true,"href":"https:\/\/consportoalegre.esteri.it\/pt\/wp-json\/wp\/v2\/comments?post=4918"}],"version-history":[{"count":1,"href":"https:\/\/consportoalegre.esteri.it\/pt\/wp-json\/wp\/v2\/pages\/4918\/revisions"}],"predecessor-version":[{"id":4920,"href":"https:\/\/consportoalegre.esteri.it\/pt\/wp-json\/wp\/v2\/pages\/4918\/revisions\/4920"}],"up":[{"embeddable":true,"href":"https:\/\/consportoalegre.esteri.it\/pt\/wp-json\/wp\/v2\/pages\/184"}],"wp:attachment":[{"href":"https:\/\/consportoalegre.esteri.it\/pt\/wp-json\/wp\/v2\/media?parent=4918"}],"curies":[{"name":"wp","href":"https:\/\/api.w.org\/{rel}","templated":true}]}}