{"id":4885,"date":"2025-07-03T20:42:03","date_gmt":"2025-07-03T18:42:03","guid":{"rendered":"https:\/\/consportoalegre.esteri.it\/?page_id=4885"},"modified":"2025-07-03T20:42:03","modified_gmt":"2025-07-03T18:42:03","slug":"casamento","status":"publish","type":"page","link":"https:\/\/consportoalegre.esteri.it\/pt\/casamento\/","title":{"rendered":"Casamento"},"content":{"rendered":"<p><span style=\"text-decoration: underline;\"><strong>CASAMENTO<\/strong><\/span><\/p>\n<p><strong>REGISTRAR\u00a0CASAMENTO OU UNI\u00c3O CIVIL (CASAMENTO ENTRE PESSOAS DO MESMO SEXO):<\/strong><\/p>\n<p>Para registrar o casamento ou a uni\u00e3o civil (casamento entre pessoas do mesmo sexo) contraidos no Brasil de um cidad\u00e3o italiano registrado neste Consulado Geral, \u00e9 necess\u00e1rio enviar:<\/p>\n<p>\u2013 <a href=\"https:\/\/consportoalegre.esteri.it\/consolato_portoalegre\/resource\/resource\/2022\/02\/envio_de_certido.pdf\">\u00a0<\/a><a class=\"focus--mouse\" href=\"https:\/\/consportoalegre.esteri.it\/wp-content\/uploads\/2023\/05\/envio_de_certidao.pdf\" data-focus-mouse=\"true\">Requerimento <\/a>preenchido e assinado;<\/p>\n<p>\u2013 Uma segunda via original atualizada da certid\u00e3o de casamento em inteiro teor apostilada, acompanhada de tradu\u00e7\u00e3o juramentada em l\u00edngua italiana, que deve tamb\u00e9m ser apostilada.<\/p>\n<p><strong>REGISTRAR CASAMENTO CELEBRADO EM OUTRO PA\u00cdS ESTRANGEIRO:<\/strong><\/p>\n<p>Se o cidad\u00e3o italiano residente nesta jurisdi\u00e7\u00e3o consular contraiu casamento em outro pa\u00eds, dever\u00e1 providenciar, primeiramente, o apostilamento da certid\u00e3o de casamento por parte das autoridades no pa\u00eds de emiss\u00e3o do documento e dever\u00e1 mandar reconhecer a tradu\u00e7\u00e3o pela autoridade consular italiana competente. Sucessivamente, dever\u00e1 enviar por correio a certid\u00e3o e a respectiva tradu\u00e7\u00e3o a este Consulado-Geral, para que seja devidamente registrada e enviada ao\u00a0comune italiano de inscri\u00e7\u00e3o.<\/p>\n<p><strong>PARA OS CIDAD\u00c3OS ITALIANOS QUE CONTRAEM CASAMENTO NA IT\u00c1LIA<\/strong><\/p>\n<p>PUBLICA\u00c7\u00c3O DE MATRIM\u00d4NIO<\/p>\n<p>As publica\u00e7\u00f5es de matrimonio no Consulado s\u00e3o obrigat\u00f3rias SOMENTE para os matrimonios que ser\u00e3o celebrados na IT\u00c1LIA (tanto civis quanto religiosos).<br \/>\nRequisito indispens\u00e1vel \u00e9 que ao menos um dos c\u00f4njuges seja cidad\u00e3o italiano residente na Circunscri\u00e7\u00e3o do Consulado Geral da It\u00e1lia em\u00a0Porto Alegre\u00a0e regularmente inscrito no AIRE (Cadastro dos italianos residentes no exterior) desse consulado.<\/p>\n<p>Note-se que o agendamento para as publica\u00e7\u00f5es ser\u00e1 dado diretamente pelo Setor de Estado Civil por email somente ap\u00f3s a conclus\u00e3o e confirma\u00e7\u00e3o da inscri\u00e7\u00e3o no AIRE.\u00a0O mesmo vale para as mudan\u00e7as de residencia de outra sede no exterior.<\/p>\n<p>Para agendar, envie um email para:\u00a0<a href=\"mailto:statocivile.portoalegre@esteri.it\"><strong>statocivile.portoalegre@esteri.it<\/strong><\/a>.<\/p>\n<p><strong>N\u00c3O \u00e9 poss\u00edvel efetuar o agendamento utilizando o aplicativo \u201cPrenota on-line\u201d.<\/strong><\/p>\n<p>Na data agendada dever\u00e3o estar presentes ambos os noivos.<\/p>\n<p>As publica\u00e7\u00f5es dever\u00e3o ser efetuadas n\u00e3o antes dos seis meses que antecedam a data do matrimonio.<\/p>\n<p><strong>DOCUMENTOS NECESS\u00c1RIOS<\/strong><\/p>\n<p>PARA OS CIDAD\u00c3OS ITALIANOS<\/p>\n<ul>\n<li>Para o\u00a0<strong>matrimonio civil<\/strong>: passaporte ou RG dentro do prazo de validade;<\/li>\n<li>Para o\u00a0<strong>matrimonio religioso<\/strong>: al\u00e9m do passaporte e do RG (dentro do prazo de validade) dever\u00e1 ser apresentada uma carta estampada pela igreja com o carimbo e assinatura do sacerdote que celebrar\u00e1 o casamento. \u00c9 necess\u00e1rio especificar a data da cerim\u00f4nia, os dados completos dos c\u00f4njuges e da igreja tamb\u00e9m.<\/li>\n<li><a class=\"focus--mouse\" href=\"https:\/\/consportoalegre.esteri.it\/wp-content\/uploads\/2023\/05\/autocertificazione_pubblicazioni_matrimonio.doc\" data-focus-mouse=\"true\">Autocertifica\u00e7\u00e3o de estado civil <\/a>\u00a0preenchida e assinada em presen\u00e7a de um funcion\u00e1rio do Setor de Estado Civil.<\/li>\n<\/ul>\n<p>PARA OS NOIVOS ESTRANGEIROS<br \/>\n<strong><br \/>\nCidad\u00e3os brasileiros<\/strong><\/p>\n<ul>\n<li>Passaporte ou RG dentro do prazo de validade;<\/li>\n<li>Certid\u00e3o de nascimento de inteiro teor \u2013 N\u00c3O \u00e9 necess\u00e1rio traduzir para o italiano;<\/li>\n<li><a class=\"focus--mouse\" href=\"https:\/\/consportoalegre.esteri.it\/wp-content\/uploads\/2023\/05\/escritura_ausencia_impedimentos.pdf\" data-focus-mouse=\"true\">Escritura de Ausencia de Impedimentos<\/a>\u2013 N\u00c3O \u00e9 necess\u00e1rio traduzir para o italiano.<\/li>\n<\/ul>\n<p><strong>Cidad\u00e3os Comunit\u00e1rios (da Uni\u00e3o Europeia)<\/strong><\/p>\n<ul>\n<li>Passaporte ou RG dentro do prazo de validade;<\/li>\n<li>Certid\u00e3o de nascimento original em modelo pluril\u00edngue\u00a0<strong>ou<\/strong>\u00a0traduzido para o portugu\u00eas por um tradutor juramentado, com\u00a0Apostila\u00a0e legalizado pelo Consulado do pr\u00f3prio pa\u00eds no Brasil\u00a0<strong>ou<\/strong>\u00a0traduzido para o italiano e legalizado pelo Consulado italiano no pr\u00f3prio pa\u00eds;<\/li>\n<li><\/li>\n<li>Certificado de Estado Livre em portugu\u00eas e legalizado pelo Consulado do pr\u00f3prio pa\u00eds no Brasil ou traduzido para o italiano, com\u00a0Apostilae legalizado pelo Consulado italiano no pr\u00f3prio pa\u00eds.<\/li>\n<\/ul>\n<p><strong>Cidad\u00e3os que N\u00c3O pertencem \u00e0 Uni\u00e3o Europeia<\/strong><\/p>\n<ul>\n<li>Passaporte ou RG dentro do prazo de validade;<\/li>\n<li>Certid\u00e3o de nascimento original traduzido para o portugu\u00eas e legalizado pelo Consulado do pr\u00f3prio pa\u00eds no Brasil ou traduzido para o italiano por tradutor juramentado, Apostila\u00a0e legalizado pelo Consulado italiano no pr\u00f3prio pa\u00eds;<\/li>\n<li><\/li>\n<li>Certificado de Estado Civil em portugu\u00eas legalizado pelo Consulado do pr\u00f3prio pa\u00eds no Brasil ou traduzido para o italiano por tradutor juramentado, Apostila\u00a0e legalizado pelo Consulado italiano no pr\u00f3prio pa\u00eds.<\/li>\n<li><strong>Nota-se que os cidad\u00e3os que pretendem contrair matrimonio no Brasil, devem entrar em contato diretamente com os Cart\u00f3rios de Registro Civil brasileiros.<\/strong><\/li>\n<\/ul>\n","protected":false},"excerpt":{"rendered":"CASAMENTO REGISTRAR\u00a0CASAMENTO OU UNI\u00c3O CIVIL (CASAMENTO ENTRE PESSOAS DO MESMO SEXO): Para registrar o casamento ou a uni\u00e3o civil (casamento entre pessoas do mesmo sexo) contraidos no Brasil de um cidad\u00e3o italiano registrado neste Consulado Geral, \u00e9 necess\u00e1rio enviar: \u2013 \u00a0Requerimento preenchido e assinado; \u2013 Uma segunda via original atualizada da certid\u00e3o de casamento em [&hellip;]","protected":false},"author":6,"featured_media":0,"parent":0,"menu_order":0,"comment_status":"closed","ping_status":"closed","template":"","meta":{"footnotes":""},"class_list":["post-4885","page","type-page","status-publish","hentry"],"_links":{"self":[{"href":"https:\/\/consportoalegre.esteri.it\/pt\/wp-json\/wp\/v2\/pages\/4885","targetHints":{"allow":["GET"]}}],"collection":[{"href":"https:\/\/consportoalegre.esteri.it\/pt\/wp-json\/wp\/v2\/pages"}],"about":[{"href":"https:\/\/consportoalegre.esteri.it\/pt\/wp-json\/wp\/v2\/types\/page"}],"author":[{"embeddable":true,"href":"https:\/\/consportoalegre.esteri.it\/pt\/wp-json\/wp\/v2\/users\/6"}],"replies":[{"embeddable":true,"href":"https:\/\/consportoalegre.esteri.it\/pt\/wp-json\/wp\/v2\/comments?post=4885"}],"version-history":[{"count":1,"href":"https:\/\/consportoalegre.esteri.it\/pt\/wp-json\/wp\/v2\/pages\/4885\/revisions"}],"predecessor-version":[{"id":4887,"href":"https:\/\/consportoalegre.esteri.it\/pt\/wp-json\/wp\/v2\/pages\/4885\/revisions\/4887"}],"wp:attachment":[{"href":"https:\/\/consportoalegre.esteri.it\/pt\/wp-json\/wp\/v2\/media?parent=4885"}],"curies":[{"name":"wp","href":"https:\/\/api.w.org\/{rel}","templated":true}]}}