{"id":488,"date":"2023-06-08T15:05:34","date_gmt":"2023-06-08T13:05:34","guid":{"rendered":"https:\/\/consportoalegre.esteri.it\/?page_id=488"},"modified":"2023-06-08T15:06:43","modified_gmt":"2023-06-08T13:06:43","slug":"adocoes-internacionais","status":"publish","type":"page","link":"https:\/\/consportoalegre.esteri.it\/pt\/servizi-consolari-e-visti\/servizi-per-il-cittadino-italiano\/altri-servizi\/adocoes-internacionais\/","title":{"rendered":"Ado\u00e7\u00f5es Internacionais"},"content":{"rendered":"<p><strong><a class=\"focus--mouse\" title=\"Collegamento al sito del Ministero degli Affari Esteri\" href=\"http:\/\/www.esteri.it\/MAE\/IT\/Italiani_nel_Mondo\/ServiziConsolari\/AdozioniInternazionali.htm\" data-focus-mouse=\"true\">Ado\u00e7\u00f5es Internacionais \u2013 Informa\u00e7\u00f5es da p\u00e1gina do Minist\u00e9rio das Rela\u00e7\u00f5es Exteriores italiano (no momento, as informa\u00e7\u00f5es dispon\u00edveis est\u00e3o apenas em l\u00edngua italiana).<\/a><\/strong><a title=\"Collegamento al sito del Ministero degli Affari Esteri\" href=\"http:\/\/www.esteri.it\/MAE\/IT\/Italiani_nel_Mondo\/ServiziConsolari\/AdozioniInternazionali.htm\"><br \/>\n<\/a><br \/>\n<strong>Ado\u00e7\u00f5es<\/strong><\/p>\n<p>Para obter informa\u00e7\u00f5es sobre Ado\u00e7\u00f5es Internacionais, dirija- se \u00e0\u00a0<a href=\"http:\/\/www.commissioneadozioni.it\/po.aspx\">Comiss\u00e3o para Ado\u00e7\u00f5es Internacionais<\/a>\u00a0, organismo sediado junto \u00e0 Presid\u00eancia do Conselho dos Ministros.<\/p>\n<p><strong>Procedimento para ado\u00e7\u00f5es<\/strong><\/p>\n<p>O representante legal da Associa\u00e7\u00e3o dever\u00e1 contatar o Departamento Consular, com bastante anteced\u00eancia da data de retorno das fam\u00edlias para a It\u00e1lia (pelo menos 20 dias), para agendar o dia a ser recebido. O representante dever\u00e1 sucessivamente acompanhar pessoalmente a fam\u00edlia at\u00e9 o final do processo, munido da seguinte documenta\u00e7\u00e3o:<\/p>\n<p>1. C\u00f3pia da \u201cAutoriza\u00e7\u00e3o para o prosseguimento do Procedimento\u201d, emitida pela Presid\u00eancia do Conselho dos Ministros, Comiss\u00e3o para as Ado\u00e7\u00f5es Internacionais (CAI);<br \/>\n2. Senten\u00e7a de ado\u00e7\u00e3o definitiva, emitida pelo Tribunal com o carimbo\u201dC\u00f3pia Conforme ao Original depositado junto ao Tribunal de \u2026.\u201d;<br \/>\n3. Certificado de conformidade com a Conven\u00e7\u00e3o de Haia (se n\u00e3o especificado na Senten\u00e7a), emitido pelo Tribunal;<br \/>\n4. Certificado de conformidade de Ado\u00e7\u00e3o Internacional (para cada menor), emitido pelo Tribunal;<br \/>\n5. Certid\u00e3o de nascimento antes da mudan\u00e7a do sobrenome e relativa tradu\u00e7\u00e3o;<br \/>\n6. Certid\u00e3o de nascimento depois da mudan\u00e7a do sobrenome e relativa tradu\u00e7\u00e3o (portanto, s\u00e3o duas Certid\u00f5es de nascimento para cada menor adotado);<br \/>\n7. Passaportes dos menores com o novo nome emitidos pela Pol\u00edcia Federal (validade de um ano);<br \/>\n8. Formul\u00e1rios de pedido de visto devidamente preenchidos para cada menor adotado;<br \/>\n9. 2 fotos 3\u00d74, recentes, com fundo branco, para cada menor.<\/p>\n<p>\u00c9 necess\u00e1rio tamb\u00e9m:<\/p>\n<p>a) A autentica\u00e7\u00e3o da documenta\u00e7\u00e3o junto ao Itamaraty \u2013 Depto. DAC;<br \/>\nb) As tradu\u00e7\u00f5es em l\u00edngua italiana realizadas por tradutores juramentados.<\/p>\n<p>Em toda a documenta\u00e7\u00e3o a ser legalizada ser\u00e3o colocados os selos GR\u00c1TIS (c\u00f3pia de toda a documenta\u00e7\u00e3o ser\u00e1 conservada no arquivo da Sede).<br \/>\nOs originais dos documentos legalizados ser\u00e3o entregues ao representante legal da Associa\u00e7\u00e3o para que sejam enviados ao CAI.<\/p>\n<p>A emiss\u00e3o dos vistos de ingresso para a It\u00e1lia ser\u00e1 subordinada ao recebimento por parte do CAI da \u201cAutoriza\u00e7\u00e3o para ingresso e resid\u00eancia por ado\u00e7\u00e3o\u201d.<\/p>\n","protected":false},"excerpt":{"rendered":"Ado\u00e7\u00f5es Internacionais \u2013 Informa\u00e7\u00f5es da p\u00e1gina do Minist\u00e9rio das Rela\u00e7\u00f5es Exteriores italiano (no momento, as informa\u00e7\u00f5es dispon\u00edveis est\u00e3o apenas em l\u00edngua italiana). Ado\u00e7\u00f5es Para obter informa\u00e7\u00f5es sobre Ado\u00e7\u00f5es Internacionais, dirija- se \u00e0\u00a0Comiss\u00e3o para Ado\u00e7\u00f5es Internacionais\u00a0, organismo sediado junto \u00e0 Presid\u00eancia do Conselho dos Ministros. Procedimento para ado\u00e7\u00f5es O representante legal da Associa\u00e7\u00e3o dever\u00e1 contatar o [&hellip;]","protected":false},"author":7,"featured_media":0,"parent":188,"menu_order":0,"comment_status":"closed","ping_status":"closed","template":"","meta":{"footnotes":""},"class_list":["post-488","page","type-page","status-publish","hentry"],"_links":{"self":[{"href":"https:\/\/consportoalegre.esteri.it\/pt\/wp-json\/wp\/v2\/pages\/488","targetHints":{"allow":["GET"]}}],"collection":[{"href":"https:\/\/consportoalegre.esteri.it\/pt\/wp-json\/wp\/v2\/pages"}],"about":[{"href":"https:\/\/consportoalegre.esteri.it\/pt\/wp-json\/wp\/v2\/types\/page"}],"author":[{"embeddable":true,"href":"https:\/\/consportoalegre.esteri.it\/pt\/wp-json\/wp\/v2\/users\/7"}],"replies":[{"embeddable":true,"href":"https:\/\/consportoalegre.esteri.it\/pt\/wp-json\/wp\/v2\/comments?post=488"}],"version-history":[{"count":0,"href":"https:\/\/consportoalegre.esteri.it\/pt\/wp-json\/wp\/v2\/pages\/488\/revisions"}],"up":[{"embeddable":true,"href":"https:\/\/consportoalegre.esteri.it\/pt\/wp-json\/wp\/v2\/pages\/188"}],"wp:attachment":[{"href":"https:\/\/consportoalegre.esteri.it\/pt\/wp-json\/wp\/v2\/media?parent=488"}],"curies":[{"name":"wp","href":"https:\/\/api.w.org\/{rel}","templated":true}]}}