{"id":4833,"date":"2025-06-25T16:23:15","date_gmt":"2025-06-25T14:23:15","guid":{"rendered":"https:\/\/consportoalegre.esteri.it\/?page_id=4833"},"modified":"2025-08-05T21:29:11","modified_gmt":"2025-08-05T19:29:11","slug":"reaquisicao-da-cidadania","status":"publish","type":"page","link":"https:\/\/consportoalegre.esteri.it\/pt\/servizi-consolari-e-visti\/servizi-per-il-cittadino-straniero\/cittadinanza\/reconhecimento-da-cidadania-italiana-por-descendencia-iure-sanguinis\/reaquisicao-da-cidadania\/","title":{"rendered":"Reaquisi\u00e7\u00e3o da cidadania"},"content":{"rendered":"<p>O artigo 1-ter prev\u00ea que quem nasceu na It\u00e1lia ou nela residiu por pelo menos dois anos consecutivos, e tenha perdido a cidadania em aplica\u00e7\u00e3o de disposi\u00e7\u00f5es espec\u00edficas da Lei n\u00ba 555 de 1912, <strong>at\u00e9 15 de agosto de 1992<\/strong>, poder\u00e1 readquiri-la se fizer uma <strong>declara\u00e7\u00e3o entre 1\u00ba de julho de 2025 e 31 de dezembro de 2027<\/strong>.<\/p>\n<p>Esses procedimentos de reaquisi\u00e7\u00e3o da cidadania estar\u00e3o sujeitos a uma <strong>taxa reduzida de 250 euros<\/strong>, a ser paga por pix no Consulado no momento da apresenta\u00e7\u00e3o formal do pedido.<\/p>\n<p>O agendamento dever\u00e1 ser feito atrav\u00e9s do portal <a href=\"https:\/\/prenotami.esteri.it\/\"><strong>Prenot@mi <\/strong><\/a>pelos interessados que preencham os requisitos previstos pela nova legisla\u00e7\u00e3o, de modo a atender <strong>TODOS os que t\u00eam direito<\/strong> dentro dos prazos estabelecidos por lei.<\/p>\n<p>&nbsp;<\/p>\n","protected":false},"excerpt":{"rendered":"O artigo 1-ter prev\u00ea que quem nasceu na It\u00e1lia ou nela residiu por pelo menos dois anos consecutivos, e tenha perdido a cidadania em aplica\u00e7\u00e3o de disposi\u00e7\u00f5es espec\u00edficas da Lei n\u00ba 555 de 1912, at\u00e9 15 de agosto de 1992, poder\u00e1 readquiri-la se fizer uma declara\u00e7\u00e3o entre 1\u00ba de julho de 2025 e 31 de [&hellip;]","protected":false},"author":6,"featured_media":0,"parent":2274,"menu_order":3,"comment_status":"closed","ping_status":"closed","template":"","meta":{"footnotes":""},"class_list":["post-4833","page","type-page","status-publish","hentry"],"_links":{"self":[{"href":"https:\/\/consportoalegre.esteri.it\/pt\/wp-json\/wp\/v2\/pages\/4833","targetHints":{"allow":["GET"]}}],"collection":[{"href":"https:\/\/consportoalegre.esteri.it\/pt\/wp-json\/wp\/v2\/pages"}],"about":[{"href":"https:\/\/consportoalegre.esteri.it\/pt\/wp-json\/wp\/v2\/types\/page"}],"author":[{"embeddable":true,"href":"https:\/\/consportoalegre.esteri.it\/pt\/wp-json\/wp\/v2\/users\/6"}],"replies":[{"embeddable":true,"href":"https:\/\/consportoalegre.esteri.it\/pt\/wp-json\/wp\/v2\/comments?post=4833"}],"version-history":[{"count":4,"href":"https:\/\/consportoalegre.esteri.it\/pt\/wp-json\/wp\/v2\/pages\/4833\/revisions"}],"predecessor-version":[{"id":5005,"href":"https:\/\/consportoalegre.esteri.it\/pt\/wp-json\/wp\/v2\/pages\/4833\/revisions\/5005"}],"up":[{"embeddable":true,"href":"https:\/\/consportoalegre.esteri.it\/pt\/wp-json\/wp\/v2\/pages\/2274"}],"wp:attachment":[{"href":"https:\/\/consportoalegre.esteri.it\/pt\/wp-json\/wp\/v2\/media?parent=4833"}],"curies":[{"name":"wp","href":"https:\/\/api.w.org\/{rel}","templated":true}]}}