{"id":4444,"date":"2025-03-25T14:45:04","date_gmt":"2025-03-25T13:45:04","guid":{"rendered":"https:\/\/consportoalegre.esteri.it\/?page_id=4444"},"modified":"2025-03-25T14:45:21","modified_gmt":"2025-03-25T13:45:21","slug":"eduardo-leite-recebe-consul-geral-da-italia-e-confirma-presenca-nas-comemoracoes-dos-150-anos-da-imigracao","status":"publish","type":"page","link":"https:\/\/consportoalegre.esteri.it\/pt\/chi-siamo\/la-rete-consolare\/eduardo-leite-recebe-consul-geral-da-italia-e-confirma-presenca-nas-comemoracoes-dos-150-anos-da-imigracao\/","title":{"rendered":"Eduardo Leite recebe C\u00f4nsul-Geral da It\u00e1lia e confirma presen\u00e7a nas comemora\u00e7\u00f5es dos 150 anos da imigra\u00e7\u00e3o"},"content":{"rendered":"<p style=\"text-align: justify;\">O governador Eduardo Leite recebeu nesta segunda-feira (24) o c\u00f4nsul-geral da It\u00e1lia no estado, Valerio Caruso, no Pal\u00e1cio Piratini. O encontro teve como pauta a converg\u00eancia de a\u00e7\u00f5es para os eventos da programa\u00e7\u00e3o dos 150 anos da imigra\u00e7\u00e3o italiana no Rio Grande do Sul e contou com a presen\u00e7a de diversas autoridades.<\/p>\n<p style=\"text-align: justify;\">Durante a conversa com o governador, Caruso aproveitou a oportunidade para destacar as festividades promovidas pelo Consulado-Geral nos pr\u00f3ximos meses e que ganharam uma aten\u00e7\u00e3o especial neste ano do sesquicenten\u00e1rio da chegada dos primeiros imigrantes. Entre elas, o Wine South America, no dia 6 de maio, e o Dia da Rep\u00fablica, comemorado em 2 de junho. &#8220;Ser\u00e1 uma honra e motivo de orgulho ter o governador presente nesses eventos-\u00e2ncora dentro da nossa programa\u00e7\u00e3o e que s\u00e3o muito\u00a0 importantes para a comunidade italiana, t\u00e3o representativa entre os ga\u00fachos. N\u00e3o tem como imaginar o Rio Grande do Sul sem a presen\u00e7a dos italianos e nessas festividades celebramos essa rica hist\u00f3ria&#8221;, ressaltou.<\/p>\n<p style=\"text-align: justify;\">Outro assunto abordado foi o desejo de implanta\u00e7\u00e3o de um voo direto entre Porto Alegre e Roma, um objetivo da C\u00e2mara de Com\u00e9rcio Italiana do Rio Grande do Sul, rec\u00e9m restabelecida. A demanda \u00e9 defendida e apoiada pelo consulado. O vice-presidente da entidade, empres\u00e1rio Neco Argenta, participou do encontro no Piratini, e se colocou \u00e0 disposi\u00e7\u00e3o do governo para acompanhar o assunto.<\/p>\n<p style=\"text-align: justify;\">Ao se colocar como parceiro dos pleitos apresentados, e confirmando presen\u00e7a nos eventos dos 150 anos da imigra\u00e7\u00e3o, Leite refor\u00e7ou que uma rota a\u00e9rea entre a capital ga\u00facha e a It\u00e1lia pode alavancar diversos setores da economia local. \u201cTemos um conjunto de argumentos importantes e disposi\u00e7\u00e3o do governo do Estado para tocar esta pauta. Contem comigo\u201d, pontuou.<\/p>\n<p style=\"text-align: justify;\">A reuni\u00e3o desta segunda foi prestigiada tanto pelo Executivo estadual, quanto pelo Legislativo. Estiveram presentes os secret\u00e1rios da Casa Civil, Artur Lemos; do Desenvolvimento Econ\u00f4mico, Ernani Polo; da Justi\u00e7a, Fabr\u00edcio Peruchin; do Turismo, Ronaldo Santini, e da Cultura, Beatriz Ara\u00fajo; al\u00e9m dos deputados estaduais Guilherme Pasin e Delegada Nadine. O Comit\u00ea dos Italianos no Exterior (Comites-RS) foi representado pela presidente Cristina Mioranza e pela conselheira Stephania Puton.<\/p>\n","protected":false},"excerpt":{"rendered":"O governador Eduardo Leite recebeu nesta segunda-feira (24) o c\u00f4nsul-geral da It\u00e1lia no estado, Valerio Caruso, no Pal\u00e1cio Piratini. O encontro teve como pauta a converg\u00eancia de a\u00e7\u00f5es para os eventos da programa\u00e7\u00e3o dos 150 anos da imigra\u00e7\u00e3o italiana no Rio Grande do Sul e contou com a presen\u00e7a de diversas autoridades. Durante a conversa [&hellip;]","protected":false},"author":6,"featured_media":4446,"parent":86,"menu_order":0,"comment_status":"closed","ping_status":"closed","template":"","meta":{"footnotes":""},"class_list":["post-4444","page","type-page","status-publish","has-post-thumbnail","hentry"],"_links":{"self":[{"href":"https:\/\/consportoalegre.esteri.it\/pt\/wp-json\/wp\/v2\/pages\/4444","targetHints":{"allow":["GET"]}}],"collection":[{"href":"https:\/\/consportoalegre.esteri.it\/pt\/wp-json\/wp\/v2\/pages"}],"about":[{"href":"https:\/\/consportoalegre.esteri.it\/pt\/wp-json\/wp\/v2\/types\/page"}],"author":[{"embeddable":true,"href":"https:\/\/consportoalegre.esteri.it\/pt\/wp-json\/wp\/v2\/users\/6"}],"replies":[{"embeddable":true,"href":"https:\/\/consportoalegre.esteri.it\/pt\/wp-json\/wp\/v2\/comments?post=4444"}],"version-history":[{"count":2,"href":"https:\/\/consportoalegre.esteri.it\/pt\/wp-json\/wp\/v2\/pages\/4444\/revisions"}],"predecessor-version":[{"id":4453,"href":"https:\/\/consportoalegre.esteri.it\/pt\/wp-json\/wp\/v2\/pages\/4444\/revisions\/4453"}],"up":[{"embeddable":true,"href":"https:\/\/consportoalegre.esteri.it\/pt\/wp-json\/wp\/v2\/pages\/86"}],"wp:featuredmedia":[{"embeddable":true,"href":"https:\/\/consportoalegre.esteri.it\/pt\/wp-json\/wp\/v2\/media\/4446"}],"wp:attachment":[{"href":"https:\/\/consportoalegre.esteri.it\/pt\/wp-json\/wp\/v2\/media?parent=4444"}],"curies":[{"name":"wp","href":"https:\/\/api.w.org\/{rel}","templated":true}]}}