{"id":3884,"date":"2024-10-28T09:43:20","date_gmt":"2024-10-28T08:43:20","guid":{"rendered":"https:\/\/consportoalegre.esteri.it\/?page_id=3884"},"modified":"2024-10-28T09:43:20","modified_gmt":"2024-10-28T08:43:20","slug":"visto-de-trabalho-subordinado","status":"publish","type":"page","link":"https:\/\/consportoalegre.esteri.it\/pt\/servizi-consolari-e-visti\/servizi-per-il-cittadino-straniero\/visti\/visto-de-trabalho-subordinado\/","title":{"rendered":"Visto de Trabalho Subordinado"},"content":{"rendered":"<p>Visto tipo C (at\u00e9 90 dias), Visto tipo D (mais de 90 dias)<\/p>\n<p>Tempo m\u00e1ximo de processamento: 90 dias<\/p>\n<p>Imigra\u00e7\u00e3o para It\u00e1lia de cidad\u00e3os estrangeiros por motivos de trabalho ou de curta dura\u00e7\u00e3o (VSU) e para longa perman\u00eancia (VN), \u00e9 regulamentado pela Lei Consolidada de Imigra\u00e7\u00e3o de acordo com o princ\u00edpio da programa\u00e7\u00e3o de fluxos.<\/p>\n<p>Os candidatos dever\u00e3o apresentar os seguintes documentos:<\/p>\n<ol>\n<li>Formul\u00e1rio de pedido de visto de entrada;<\/li>\n<li>Fotografia recente tamanho passaporte (tirada profissionalmente, frente inteira, fundo branco);<\/li>\n<li>Documento de viagem v\u00e1lido com prazo de validade pelo menos tr\u00eas meses superior ao do visto solicitado;<\/li>\n<li>Autoriza\u00e7\u00e3o (Nulla Osta) de trabalho concedida pelo balc\u00e3o \u00fanico de imigra\u00e7\u00e3o (SUI).<\/li>\n<\/ol>\n<p>A autoriza\u00e7\u00e3o (Nulla Osta) do SUI n\u00e3o est\u00e1 prevista apenas em alguns casos: 1) trabalhadores mar\u00edtimos e pessoal de bordo de navios de cruzeiro, 2) desportistas, 3) \u201cpessoal dom\u00e9stico privado\u201d de funcion\u00e1rios diplom\u00e1ticos e pessoal t\u00e9cnico-administrativo, 4) \u201cmembros de o pessoal privado&#8221; dos funcion\u00e1rios consulares e pessoal t\u00e9cnico-administrativo relacionado. Para professores estrangeiros de escolas e universidades estrangeiras que operam na It\u00e1lia, \u00e9 necess\u00e1ria autoriza\u00e7\u00e3o SUI.<\/p>\n<p>Os pedidos de vistos para trabalho subordinado fora dos fluxos em favor de \u201cpessoal dom\u00e9stico privado\u201d, seguindo funcion\u00e1rios diplom\u00e1ticos e t\u00e9cnicos-administrativos, funcion\u00e1rios consulares e funcion\u00e1rios de Organiza\u00e7\u00f5es Internacionais sediadas na It\u00e1lia, dever\u00e3o ser feitos com Nota Verbal do Minist\u00e9rio das Rela\u00e7\u00f5es Exteriores local. Assuntos, pela representa\u00e7\u00e3o diplom\u00e1tico-consular competente ou pelo \u00f3rg\u00e3o internacional, que esteja sediado no pa\u00eds onde o visto \u00e9 solicitado e j\u00e1 sediado na pessoa que est\u00e1 sendo credenciada. O seguinte deve ser anexado \u00e0 nota de solicita\u00e7\u00e3o:<\/p>\n<ul>\n<li>O contrato de trabalho;<\/li>\n<li>Compromisso do empregador em garantir a seguran\u00e7a social e o seguro de sa\u00fade do trabalhador, bem como em garantir o seu regresso a casa no final do contrato de trabalho.<\/li>\n<\/ul>\n<p>O visto de entrada para profiss\u00f5es de sa\u00fade est\u00e1 tamb\u00e9m sujeito ao reconhecimento pr\u00e9vio da qualifica\u00e7\u00e3o pelo Minist\u00e9rio da Sa\u00fade.<\/p>\n<p>O visto para trabalho subordinado para atletas estrangeiros \u00e9 emitido mediante declara\u00e7\u00e3o nominativa de assentimento do CONI.<\/p>\n<p>Os funcion\u00e1rios consulares poder\u00e3o solicitar documentos adicionais a seu crit\u00e9rio. Esteja ciente de que o envio da documenta\u00e7\u00e3o exigida n\u00e3o garante a emiss\u00e3o do visto. Observe que documenta\u00e7\u00e3o incompleta n\u00e3o ser\u00e1 aceita.<\/p>\n<p>&nbsp;<\/p>\n<p><strong>Trabalho subordinado \u2013 Jornalistas<\/strong><\/p>\n<p>Os candidatos dever\u00e3o apresentar os seguintes documentos:<\/p>\n<ol>\n<li>Formul\u00e1rio de pedido de visto de entrada;<\/li>\n<li>Fotografia recente tamanho passaporte (tirada profissionalmente, frente inteira, fundo branco);<\/li>\n<li>Documento de viagem v\u00e1lido com prazo de validade pelo menos tr\u00eas meses superior ao do visto solicitado;<\/li>\n<li>Solicita\u00e7\u00e3o feita pelas autoridades locais com nota verbal e autoriza\u00e7\u00e3o (Nulla Osta) da Assessoria de Imprensa do Minist\u00e9rio das Rela\u00e7\u00f5es Exteriores e Coopera\u00e7\u00e3o Internacional;<\/li>\n<li>Cart\u00e3o de jornalista.<\/li>\n<\/ol>\n<p>Os funcion\u00e1rios consulares poder\u00e3o solicitar documentos adicionais a seu crit\u00e9rio. Esteja ciente de que o envio da documenta\u00e7\u00e3o exigida n\u00e3o garante a emiss\u00e3o do visto. Observe que documenta\u00e7\u00e3o incompleta n\u00e3o ser\u00e1 aceita.<\/p>\n<p>&nbsp;<\/p>\n<p><strong>Trabalho subordinado \u2013 Mar\u00edtimos<\/strong><\/p>\n<p>Os candidatos (estrangeiros empregados em servi\u00e7os complementares de bordo) dever\u00e3o apresentar os seguintes documentos:<\/p>\n<ol>\n<li>Formul\u00e1rio de pedido de visto de entrada;<\/li>\n<li>Fotografia recente tamanho passaporte (tirada profissionalmente, frente inteira, fundo branco);<\/li>\n<li>Documento de viagem v\u00e1lido com prazo de validade pelo menos tr\u00eas meses superior ao do visto solicitado;<\/li>\n<li>Solicita\u00e7\u00e3o formal da empresa de transporte;<\/li>\n<li>Contrato individual de trabalho;<\/li>\n<li>C\u00f3pia do contrato de aquisi\u00e7\u00e3o;<\/li>\n<li>Certificado de registro da embarca\u00e7\u00e3o no Registro Internacional.<\/li>\n<\/ol>\n<p>A autoriza\u00e7\u00e3o SUI n\u00e3o \u00e9 necess\u00e1ria para trabalhadores mar\u00edtimos. Os mar\u00edtimos estrangeiros (mar\u00edtimos) destinados a embarcar em navios de bandeira italiana est\u00e3o isentos de visto para trabalho subordinado, enquanto os estrangeiros empregados em servi\u00e7os complementares de bordo\/hotel em navios de cruzeiro italianos obt\u00eam visto para trabalho subordinado\/mar\u00edtimos.<\/p>\n<p>Para o tr\u00e2nsito simples no espa\u00e7o Schengen a mar\u00edtimos estrangeiros, desde que se verifiquem as condi\u00e7\u00f5es e requisitos previstos, s\u00e3o emitidos vistos de tr\u00e2nsito.<\/p>\n<p>Os funcion\u00e1rios consulares poder\u00e3o solicitar documentos adicionais a seu crit\u00e9rio. Esteja ciente de que o envio da documenta\u00e7\u00e3o exigida n\u00e3o garante a emiss\u00e3o do visto. Observe que documenta\u00e7\u00e3o incompleta n\u00e3o ser\u00e1 aceita.<\/p>\n","protected":false},"excerpt":{"rendered":"Visto tipo C (at\u00e9 90 dias), Visto tipo D (mais de 90 dias) Tempo m\u00e1ximo de processamento: 90 dias Imigra\u00e7\u00e3o para It\u00e1lia de cidad\u00e3os estrangeiros por motivos de trabalho ou de curta dura\u00e7\u00e3o (VSU) e para longa perman\u00eancia (VN), \u00e9 regulamentado pela Lei Consolidada de Imigra\u00e7\u00e3o de acordo com o princ\u00edpio da programa\u00e7\u00e3o de fluxos. [&hellip;]","protected":false},"author":1,"featured_media":0,"parent":191,"menu_order":0,"comment_status":"closed","ping_status":"closed","template":"","meta":{"footnotes":""},"class_list":["post-3884","page","type-page","status-publish","hentry"],"_links":{"self":[{"href":"https:\/\/consportoalegre.esteri.it\/pt\/wp-json\/wp\/v2\/pages\/3884","targetHints":{"allow":["GET"]}}],"collection":[{"href":"https:\/\/consportoalegre.esteri.it\/pt\/wp-json\/wp\/v2\/pages"}],"about":[{"href":"https:\/\/consportoalegre.esteri.it\/pt\/wp-json\/wp\/v2\/types\/page"}],"author":[{"embeddable":true,"href":"https:\/\/consportoalegre.esteri.it\/pt\/wp-json\/wp\/v2\/users\/1"}],"replies":[{"embeddable":true,"href":"https:\/\/consportoalegre.esteri.it\/pt\/wp-json\/wp\/v2\/comments?post=3884"}],"version-history":[{"count":1,"href":"https:\/\/consportoalegre.esteri.it\/pt\/wp-json\/wp\/v2\/pages\/3884\/revisions"}],"predecessor-version":[{"id":3885,"href":"https:\/\/consportoalegre.esteri.it\/pt\/wp-json\/wp\/v2\/pages\/3884\/revisions\/3885"}],"up":[{"embeddable":true,"href":"https:\/\/consportoalegre.esteri.it\/pt\/wp-json\/wp\/v2\/pages\/191"}],"wp:attachment":[{"href":"https:\/\/consportoalegre.esteri.it\/pt\/wp-json\/wp\/v2\/media?parent=3884"}],"curies":[{"name":"wp","href":"https:\/\/api.w.org\/{rel}","templated":true}]}}