{"id":3868,"date":"2024-10-25T11:25:37","date_gmt":"2024-10-25T09:25:37","guid":{"rendered":"https:\/\/consportoalegre.esteri.it\/?page_id=3868"},"modified":"2024-10-25T11:26:03","modified_gmt":"2024-10-25T09:26:03","slug":"visto-para-voluntariado","status":"publish","type":"page","link":"https:\/\/consportoalegre.esteri.it\/pt\/servizi-consolari-e-visti\/servizi-per-il-cittadino-straniero\/visti\/visto-para-voluntariado\/","title":{"rendered":"Visto para voluntariado"},"content":{"rendered":"<p style=\"text-align: justify;\">Visto tipo C (at\u00e9 90 dias), visto tipo D (mais de 90 dias)<\/p>\n<p style=\"text-align: justify;\">Tempo m\u00e1ximo de processamento: 90 dias para Visto Nazionale D; 15 dias extens\u00edvel at\u00e9 45 para Visto Shengen C<\/p>\n<p style=\"text-align: justify;\">Os candidatos dever\u00e3o apresentar um ou outro documento dependendo do tipo de voluntariado:<\/p>\n<ol style=\"text-align: justify;\">\n<li>Comunica\u00e7\u00e3o da Ag\u00eancia Nacional para a Juventude do Servi\u00e7o Volunt\u00e1rio Europeu;<\/li>\n<\/ol>\n<ul style=\"text-align: justify;\">\n<li>O visto permite a entrada, para efeitos de estadia de curta ou longa dura\u00e7\u00e3o n\u00e3o superior a um ano, a um estrangeiro com idade compreendida entre os 18 e os 30 anos, para participa\u00e7\u00e3o num programa de voluntariado.<\/li>\n<\/ul>\n<ol style=\"text-align: justify;\" start=\"2\">\n<li>Nulla osta para o voluntariado emitido pelo SUI (One Stop Shop para a imigra\u00e7\u00e3o) e transmitido eletronicamente \u00e0 Representa\u00e7\u00e3o;<\/li>\n<\/ol>\n<ul style=\"text-align: justify;\">\n<li>O visto permite a entrada, para efeitos de estada de curta ou longa dura\u00e7\u00e3o n\u00e3o superior a um ano, a um estrangeiro com idade compreendida entre os 25 e os 35 anos, para participar num programa de voluntariado com base num acordo celebrado entre o estrangeiro e um dos organiza\u00e7\u00f5es pretendidas.<\/li>\n<\/ul>\n<p style=\"text-align: justify;\">Os funcion\u00e1rios consulares poder\u00e3o solicitar documentos adicionais a seu crit\u00e9rio. Esteja ciente de que o envio da documenta\u00e7\u00e3o exigida n\u00e3o garante a emiss\u00e3o do visto. Observe que documenta\u00e7\u00e3o incompleta n\u00e3o ser\u00e1 aceita.<\/p>\n","protected":false},"excerpt":{"rendered":"Visto tipo C (at\u00e9 90 dias), visto tipo D (mais de 90 dias) Tempo m\u00e1ximo de processamento: 90 dias para Visto Nazionale D; 15 dias extens\u00edvel at\u00e9 45 para Visto Shengen C Os candidatos dever\u00e3o apresentar um ou outro documento dependendo do tipo de voluntariado: Comunica\u00e7\u00e3o da Ag\u00eancia Nacional para a Juventude do Servi\u00e7o Volunt\u00e1rio [&hellip;]","protected":false},"author":1,"featured_media":0,"parent":191,"menu_order":0,"comment_status":"closed","ping_status":"closed","template":"","meta":{"footnotes":""},"class_list":["post-3868","page","type-page","status-publish","hentry"],"_links":{"self":[{"href":"https:\/\/consportoalegre.esteri.it\/pt\/wp-json\/wp\/v2\/pages\/3868","targetHints":{"allow":["GET"]}}],"collection":[{"href":"https:\/\/consportoalegre.esteri.it\/pt\/wp-json\/wp\/v2\/pages"}],"about":[{"href":"https:\/\/consportoalegre.esteri.it\/pt\/wp-json\/wp\/v2\/types\/page"}],"author":[{"embeddable":true,"href":"https:\/\/consportoalegre.esteri.it\/pt\/wp-json\/wp\/v2\/users\/1"}],"replies":[{"embeddable":true,"href":"https:\/\/consportoalegre.esteri.it\/pt\/wp-json\/wp\/v2\/comments?post=3868"}],"version-history":[{"count":1,"href":"https:\/\/consportoalegre.esteri.it\/pt\/wp-json\/wp\/v2\/pages\/3868\/revisions"}],"predecessor-version":[{"id":3871,"href":"https:\/\/consportoalegre.esteri.it\/pt\/wp-json\/wp\/v2\/pages\/3868\/revisions\/3871"}],"up":[{"embeddable":true,"href":"https:\/\/consportoalegre.esteri.it\/pt\/wp-json\/wp\/v2\/pages\/191"}],"wp:attachment":[{"href":"https:\/\/consportoalegre.esteri.it\/pt\/wp-json\/wp\/v2\/media?parent=3868"}],"curies":[{"name":"wp","href":"https:\/\/api.w.org\/{rel}","templated":true}]}}