{"id":3863,"date":"2024-10-25T11:24:40","date_gmt":"2024-10-25T09:24:40","guid":{"rendered":"https:\/\/consportoalegre.esteri.it\/?page_id=3863"},"modified":"2024-10-25T11:24:40","modified_gmt":"2024-10-25T09:24:40","slug":"visto-para-ferias-de-trabalho","status":"publish","type":"page","link":"https:\/\/consportoalegre.esteri.it\/pt\/servizi-consolari-e-visti\/servizi-per-il-cittadino-straniero\/visti\/visto-para-ferias-de-trabalho\/","title":{"rendered":"Visto para f\u00e9rias de trabalho"},"content":{"rendered":"<p style=\"text-align: justify;\">Visto Nacional tipo D, mais de 90 dias<\/p>\n<p style=\"text-align: justify;\">Tempo m\u00e1ximo de processamento: 90 dias<\/p>\n<p style=\"text-align: justify;\">Os candidatos dever\u00e3o apresentar os seguintes documentos:<\/p>\n<ol style=\"text-align: justify;\">\n<li>Formul\u00e1rio de pedido de visto de entrada;<\/li>\n<li>Fotografia recente tamanho passaporte (tirada profissionalmente, frente inteira, fundo branco);<\/li>\n<li>Documento de viagem v\u00e1lido com prazo de validade pelo menos tr\u00eas meses superior ao do visto solicitado;<\/li>\n<li>Exist\u00eancia de um acordo bilateral espec\u00edfico entre a It\u00e1lia e um Estado terceiro;<\/li>\n<li>Os requisitos e condi\u00e7\u00f5es para a obten\u00e7\u00e3o do visto de trabalho e f\u00e9rias est\u00e3o especificados no texto dos acordos bilaterais assinados;<\/li>\n<li>Autoriza\u00e7\u00e3o (Nulla Osta) emitida pelo SUI (<em>Sportello Unico Immigrazione<\/em>) e transmitida eletronicamente \u00e0 Representa\u00e7\u00e3o.<\/li>\n<\/ol>\n<p style=\"text-align: justify;\">O visto de trabalho e f\u00e9rias est\u00e1 reservado aos cidad\u00e3os dos pa\u00edses com os quais a It\u00e1lia tenha estipulado acordos bilaterais espec\u00edficos, para passarem longos per\u00edodos de perman\u00eancia na It\u00e1lia, por motivos de f\u00e9rias, permitindo aos interessados \u200b\u200bintegrar os seus meios de subsist\u00eancia durante a estadia com o transporte atividades fora do trabalho. Atualmente est\u00e3o em vigor acordos bilaterais com os seguintes estados: Austr\u00e1lia, Nova Zel\u00e2ndia, Canad\u00e1 e Coreia do Sul.<\/p>\n<p style=\"text-align: justify;\">Os funcion\u00e1rios consulares poder\u00e3o solicitar documentos adicionais a seu crit\u00e9rio. Esteja ciente de que o envio da documenta\u00e7\u00e3o exigida n\u00e3o garante a emiss\u00e3o do visto. Observe que documenta\u00e7\u00e3o incompleta n\u00e3o ser\u00e1 aceita.<\/p>\n","protected":false},"excerpt":{"rendered":"Visto Nacional tipo D, mais de 90 dias Tempo m\u00e1ximo de processamento: 90 dias Os candidatos dever\u00e3o apresentar os seguintes documentos: Formul\u00e1rio de pedido de visto de entrada; Fotografia recente tamanho passaporte (tirada profissionalmente, frente inteira, fundo branco); Documento de viagem v\u00e1lido com prazo de validade pelo menos tr\u00eas meses superior ao do visto solicitado; [&hellip;]","protected":false},"author":1,"featured_media":0,"parent":191,"menu_order":0,"comment_status":"closed","ping_status":"closed","template":"","meta":{"footnotes":""},"class_list":["post-3863","page","type-page","status-publish","hentry"],"_links":{"self":[{"href":"https:\/\/consportoalegre.esteri.it\/pt\/wp-json\/wp\/v2\/pages\/3863","targetHints":{"allow":["GET"]}}],"collection":[{"href":"https:\/\/consportoalegre.esteri.it\/pt\/wp-json\/wp\/v2\/pages"}],"about":[{"href":"https:\/\/consportoalegre.esteri.it\/pt\/wp-json\/wp\/v2\/types\/page"}],"author":[{"embeddable":true,"href":"https:\/\/consportoalegre.esteri.it\/pt\/wp-json\/wp\/v2\/users\/1"}],"replies":[{"embeddable":true,"href":"https:\/\/consportoalegre.esteri.it\/pt\/wp-json\/wp\/v2\/comments?post=3863"}],"version-history":[{"count":1,"href":"https:\/\/consportoalegre.esteri.it\/pt\/wp-json\/wp\/v2\/pages\/3863\/revisions"}],"predecessor-version":[{"id":3866,"href":"https:\/\/consportoalegre.esteri.it\/pt\/wp-json\/wp\/v2\/pages\/3863\/revisions\/3866"}],"up":[{"embeddable":true,"href":"https:\/\/consportoalegre.esteri.it\/pt\/wp-json\/wp\/v2\/pages\/191"}],"wp:attachment":[{"href":"https:\/\/consportoalegre.esteri.it\/pt\/wp-json\/wp\/v2\/media?parent=3863"}],"curies":[{"name":"wp","href":"https:\/\/api.w.org\/{rel}","templated":true}]}}