{"id":3856,"date":"2024-10-25T11:23:32","date_gmt":"2024-10-25T09:23:32","guid":{"rendered":"https:\/\/consportoalegre.esteri.it\/?page_id=3856"},"modified":"2024-10-25T11:23:32","modified_gmt":"2024-10-25T09:23:32","slug":"visto-para-pesquisa","status":"publish","type":"page","link":"https:\/\/consportoalegre.esteri.it\/pt\/servizi-consolari-e-visti\/servizi-per-il-cittadino-straniero\/visti\/visto-para-pesquisa\/","title":{"rendered":"Visto para pesquisa"},"content":{"rendered":"<p style=\"text-align: justify;\">Visto tipo C (at\u00e9 90 dias), visto tipo D (mais de 90 dias)<\/p>\n<p style=\"text-align: justify;\">Tempo m\u00e1ximo de processamento: 90 dias<\/p>\n<p style=\"text-align: justify;\">Os candidatos dever\u00e3o apresentar os seguintes documentos para estadias superiores a 90 dias:<\/p>\n<ol style=\"text-align: justify;\">\n<li>Formul\u00e1rio de pedido de visto de entrada;<\/li>\n<li>Fotografia recente tamanho passaporte (tirada profissionalmente, frente inteira, fundo branco);<\/li>\n<li>Documento de viagem v\u00e1lido com prazo de validade pelo menos tr\u00eas meses superior ao do visto solicitado;<\/li>\n<li>Bilhete de avi\u00e3o (ida e volta para estadia menores de 90 dias);<\/li>\n<li>Autoriza\u00e7\u00e3o (Nulla Osta) para pesquisa emitida pelo SUI (Sportello Unico per l\u2019Immigrazione);<\/li>\n<li>Documenta\u00e7\u00e3o que comprove que o candidato \u00e9 um pesquisator contratado por uma universidade ou organismo de investiga\u00e7\u00e3o estrangeiro &#8211; (para estadias de curta dura\u00e7\u00e3o).<\/li>\n<\/ol>\n<p style=\"text-align: justify;\">Os candidatos dever\u00e3o apresentar os seguintes documentos para estadias inferior a 90 dias:<\/p>\n<ol style=\"text-align: justify;\">\n<li>Documenta\u00e7\u00e3o que comprove que o candidato \u00e9 pesquisador contratado por universidade ou \u00f3rg\u00e3o de pesquisa estrangeiro;<\/li>\n<li>Acordo de recep\u00e7\u00e3o estipulado com o candidato pela Universidade ou instituto de pesquisa italiano credenciado.<\/li>\n<\/ol>\n<p style=\"text-align: justify;\"><u>Mobilidade do pesquisador (dentro da UE) de curta dura\u00e7\u00e3o (\u2264 180 dias).<\/u> O estrangeiro admitido como pesquisador num Estado pertencente \u00e0 Uni\u00e3o Europeia pode entrar na It\u00e1lia sem visto (a menos que seja necess\u00e1rio para atravessar as fronteiras externas ao espa\u00e7o Schengen), para continuar a pesquisa j\u00e1 iniciada no outro Estado. Pesquisador (todos dentro da UE) de curta dura\u00e7\u00e3o (\u2264 180 dias). O estrangeiro admitido como pesquisador num Estado pertencente \u00e0 Uni\u00e3o Europeia pode entrar na It\u00e1lia sem visto (a menos que seja necess\u00e1rio para atravessar as fronteiras externas ao espa\u00e7o Schengen), para dar continuidade \u00e0 pesquisa j\u00e1 iniciada no outro Estado. Os familiares podem entrar e permanecer em territ\u00f3rio nacional para acompanhar ou juntar-se ao pesquisador, desde que possuam passaporte v\u00e1lido (ou documento equivalente) e autoriza\u00e7\u00e3o v\u00e1lida (autoriza\u00e7\u00e3o de resid\u00eancia) emitida pelo primeiro Estado-Membro, desde que demonstrem que residiam como membros da fam\u00edlia no primeiro Estado-Membro.<\/p>\n<p style=\"text-align: justify;\"><u>Mobilidade do pesquisador (dentro da UE) de longa dura\u00e7\u00e3o (&gt; 180 dias).<\/u> Por per\u00edodos superiores a cento e oitenta dias, o estrangeiro titular de uma autoriza\u00e7\u00e3o de resid\u00eancia v\u00e1lida para pesquisa emitida por outro Estado Membro da Uni\u00e3o Europeia est\u00e1 autorizado a entrar sem o necessidade de visto (a menos que seja necess\u00e1rio para a passagem das fronteiras externas ao espa\u00e7o Schengen) e de perman\u00eancia em territ\u00f3rio nacional para a realiza\u00e7\u00e3o de atividades de pesquisa ap\u00f3s emiss\u00e3o da autoriza\u00e7\u00e3o do SUI competente.<\/p>\n<p style=\"text-align: justify;\">O visto para o exerc\u00edcio de atividades de pesquisa no dom\u00ednio das profiss\u00f5es de sa\u00fade na It\u00e1lia tamb\u00e9m est\u00e1 sujeito ao reconhecimento pr\u00e9vio da qualifica\u00e7\u00e3o pelo Minist\u00e9rio da Sa\u00fade.<\/p>\n<p style=\"text-align: justify;\">Aos familiares do pesquisador, independentemente da dura\u00e7\u00e3o da autoriza\u00e7\u00e3o de resid\u00eancia, ser\u00e1 emitido um visto por motivos familiares com base nas condi\u00e7\u00f5es e requisitos previstos para esse tipo de visto, salvo o requisito de aptid\u00e3o para alojamento.<\/p>\n<p style=\"text-align: justify;\">Os funcion\u00e1rios consulares poder\u00e3o solicitar documentos adicionais a seu crit\u00e9rio. Esteja ciente de que o envio da documenta\u00e7\u00e3o exigida n\u00e3o garante a emiss\u00e3o do visto. Observe que documenta\u00e7\u00e3o incompleta n\u00e3o ser\u00e1 aceita.<\/p>\n","protected":false},"excerpt":{"rendered":"Visto tipo C (at\u00e9 90 dias), visto tipo D (mais de 90 dias) Tempo m\u00e1ximo de processamento: 90 dias Os candidatos dever\u00e3o apresentar os seguintes documentos para estadias superiores a 90 dias: Formul\u00e1rio de pedido de visto de entrada; Fotografia recente tamanho passaporte (tirada profissionalmente, frente inteira, fundo branco); Documento de viagem v\u00e1lido com prazo [&hellip;]","protected":false},"author":1,"featured_media":0,"parent":191,"menu_order":0,"comment_status":"closed","ping_status":"closed","template":"","meta":{"footnotes":""},"class_list":["post-3856","page","type-page","status-publish","hentry"],"_links":{"self":[{"href":"https:\/\/consportoalegre.esteri.it\/pt\/wp-json\/wp\/v2\/pages\/3856","targetHints":{"allow":["GET"]}}],"collection":[{"href":"https:\/\/consportoalegre.esteri.it\/pt\/wp-json\/wp\/v2\/pages"}],"about":[{"href":"https:\/\/consportoalegre.esteri.it\/pt\/wp-json\/wp\/v2\/types\/page"}],"author":[{"embeddable":true,"href":"https:\/\/consportoalegre.esteri.it\/pt\/wp-json\/wp\/v2\/users\/1"}],"replies":[{"embeddable":true,"href":"https:\/\/consportoalegre.esteri.it\/pt\/wp-json\/wp\/v2\/comments?post=3856"}],"version-history":[{"count":1,"href":"https:\/\/consportoalegre.esteri.it\/pt\/wp-json\/wp\/v2\/pages\/3856\/revisions"}],"predecessor-version":[{"id":3857,"href":"https:\/\/consportoalegre.esteri.it\/pt\/wp-json\/wp\/v2\/pages\/3856\/revisions\/3857"}],"up":[{"embeddable":true,"href":"https:\/\/consportoalegre.esteri.it\/pt\/wp-json\/wp\/v2\/pages\/191"}],"wp:attachment":[{"href":"https:\/\/consportoalegre.esteri.it\/pt\/wp-json\/wp\/v2\/media?parent=3856"}],"curies":[{"name":"wp","href":"https:\/\/api.w.org\/{rel}","templated":true}]}}