{"id":3851,"date":"2024-10-25T11:22:52","date_gmt":"2024-10-25T09:22:52","guid":{"rendered":"https:\/\/consportoalegre.esteri.it\/?page_id=3851"},"modified":"2024-10-25T11:22:52","modified_gmt":"2024-10-25T09:22:52","slug":"visto-de-reentrada","status":"publish","type":"page","link":"https:\/\/consportoalegre.esteri.it\/pt\/servizi-consolari-e-visti\/servizi-per-il-cittadino-straniero\/visti\/visto-de-reentrada\/","title":{"rendered":"Visto de reentrada"},"content":{"rendered":"<p style=\"text-align: justify;\">Visto tipo D<\/p>\n<p style=\"text-align: justify;\">Tempo m\u00e1ximo de processamento: 90 dias<\/p>\n<p style=\"text-align: justify;\">De acordo com as disposi\u00e7\u00f5es atuais do Minist\u00e9rio do Interior, podem ser isentos de visto de reentrada todos os estrangeiros na posse do recibo de renova\u00e7\u00e3o da autoriza\u00e7\u00e3o de resid\u00eancia, desde que:<\/p>\n<p style=\"text-align: justify;\">\u2014 utilizar apenas um ponto de passagem de fronteira externa na It\u00e1lia para reentrar, sem<\/p>\n<p style=\"text-align: justify;\">passar por outros pa\u00edses Schengen;<\/p>\n<p style=\"text-align: justify;\">\u2014 presentes nos controlos fronteiri\u00e7os na It\u00e1lia, para al\u00e9m do recibo devidamente carimbado,<\/p>\n<p style=\"text-align: justify;\">pela pol\u00edcia italiana no momento da sa\u00edda da It\u00e1lia, o documento de viagem e a c\u00f3pia<\/p>\n<p style=\"text-align: justify;\">da autoriza\u00e7\u00e3o de resid\u00eancia caducada.<\/p>\n<p style=\"text-align: justify;\">Nas mesmas condi\u00e7\u00f5es, os estrangeiros que tenham feito um<\/p>\n<p style=\"text-align: justify;\">regressar ao pa\u00eds de origem com a rece\u00e7\u00e3o do pedido de primeira autoriza\u00e7\u00e3o de resid\u00eancia para<\/p>\n<p style=\"text-align: justify;\">motivos familiares, trabalho subordinado e trabalho aut\u00f4nomo, tamb\u00e9m carimbados.<\/p>\n<p style=\"text-align: justify;\">Estudantes que regressaram ao seu pa\u00eds de origem com a rece\u00e7\u00e3o do pedido de primeira nota<\/p>\n<p style=\"text-align: justify;\">poder\u00e1, no entanto, obter um visto de reentrada, mas apenas sujeito \u00e0 autoriza\u00e7\u00e3o do<\/p>\n<p style=\"text-align: justify;\">Sede da pol\u00edcia.<\/p>\n<p style=\"text-align: justify;\">O visto de reentrada pode ser solicitado por cidad\u00e3os estrangeiros que j\u00e1 residam regularmente na It\u00e1lia com a \u201cAutoriza\u00e7\u00e3o de Resid\u00eancia\u201d numa das seguintes condi\u00e7\u00f5es:<\/p>\n<ul style=\"text-align: justify;\">\n<li>Autoriza\u00e7\u00e3o de resid\u00eancia caducada h\u00e1 menos de 60 dias e cuja renova\u00e7\u00e3o o titular tenha solicitado \u00e0s autoridades italianas nos prazos legais;<\/li>\n<li>Autoriza\u00e7\u00e3o de Resid\u00eancia caducada h\u00e1 menos de 60 dias e cuja renova\u00e7\u00e3o n\u00e3o tenha sido solicitada pelo titular no prazo legal. O prazo de 60 dias \u00e9 alargado para 6 meses no caso de motivos graves comprovados de sa\u00fade pessoal ou de familiar pr\u00f3ximo (pais, c\u00f4njuges, filhos).<\/li>\n<li>V\u00e1lido, mas roubado ou perdido.<\/li>\n<\/ul>\n<p style=\"text-align: justify;\">A emiss\u00e3o do visto est\u00e1 sujeita \u00e0 autoriza\u00e7\u00e3o (Nulla Osta) da Sede da Pol\u00edcia Italiana competente.<\/p>\n<p style=\"text-align: justify;\">Os candidatos dever\u00e3o apresentar os seguintes documentos:<\/p>\n<ol style=\"text-align: justify;\">\n<li>Formul\u00e1rio de pedido de visto de entrada;<\/li>\n<li>Fotografia recente tamanho passaporte (tirada profissionalmente, frente inteira, fundo branco);<\/li>\n<li>Documento de viagem v\u00e1lido com prazo de validade pelo menos tr\u00eas meses superior ao do visto solicitado<\/li>\n<li>Autoriza\u00e7\u00e3o de resid\u00eancia: a) em caso de furto ou extravio da autoriza\u00e7\u00e3o de resid\u00eancia, c\u00f3pia do respectivo boletim de ocorr\u00eancia feito \u00e0s autoridades policiais. O visto ser\u00e1 emitido mediante obten\u00e7\u00e3o de autoriza\u00e7\u00e3o na delegacia (Questura) competente; b) no caso de autoriza\u00e7\u00e3o de resid\u00eancia caducada h\u00e1 menos de 60 dias, original ou c\u00f3pia do documento caducado e recibo do pedido de renova\u00e7\u00e3o;<\/li>\n<li>Autoriza\u00e7\u00e3o da Delegacia de Pol\u00edcia (Questura) competente;<\/li>\n<li>Reserva ou bilhete de ida e volta.<\/li>\n<\/ol>\n<p style=\"text-align: justify;\">Os funcion\u00e1rios consulares poder\u00e3o solicitar documentos adicionais a seu crit\u00e9rio. Esteja ciente de que o envio da documenta\u00e7\u00e3o exigida n\u00e3o garante a emiss\u00e3o do visto. Observe que documenta\u00e7\u00e3o incompleta n\u00e3o ser\u00e1 aceita.<\/p>\n","protected":false},"excerpt":{"rendered":"Visto tipo D Tempo m\u00e1ximo de processamento: 90 dias De acordo com as disposi\u00e7\u00f5es atuais do Minist\u00e9rio do Interior, podem ser isentos de visto de reentrada todos os estrangeiros na posse do recibo de renova\u00e7\u00e3o da autoriza\u00e7\u00e3o de resid\u00eancia, desde que: \u2014 utilizar apenas um ponto de passagem de fronteira externa na It\u00e1lia para reentrar, [&hellip;]","protected":false},"author":1,"featured_media":0,"parent":191,"menu_order":0,"comment_status":"closed","ping_status":"closed","template":"","meta":{"footnotes":""},"class_list":["post-3851","page","type-page","status-publish","hentry"],"_links":{"self":[{"href":"https:\/\/consportoalegre.esteri.it\/pt\/wp-json\/wp\/v2\/pages\/3851","targetHints":{"allow":["GET"]}}],"collection":[{"href":"https:\/\/consportoalegre.esteri.it\/pt\/wp-json\/wp\/v2\/pages"}],"about":[{"href":"https:\/\/consportoalegre.esteri.it\/pt\/wp-json\/wp\/v2\/types\/page"}],"author":[{"embeddable":true,"href":"https:\/\/consportoalegre.esteri.it\/pt\/wp-json\/wp\/v2\/users\/1"}],"replies":[{"embeddable":true,"href":"https:\/\/consportoalegre.esteri.it\/pt\/wp-json\/wp\/v2\/comments?post=3851"}],"version-history":[{"count":1,"href":"https:\/\/consportoalegre.esteri.it\/pt\/wp-json\/wp\/v2\/pages\/3851\/revisions"}],"predecessor-version":[{"id":3854,"href":"https:\/\/consportoalegre.esteri.it\/pt\/wp-json\/wp\/v2\/pages\/3851\/revisions\/3854"}],"up":[{"embeddable":true,"href":"https:\/\/consportoalegre.esteri.it\/pt\/wp-json\/wp\/v2\/pages\/191"}],"wp:attachment":[{"href":"https:\/\/consportoalegre.esteri.it\/pt\/wp-json\/wp\/v2\/media?parent=3851"}],"curies":[{"name":"wp","href":"https:\/\/api.w.org\/{rel}","templated":true}]}}