{"id":3849,"date":"2024-10-25T11:22:24","date_gmt":"2024-10-25T09:22:24","guid":{"rendered":"https:\/\/consportoalegre.esteri.it\/?page_id=3849"},"modified":"2024-10-25T11:22:24","modified_gmt":"2024-10-25T09:22:24","slug":"visto-por-motivos-religiosos","status":"publish","type":"page","link":"https:\/\/consportoalegre.esteri.it\/pt\/servizi-consolari-e-visti\/servizi-per-il-cittadino-straniero\/visti\/visto-por-motivos-religiosos\/","title":{"rendered":"Visto por motivos religiosos"},"content":{"rendered":"<p style=\"text-align: justify;\">Visto tipo C (at\u00e9 90 dias), visto tipo D (mais de 90 dias)<\/p>\n<p style=\"text-align: justify;\">Tempo m\u00e1ximo de processamento: 90 dias<\/p>\n<p style=\"text-align: justify;\">Os candidatos dever\u00e3o apresentar os seguintes documentos:<\/p>\n<ol style=\"text-align: justify;\">\n<li>Formul\u00e1rio de Solicita\u00e7\u00e3o de Visto devidamente preenchido e assinado no Consulado; para visto de curta dura\u00e7\u00e3o at\u00e9 90 dias, fa\u00e7a o download e preencha o formul\u00e1rio de solicita\u00e7\u00e3o de visto Schengen; para visto de longa perman\u00eancia al\u00e9m de 90 dias, fa\u00e7a o download e preencha o formul\u00e1rio de inscri\u00e7\u00e3o de longo prazo; voc\u00ea deve comparecer pessoalmente;<\/li>\n<li>Foto recente tipo passaporte (tirada profissionalmente, frente inteira, fundo branco);<\/li>\n<li>Passaporte ou documento de viagem v\u00e1lido por tr\u00eas meses ap\u00f3s a estadia prevista do requerente na It\u00e1lia; o passaporte ser\u00e1 guardado e devolvido junto com o visto, caso aprovado;<\/li>\n<li>Reserva ou bilhete de ida (volta s\u00f3 para estadias menores de 90 dias) ou comprovativo de meio de transporte pessoal dispon\u00edvel;<\/li>\n<li>Documenta\u00e7\u00e3o adequada relativa \u00e0 qualifica\u00e7\u00e3o \u201creligiosa\u201d efetiva do candidato; os candidatos devem fornecer uma carta original da sua Congrega\u00e7\u00e3o\/Par\u00f3quia declarando a sua posi\u00e7\u00e3o dentro da par\u00f3quia e a sua miss\u00e3o na It\u00e1lia;<\/li>\n<li>Garantias adequadas e documentadas quanto ao car\u00e1ter religioso do evento em que o requerente pretende participar ou quanto \u00e0 atividade a desenvolver na It\u00e1lia; a carta da Congrega\u00e7\u00e3o na It\u00e1lia dever\u00e1 especificar o objetivo da viagem, o nome e endere\u00e7o da organiza\u00e7\u00e3o onde o requerente pretende permanecer e a dura\u00e7\u00e3o da estadia; essa carta tamb\u00e9m dever\u00e1 mencionar a cobertura de todas as despesas de subsist\u00eancia, incluindo assist\u00eancia m\u00e9dica (apenas para vistos de longa dura\u00e7\u00e3o); men\u00e7\u00e3o espec\u00edfica deve ser feita ao fato de que, enquanto estiver na It\u00e1lia, as necessidades pessoais do requerente ser\u00e3o integralmente atendidas pela Congrega\u00e7\u00e3o; a carta dever\u00e1 ostentar o selo oficial das autoridades competentes da Santa S\u00e9;<\/li>\n<li>Prova de meios econ\u00f4micos de apoio de acordo com a Directiva 1.3.2000 do Minist\u00e9rio do Interior (clique aqui) ou declara\u00e7\u00e3o de assun\u00e7\u00e3o de responsabilidade pela organiza\u00e7\u00e3o religiosa (se todas as despesas de subsist\u00eancia n\u00e3o forem cobertas pela Congrega\u00e7\u00e3o Italiana);<\/li>\n<li>Seguro de sa\u00fade com cobertura m\u00ednima de 30.000\u20ac para urg\u00eancias hospitalares e despesas de repatriamento para vistos de curta dura\u00e7\u00e3o.<\/li>\n<\/ol>\n<p style=\"text-align: justify;\">Aos candidatos que pretendam (ou sejam chamados a) frequentar cursos de noviciado, estudos religiosos ou forma\u00e7\u00e3o religiosa ser\u00e1 concedido um visto de estudo.<\/p>\n<p style=\"text-align: justify;\">Aos candidatos que pretendam (ou sejam chamados a) realizar tarefas relacionadas com atividades laborais ser\u00e1 concedido um visto de trabalho adequado.<\/p>\n<p style=\"text-align: justify;\">Aos candidatos \u201cn\u00e3o religiosos\u201d que pretendam participar em peregrina\u00e7\u00f5es ou outros eventos religiosos ser\u00e1 concedido um visto de turista.<\/p>\n<p style=\"text-align: justify;\">Os funcion\u00e1rios consulares poder\u00e3o solicitar documentos adicionais a seu crit\u00e9rio. Esteja ciente de que o envio da documenta\u00e7\u00e3o exigida n\u00e3o garante a emiss\u00e3o do visto. Observe que documenta\u00e7\u00e3o incompleta n\u00e3o ser\u00e1 aceita.<\/p>\n","protected":false},"excerpt":{"rendered":"Visto tipo C (at\u00e9 90 dias), visto tipo D (mais de 90 dias) Tempo m\u00e1ximo de processamento: 90 dias Os candidatos dever\u00e3o apresentar os seguintes documentos: Formul\u00e1rio de Solicita\u00e7\u00e3o de Visto devidamente preenchido e assinado no Consulado; para visto de curta dura\u00e7\u00e3o at\u00e9 90 dias, fa\u00e7a o download e preencha o formul\u00e1rio de solicita\u00e7\u00e3o de [&hellip;]","protected":false},"author":1,"featured_media":0,"parent":191,"menu_order":0,"comment_status":"closed","ping_status":"closed","template":"","meta":{"footnotes":""},"class_list":["post-3849","page","type-page","status-publish","hentry"],"_links":{"self":[{"href":"https:\/\/consportoalegre.esteri.it\/pt\/wp-json\/wp\/v2\/pages\/3849","targetHints":{"allow":["GET"]}}],"collection":[{"href":"https:\/\/consportoalegre.esteri.it\/pt\/wp-json\/wp\/v2\/pages"}],"about":[{"href":"https:\/\/consportoalegre.esteri.it\/pt\/wp-json\/wp\/v2\/types\/page"}],"author":[{"embeddable":true,"href":"https:\/\/consportoalegre.esteri.it\/pt\/wp-json\/wp\/v2\/users\/1"}],"replies":[{"embeddable":true,"href":"https:\/\/consportoalegre.esteri.it\/pt\/wp-json\/wp\/v2\/comments?post=3849"}],"version-history":[{"count":1,"href":"https:\/\/consportoalegre.esteri.it\/pt\/wp-json\/wp\/v2\/pages\/3849\/revisions"}],"predecessor-version":[{"id":3850,"href":"https:\/\/consportoalegre.esteri.it\/pt\/wp-json\/wp\/v2\/pages\/3849\/revisions\/3850"}],"up":[{"embeddable":true,"href":"https:\/\/consportoalegre.esteri.it\/pt\/wp-json\/wp\/v2\/pages\/191"}],"wp:attachment":[{"href":"https:\/\/consportoalegre.esteri.it\/pt\/wp-json\/wp\/v2\/media?parent=3849"}],"curies":[{"name":"wp","href":"https:\/\/api.w.org\/{rel}","templated":true}]}}