{"id":3846,"date":"2024-10-25T11:20:46","date_gmt":"2024-10-25T09:20:46","guid":{"rendered":"https:\/\/consportoalegre.esteri.it\/?page_id=3846"},"modified":"2024-10-25T11:20:46","modified_gmt":"2024-10-25T09:20:46","slug":"visto-para-missao","status":"publish","type":"page","link":"https:\/\/consportoalegre.esteri.it\/pt\/servizi-consolari-e-visti\/servizi-per-il-cittadino-straniero\/visti\/visto-para-missao\/","title":{"rendered":"Visto para miss\u00e3o"},"content":{"rendered":"<p style=\"text-align: justify;\">Visto tipo C (at\u00e9 90 dias), Visto tipo D (mais de 90 dias)<\/p>\n<p style=\"text-align: justify;\">Tempo m\u00e1ximo de processamento: 90 dias (15 dias, extens\u00edvel at\u00e9 45 para vistos Schengen)<\/p>\n<p style=\"text-align: justify;\">O visto \u00e9 concedido a estrangeiros que ocupem cargos governamentais ou sejam funcion\u00e1rios de administra\u00e7\u00e3o p\u00fablica, \u00f3rg\u00e3os p\u00fablicos ou organiza\u00e7\u00f5es internacionais enviados \u00e0 It\u00e1lia para o desempenho de suas fun\u00e7\u00f5es. O visto tamb\u00e9m \u00e9 concedido a cidad\u00e3os privados se o objetivo da sua viagem ou a import\u00e2ncia das suas atividades puderem ser considerados de utilidade p\u00fablica para as rela\u00e7\u00f5es entre o seu Estado de origem e a It\u00e1lia.<\/p>\n<p style=\"text-align: justify;\">Em particular o visto de miss\u00e3o pode ser concedido a:<\/p>\n<ul style=\"text-align: justify;\">\n<li>Funcion\u00e1rios empregados por administra\u00e7\u00f5es de pa\u00edses estrangeiros em miss\u00f5es de trabalho na It\u00e1lia;<\/li>\n<li>Pessoal das organiza\u00e7\u00f5es internacionais com as quais est\u00e3o em vigor Acordos de Sede;<\/li>\n<li>Pessoal com contratos a termo certo de organiza\u00e7\u00f5es internacionais com as quais estejam em vigor Acordos de Sede, e a personalidades e membros de delega\u00e7\u00f5es por eles oficialmente convidados \u00e0 It\u00e1lia para participar de confer\u00eancias, reuni\u00f5es, conven\u00e7\u00f5es e eventos;<\/li>\n<li>Pessoal civil destinado a servir nas bases militares da NATO (os militares est\u00e3o isentos de visto), que dizem respeito tanto \u00e0 \u201ccomponente civil\u201d (funcion\u00e1rios n\u00e3o militares diretamente empregados pelo Departamento de Defesa dos EUA e que acompanham as suas For\u00e7as Armadas) como ao \u201cpessoal civil\u201d (t\u00e9cnicos e contratados de empresas privadas, funcion\u00e1rios de outros departamentos americanos e outro pessoal);<\/li>\n<li>Personalidades e estrangeiros que ocupam altos cargos civis e religiosos;<\/li>\n<li>Personalidades e membros de delega\u00e7\u00f5es oficialmente convidados pelo Governo italiano;<\/li>\n<li>Participantes em eventos e reuni\u00f5es previstas em acordos bilaterais ou multilaterais dos quais a It\u00e1lia \u00e9 parte contratante;<\/li>\n<li>Jornalistas estrangeiros, correspondentes oficiais a serem credenciados na It\u00e1lia, somente ap\u00f3s terem solicitado e obtido autoriza\u00e7\u00e3o do Servi\u00e7o de Imprensa;<\/li>\n<li>Mediante solicita\u00e7\u00e3o do CONI, poder\u00e1 ser emitido visto de miss\u00e3o para atletas que participem de eventos esportivos ou que pretendam permanecer na It\u00e1lia por per\u00edodos de treinamento superiores a 90 dias;<\/li>\n<li>Funcion\u00e1rios diplom\u00e1ticos estrangeiros, para estadias oficiais de curta dura\u00e7\u00e3o na It\u00e1lia, desde que n\u00e3o impliquem credenciamento ou notifica\u00e7\u00e3o formal;<\/li>\n<li>Cidad\u00e3os estrangeiros que se dirigem a organiza\u00e7\u00f5es internacionais para atividades culturais ou de pesquisa.<\/li>\n<\/ul>\n<p style=\"text-align: justify;\">Os familiares, membros da unidade familiar imediata do requerente que possam acompanhar o estrangeiro, poder\u00e3o obter um visto de miss\u00e3o semelhante.<\/p>\n<p style=\"text-align: justify;\">Os candidatos dever\u00e3o apresentar os seguintes documentos:<\/p>\n<ol style=\"text-align: justify;\">\n<li>Formul\u00e1rio de pedido de visto de entrada;<\/li>\n<li>Fotografia recente tamanho passaporte (tirada profissionalmente, frente inteira, fundo branco);<\/li>\n<li>Documento de viagem v\u00e1lido com prazo de validade pelo menos tr\u00eas meses superior ao do visto solicitado;<\/li>\n<li>Documenta\u00e7\u00e3o comprovativa do estatuto de funcion\u00e1rios p\u00fablicos ou organiza\u00e7\u00f5es internacionais enviada para It\u00e1lia para o desempenho das suas fun\u00e7\u00f5es;<\/li>\n<li>Documenta\u00e7\u00e3o comprovativa do estatuto de cidad\u00e3o privado cuja actividade ou finalidade de estada seja de utilidade p\u00fablica para as rela\u00e7\u00f5es entre a It\u00e1lia e o seu Estado de origem.<\/li>\n<\/ol>\n<p style=\"text-align: justify;\">Os funcion\u00e1rios consulares poder\u00e3o solicitar documentos adicionais a seu crit\u00e9rio. Esteja ciente de que o envio da documenta\u00e7\u00e3o exigida n\u00e3o garante a emiss\u00e3o do visto. Observe que documenta\u00e7\u00e3o incompleta n\u00e3o ser\u00e1 aceita.<\/p>\n","protected":false},"excerpt":{"rendered":"Visto tipo C (at\u00e9 90 dias), Visto tipo D (mais de 90 dias) Tempo m\u00e1ximo de processamento: 90 dias (15 dias, extens\u00edvel at\u00e9 45 para vistos Schengen) O visto \u00e9 concedido a estrangeiros que ocupem cargos governamentais ou sejam funcion\u00e1rios de administra\u00e7\u00e3o p\u00fablica, \u00f3rg\u00e3os p\u00fablicos ou organiza\u00e7\u00f5es internacionais enviados \u00e0 It\u00e1lia para o desempenho de [&hellip;]","protected":false},"author":1,"featured_media":0,"parent":191,"menu_order":0,"comment_status":"closed","ping_status":"closed","template":"","meta":{"footnotes":""},"class_list":["post-3846","page","type-page","status-publish","hentry"],"_links":{"self":[{"href":"https:\/\/consportoalegre.esteri.it\/pt\/wp-json\/wp\/v2\/pages\/3846","targetHints":{"allow":["GET"]}}],"collection":[{"href":"https:\/\/consportoalegre.esteri.it\/pt\/wp-json\/wp\/v2\/pages"}],"about":[{"href":"https:\/\/consportoalegre.esteri.it\/pt\/wp-json\/wp\/v2\/types\/page"}],"author":[{"embeddable":true,"href":"https:\/\/consportoalegre.esteri.it\/pt\/wp-json\/wp\/v2\/users\/1"}],"replies":[{"embeddable":true,"href":"https:\/\/consportoalegre.esteri.it\/pt\/wp-json\/wp\/v2\/comments?post=3846"}],"version-history":[{"count":1,"href":"https:\/\/consportoalegre.esteri.it\/pt\/wp-json\/wp\/v2\/pages\/3846\/revisions"}],"predecessor-version":[{"id":3848,"href":"https:\/\/consportoalegre.esteri.it\/pt\/wp-json\/wp\/v2\/pages\/3846\/revisions\/3848"}],"up":[{"embeddable":true,"href":"https:\/\/consportoalegre.esteri.it\/pt\/wp-json\/wp\/v2\/pages\/191"}],"wp:attachment":[{"href":"https:\/\/consportoalegre.esteri.it\/pt\/wp-json\/wp\/v2\/media?parent=3846"}],"curies":[{"name":"wp","href":"https:\/\/api.w.org\/{rel}","templated":true}]}}