{"id":3840,"date":"2024-10-25T11:20:13","date_gmt":"2024-10-25T09:20:13","guid":{"rendered":"https:\/\/consportoalegre.esteri.it\/?page_id=3840"},"modified":"2024-10-25T11:20:13","modified_gmt":"2024-10-25T09:20:13","slug":"visto-por-convite","status":"publish","type":"page","link":"https:\/\/consportoalegre.esteri.it\/pt\/servizi-consolari-e-visti\/servizi-per-il-cittadino-straniero\/visti\/visto-por-convite\/","title":{"rendered":"Visto por convite"},"content":{"rendered":"<p style=\"text-align: justify;\">Visto tipo C, at\u00e9 90 dias<\/p>\n<p style=\"text-align: justify;\">Tempo m\u00e1ximo de processamento: 15 dias, prorrog\u00e1vel nos casos previstos at\u00e9 45<\/p>\n<p style=\"text-align: justify;\">Os candidatos dever\u00e3o apresentar os seguintes documentos:<\/p>\n<ol style=\"text-align: justify;\">\n<li>Convite de \u00f3rg\u00e3os, institui\u00e7\u00f5es e organiza\u00e7\u00f5es p\u00fablicas ou privadas de renome para eventos e manifesta\u00e7\u00f5es pol\u00edticas, cient\u00edficas e culturais;<\/li>\n<li>Meios de apoio econ\u00f4mico adequados, em rela\u00e7\u00e3o ao per\u00edodo de estadia solicitado, n\u00e3o inferiores aos previstos na \u201cTabela A\u201d da Directiva do Minist\u00e9rio do Interior de 1.3.2000, se as despesas n\u00e3o forem suportadas pelo convidante corpo;<\/li>\n<li>Bilhete de ida e volta (ou reserva), ou a demonstra\u00e7\u00e3o da disponibilidade de meio de transporte pessoal;<\/li>\n<li>Disponibilidade de alojamento (reserva de hotel, declara\u00e7\u00e3o de hospitalidade, declara\u00e7\u00e3o de assun\u00e7\u00e3o dos custos de alojamento pela organiza\u00e7\u00e3o convidante);<\/li>\n<li>Seguro de sa\u00fade Schengen.<\/li>\n<\/ol>\n<p style=\"text-align: justify;\">Qualquer acompanhante do estrangeiro convidado poder\u00e1 receber visto de turista.<\/p>\n<p style=\"text-align: justify;\">Os funcion\u00e1rios consulares poder\u00e3o solicitar documentos adicionais a seu crit\u00e9rio. Esteja ciente de que o envio da documenta\u00e7\u00e3o exigida n\u00e3o garante a emiss\u00e3o do visto. Observe que documenta\u00e7\u00e3o incompleta n\u00e3o ser\u00e1 aceita.<\/p>\n","protected":false},"excerpt":{"rendered":"Visto tipo C, at\u00e9 90 dias Tempo m\u00e1ximo de processamento: 15 dias, prorrog\u00e1vel nos casos previstos at\u00e9 45 Os candidatos dever\u00e3o apresentar os seguintes documentos: Convite de \u00f3rg\u00e3os, institui\u00e7\u00f5es e organiza\u00e7\u00f5es p\u00fablicas ou privadas de renome para eventos e manifesta\u00e7\u00f5es pol\u00edticas, cient\u00edficas e culturais; Meios de apoio econ\u00f4mico adequados, em rela\u00e7\u00e3o ao per\u00edodo de estadia [&hellip;]","protected":false},"author":1,"featured_media":0,"parent":191,"menu_order":0,"comment_status":"closed","ping_status":"closed","template":"","meta":{"footnotes":""},"class_list":["post-3840","page","type-page","status-publish","hentry"],"_links":{"self":[{"href":"https:\/\/consportoalegre.esteri.it\/pt\/wp-json\/wp\/v2\/pages\/3840","targetHints":{"allow":["GET"]}}],"collection":[{"href":"https:\/\/consportoalegre.esteri.it\/pt\/wp-json\/wp\/v2\/pages"}],"about":[{"href":"https:\/\/consportoalegre.esteri.it\/pt\/wp-json\/wp\/v2\/types\/page"}],"author":[{"embeddable":true,"href":"https:\/\/consportoalegre.esteri.it\/pt\/wp-json\/wp\/v2\/users\/1"}],"replies":[{"embeddable":true,"href":"https:\/\/consportoalegre.esteri.it\/pt\/wp-json\/wp\/v2\/comments?post=3840"}],"version-history":[{"count":1,"href":"https:\/\/consportoalegre.esteri.it\/pt\/wp-json\/wp\/v2\/pages\/3840\/revisions"}],"predecessor-version":[{"id":3843,"href":"https:\/\/consportoalegre.esteri.it\/pt\/wp-json\/wp\/v2\/pages\/3840\/revisions\/3843"}],"up":[{"embeddable":true,"href":"https:\/\/consportoalegre.esteri.it\/pt\/wp-json\/wp\/v2\/pages\/191"}],"wp:attachment":[{"href":"https:\/\/consportoalegre.esteri.it\/pt\/wp-json\/wp\/v2\/media?parent=3840"}],"curies":[{"name":"wp","href":"https:\/\/api.w.org\/{rel}","templated":true}]}}