{"id":3835,"date":"2024-10-25T11:19:13","date_gmt":"2024-10-25T09:19:13","guid":{"rendered":"https:\/\/consportoalegre.esteri.it\/?page_id=3835"},"modified":"2024-10-25T11:19:13","modified_gmt":"2024-10-25T09:19:13","slug":"visto-de-investidor","status":"publish","type":"page","link":"https:\/\/consportoalegre.esteri.it\/pt\/servizi-consolari-e-visti\/servizi-per-il-cittadino-straniero\/visti\/visto-de-investidor\/","title":{"rendered":"Visto de investidor"},"content":{"rendered":"<p style=\"text-align: justify;\">Visto Nacional tipo D<\/p>\n<p style=\"text-align: justify;\">Tempo m\u00e1ximo de processamento: 90 dias<\/p>\n<p style=\"text-align: justify;\">Os candidatos dever\u00e3o apresentar os seguintes documentos:<\/p>\n<ol style=\"text-align: justify;\">\n<li>Formul\u00e1rio de pedido de visto de entrada;<\/li>\n<li>Fotografia recente tamanho passaporte (tirada profissionalmente, frente inteira, fundo branco);<\/li>\n<li>Documento de viagem v\u00e1lido com prazo de validade pelo menos tr\u00eas meses superior ao do visto solicitado;<\/li>\n<li>Posse de meios pelo menos superiores ao n\u00edvel m\u00ednimo exigido por lei para isen\u00e7\u00e3o de participa\u00e7\u00e3o nos custos de sa\u00fade, para a pr\u00f3pria manuten\u00e7\u00e3o durante a estadia na It\u00e1lia;<\/li>\n<li>Demonstra\u00e7\u00e3o de serem propriet\u00e1rios ou benefici\u00e1rios efetivos do montante previsto para o investimento, transfer\u00edvel para It\u00e1lia;<\/li>\n<li>Autoriza\u00e7\u00e3o (Nulla Osta) espec\u00edfica emitida pelo Comit\u00ea de Visto de Investidor para It\u00e1lia.<\/li>\n<\/ol>\n<p style=\"text-align: justify;\">Os mesmos benef\u00edcios aplicam-se tamb\u00e9m a quaisquer familiares do requerente do visto que pretendam acompanhar ou visitar para estadias de curta dura\u00e7\u00e3o (visto de turismo) ou que pretendam reunir-se e que sejam titulares do Nulla Osta emitido pelo SUI (visto por motivos familiares). .<\/p>\n<p style=\"text-align: justify;\">Os funcion\u00e1rios consulares poder\u00e3o solicitar documentos adicionais a seu crit\u00e9rio. Esteja ciente de que o envio da documenta\u00e7\u00e3o exigida n\u00e3o garante a emiss\u00e3o do visto. Observe que documenta\u00e7\u00e3o incompleta n\u00e3o ser\u00e1 aceita.<\/p>\n","protected":false},"excerpt":{"rendered":"Visto Nacional tipo D Tempo m\u00e1ximo de processamento: 90 dias Os candidatos dever\u00e3o apresentar os seguintes documentos: Formul\u00e1rio de pedido de visto de entrada; Fotografia recente tamanho passaporte (tirada profissionalmente, frente inteira, fundo branco); Documento de viagem v\u00e1lido com prazo de validade pelo menos tr\u00eas meses superior ao do visto solicitado; Posse de meios pelo [&hellip;]","protected":false},"author":1,"featured_media":0,"parent":191,"menu_order":0,"comment_status":"closed","ping_status":"closed","template":"","meta":{"footnotes":""},"class_list":["post-3835","page","type-page","status-publish","hentry"],"_links":{"self":[{"href":"https:\/\/consportoalegre.esteri.it\/pt\/wp-json\/wp\/v2\/pages\/3835","targetHints":{"allow":["GET"]}}],"collection":[{"href":"https:\/\/consportoalegre.esteri.it\/pt\/wp-json\/wp\/v2\/pages"}],"about":[{"href":"https:\/\/consportoalegre.esteri.it\/pt\/wp-json\/wp\/v2\/types\/page"}],"author":[{"embeddable":true,"href":"https:\/\/consportoalegre.esteri.it\/pt\/wp-json\/wp\/v2\/users\/1"}],"replies":[{"embeddable":true,"href":"https:\/\/consportoalegre.esteri.it\/pt\/wp-json\/wp\/v2\/comments?post=3835"}],"version-history":[{"count":1,"href":"https:\/\/consportoalegre.esteri.it\/pt\/wp-json\/wp\/v2\/pages\/3835\/revisions"}],"predecessor-version":[{"id":3837,"href":"https:\/\/consportoalegre.esteri.it\/pt\/wp-json\/wp\/v2\/pages\/3835\/revisions\/3837"}],"up":[{"embeddable":true,"href":"https:\/\/consportoalegre.esteri.it\/pt\/wp-json\/wp\/v2\/pages\/191"}],"wp:attachment":[{"href":"https:\/\/consportoalegre.esteri.it\/pt\/wp-json\/wp\/v2\/media?parent=3835"}],"curies":[{"name":"wp","href":"https:\/\/api.w.org\/{rel}","templated":true}]}}