{"id":3826,"date":"2024-10-25T11:18:17","date_gmt":"2024-10-25T09:18:17","guid":{"rendered":"https:\/\/consportoalegre.esteri.it\/?page_id=3826"},"modified":"2024-10-25T11:18:17","modified_gmt":"2024-10-25T09:18:17","slug":"visto-para-tratamento-medico","status":"publish","type":"page","link":"https:\/\/consportoalegre.esteri.it\/pt\/servizi-consolari-e-visti\/servizi-per-il-cittadino-straniero\/visti\/visto-para-tratamento-medico\/","title":{"rendered":"Visto para tratamento m\u00e9dico"},"content":{"rendered":"<p style=\"text-align: justify;\">Visto tipo C (at\u00e9 90 dias), Visto tipo D (mais de 90 dias)<\/p>\n<p style=\"text-align: justify;\">Tempo m\u00e1ximo de processamento: 90 dias<\/p>\n<p style=\"text-align: justify;\">Os candidatos dever\u00e3o apresentar os seguintes documentos:<\/p>\n<ol style=\"text-align: justify;\">\n<li>Formul\u00e1rio de pedido de visto de entrada: Visto tipo C (at\u00e9 90 dias), Visto tipo D (ais de 90 dias);<\/li>\n<li>Fotografia recente tamanho passaporte (tirada profissionalmente, frente inteira, fundo branco);<\/li>\n<li>Documento de viagem v\u00e1lido com prazo de validade pelo menos tr\u00eas meses superior ao do visto solicitado<\/li>\n<li>Documenta\u00e7\u00e3o m\u00e9dico-sanit\u00e1ria incluindo: a) documenta\u00e7\u00e3o m\u00e9dica emitida no pa\u00eds de resid\u00eancia que ateste a enfermidade real; b) declara\u00e7\u00e3o do estabelecimento de sa\u00fade p\u00fablico ou privado italiano (este \u00faltimo deve ser credenciado pelo Servi\u00e7o Nacional de Sa\u00fade) indicando o tipo de tratamento, data de in\u00edcio, dura\u00e7\u00e3o e custo estimado; c) certifica\u00e7\u00e3o do estabelecimento de sa\u00fade italiano confirmando o dep\u00f3sito de pelo menos 30% do custo presum\u00edvel do servi\u00e7o solicitado, ou, alternativamente, resolu\u00e7\u00e3o regional espec\u00edfica ou autoriza\u00e7\u00e3o espec\u00edfica emitida pelo Minist\u00e9rio da Sa\u00fade no contexto de programas humanit\u00e1rios;<\/li>\n<li>Documenta\u00e7\u00e3o que comprove a disponibilidade na It\u00e1lia de recursos suficientes para o pagamento do restante das despesas de sa\u00fade, alimenta\u00e7\u00e3o e alojamento fora do estabelecimento de sa\u00fade, e para a repatria\u00e7\u00e3o do paciente e de qualquer acompanhante;<\/li>\n<li>Para quaisquer acompanhantes do doente, seguro de sa\u00fade, com uma cobertura m\u00ednima de 30.000\u20ac, que cobre as despesas necess\u00e1rias ao internamento hospitalar de urg\u00eancia e despesas de repatriamento;<\/li>\n<li>Reserva ou bilhete de regresso ou demonstra\u00e7\u00e3o da disponibilidade de meio de transporte pessoal, incluindo qualquer acompanhante<\/li>\n<\/ol>\n<p style=\"text-align: justify;\">No caso de consultas m\u00e9dicas simples, ser\u00e1 emitido visto de turista. Caso o requerente deva realizar exames m\u00e9dicos ocasionais, ainda que agendados por um longo per\u00edodo de tempo, na presen\u00e7a dos requisitos exigidos, poder\u00e1 ser emitido um visto de turista com m\u00faltiplas entradas de curta dura\u00e7\u00e3o e com validade adequada \u00e0s necessidades m\u00e9dicas documentadas. Se considerar necess\u00e1rio, a Representa\u00e7\u00e3o poder\u00e1 solicitar atestado elaborado por m\u00e9dico de confian\u00e7a da Sede atestando que os tratamentos considerados necess\u00e1rios n\u00e3o est\u00e3o dispon\u00edveis no pa\u00eds de origem.<\/p>\n<p style=\"text-align: justify;\">Desde que existam meios econ\u00f4micos de sustento adequados, o visto para tratamento m\u00e9dico poder\u00e1 tamb\u00e9m ser emitido ao pessoal especializado que acompanha o estrangeiro doente, ou aos familiares ou outros acompanhantes que o assistam.<\/p>\n<p style=\"text-align: justify;\">Os funcion\u00e1rios consulares poder\u00e3o solicitar documentos adicionais a seu crit\u00e9rio. Esteja ciente de que o envio da documenta\u00e7\u00e3o exigida n\u00e3o garante a emiss\u00e3o do visto. Observe que documenta\u00e7\u00e3o incompleta n\u00e3o ser\u00e1 aceita.<\/p>\n","protected":false},"excerpt":{"rendered":"Visto tipo C (at\u00e9 90 dias), Visto tipo D (mais de 90 dias) Tempo m\u00e1ximo de processamento: 90 dias Os candidatos dever\u00e3o apresentar os seguintes documentos: Formul\u00e1rio de pedido de visto de entrada: Visto tipo C (at\u00e9 90 dias), Visto tipo D (ais de 90 dias); Fotografia recente tamanho passaporte (tirada profissionalmente, frente inteira, fundo [&hellip;]","protected":false},"author":1,"featured_media":0,"parent":191,"menu_order":0,"comment_status":"closed","ping_status":"closed","template":"","meta":{"footnotes":""},"class_list":["post-3826","page","type-page","status-publish","hentry"],"_links":{"self":[{"href":"https:\/\/consportoalegre.esteri.it\/pt\/wp-json\/wp\/v2\/pages\/3826","targetHints":{"allow":["GET"]}}],"collection":[{"href":"https:\/\/consportoalegre.esteri.it\/pt\/wp-json\/wp\/v2\/pages"}],"about":[{"href":"https:\/\/consportoalegre.esteri.it\/pt\/wp-json\/wp\/v2\/types\/page"}],"author":[{"embeddable":true,"href":"https:\/\/consportoalegre.esteri.it\/pt\/wp-json\/wp\/v2\/users\/1"}],"replies":[{"embeddable":true,"href":"https:\/\/consportoalegre.esteri.it\/pt\/wp-json\/wp\/v2\/comments?post=3826"}],"version-history":[{"count":1,"href":"https:\/\/consportoalegre.esteri.it\/pt\/wp-json\/wp\/v2\/pages\/3826\/revisions"}],"predecessor-version":[{"id":3828,"href":"https:\/\/consportoalegre.esteri.it\/pt\/wp-json\/wp\/v2\/pages\/3826\/revisions\/3828"}],"up":[{"embeddable":true,"href":"https:\/\/consportoalegre.esteri.it\/pt\/wp-json\/wp\/v2\/pages\/191"}],"wp:attachment":[{"href":"https:\/\/consportoalegre.esteri.it\/pt\/wp-json\/wp\/v2\/media?parent=3826"}],"curies":[{"name":"wp","href":"https:\/\/api.w.org\/{rel}","templated":true}]}}