{"id":3823,"date":"2024-10-25T11:17:41","date_gmt":"2024-10-25T09:17:41","guid":{"rendered":"https:\/\/consportoalegre.esteri.it\/?page_id=3823"},"modified":"2024-10-25T11:17:41","modified_gmt":"2024-10-25T09:17:41","slug":"visto-para-adocao","status":"publish","type":"page","link":"https:\/\/consportoalegre.esteri.it\/pt\/servizi-consolari-e-visti\/servizi-per-il-cittadino-straniero\/visti\/visto-para-adocao\/","title":{"rendered":"Visto para ado\u00e7\u00e3o"},"content":{"rendered":"<p style=\"text-align: justify;\">Visto Nacional tipo D, mais de 90 dias<\/p>\n<p style=\"text-align: justify;\">Tempo m\u00e1ximo de processamento: 90 dias<\/p>\n<p style=\"text-align: justify;\">Hip\u00f3tese de entrada para ado\u00e7\u00e3o:<\/p>\n<ul style=\"text-align: justify;\">\n<li>Cidad\u00e3os italianos residentes na It\u00e1lia que adotam menor estrangeiro residente no exterior. Para emiss\u00e3o de visto para ado\u00e7\u00e3o \u00e9 sempre exigida e necess\u00e1ria a obten\u00e7\u00e3o da autoriza\u00e7\u00e3o (Nulla Osta) CAI;<\/li>\n<li>Cidad\u00e3os estrangeiros residentes na It\u00e1lia que adotem menor estrangeiro residente no exterior de acordo com a legisla\u00e7\u00e3o do pa\u00eds de que s\u00e3o cidad\u00e3os. \u00c9 necess\u00e1rio obter a elegibilidade para ado\u00e7\u00e3o expedida pelo Juizado de Menores. Para emiss\u00e3o de visto para ado\u00e7\u00e3o \u00e9 sempre exigida e necess\u00e1ria a obten\u00e7\u00e3o da autoriza\u00e7\u00e3o (Nulla Osta) CAI;<\/li>\n<li>Cidad\u00e3os estrangeiros residentes na It\u00e1lia que tenham adotado um menor estrangeiro residente no exterior antes de sua resid\u00eancia na It\u00e1lia. N\u00e3o \u00e9 exigida a disposi\u00e7\u00e3o de aptid\u00e3o para ado\u00e7\u00e3o emitida pelo Juizado de Menores, nem a disposi\u00e7\u00e3o de autoriza\u00e7\u00e3o de entrada no CAI;<\/li>\n<li>Cidad\u00e3os com dupla cidadania ou casais mistos (italiano+estrangeiro) residentes na It\u00e1lia que adoptem um menor estrangeiro residente no estrangeiro: &#8211; nestes casos, \u00e9 considerada a resid\u00eancia e n\u00e3o a nacionalidade para efeitos de identifica\u00e7\u00e3o da lei aplic\u00e1vel. \u00c9 necess\u00e1rio obter a elegibilidade para ado\u00e7\u00e3o expedida pelo Juizado de Menores. Para emiss\u00e3o de visto para ado\u00e7\u00e3o \u00e9 sempre exigida e necess\u00e1ria a obten\u00e7\u00e3o da autoriza\u00e7\u00e3o CAI;<\/li>\n<li>Cidad\u00e3os italianos residentes no exterior h\u00e1 mais de dois anos que adotam menor estrangeiro residente no exterior: os c\u00f4njuges adotam de acordo com a legisla\u00e7\u00e3o do pa\u00eds estrangeiro onde residem. Se exigido pela legisla\u00e7\u00e3o estrangeira, dever\u00e3o obter a elegibilidade para ado\u00e7\u00e3o expedida pelo Juizado de Menores. A pena estrangeira \u00e9 reconhecida para todos os efeitos na It\u00e1lia por ordem do Tribunal de Menores, desde que cumpra os princ\u00edpios da Conven\u00e7\u00e3o. Para emiss\u00e3o do visto para ado\u00e7\u00e3o \u00e9 necess\u00e1ria a Autoriza\u00e7\u00e3o CAI;<\/li>\n<li>Cidad\u00e3os italianos ou estrangeiros residentes na It\u00e1lia que adotam um adulto no exterior mediante decis\u00e3o do tribunal local: reconhecimento da senten\u00e7a de ado\u00e7\u00e3o na It\u00e1lia.<\/li>\n<\/ul>\n<p style=\"text-align: justify;\">Os candidatos dever\u00e3o apresentar os seguintes documentos:<\/p>\n<ol style=\"text-align: justify;\">\n<li>Formul\u00e1rio de pedido de visto de entrada (Nacional tipo D);<\/li>\n<li>Fotografia recente tamanho passaporte (tirada profissionalmente, frente inteira, fundo branco);<\/li>\n<li>Documento de viagem v\u00e1lido com prazo de validade pelo menos tr\u00eas meses superior ao do visto solicitado;<\/li>\n<li>Autoriza\u00e7\u00e3o nominativa emitida pela Comiss\u00e3o de Ado\u00e7\u00f5es Internacionais;<\/li>\n<li>Autoriza\u00e7\u00e3o (Nulla Osta) da Comiss\u00e3o de Ado\u00e7\u00f5es Internacionais para qualquer outro caso de ado\u00e7\u00e3o fora dos procedimentos previstos na Lei 184\/1983.<\/li>\n<\/ol>\n<p style=\"text-align: justify;\">O pedido de visto para ado\u00e7\u00e3o \u00e9 tratado gratuitamente. Os funcion\u00e1rios consulares poder\u00e3o solicitar documentos adicionais a seu crit\u00e9rio. Esteja ciente de que o envio da documenta\u00e7\u00e3o exigida n\u00e3o garante a emiss\u00e3o do visto. Observe que documenta\u00e7\u00e3o incompleta n\u00e3o ser\u00e1 aceita.<\/p>\n","protected":false},"excerpt":{"rendered":"Visto Nacional tipo D, mais de 90 dias Tempo m\u00e1ximo de processamento: 90 dias Hip\u00f3tese de entrada para ado\u00e7\u00e3o: Cidad\u00e3os italianos residentes na It\u00e1lia que adotam menor estrangeiro residente no exterior. Para emiss\u00e3o de visto para ado\u00e7\u00e3o \u00e9 sempre exigida e necess\u00e1ria a obten\u00e7\u00e3o da autoriza\u00e7\u00e3o (Nulla Osta) CAI; Cidad\u00e3os estrangeiros residentes na It\u00e1lia que [&hellip;]","protected":false},"author":1,"featured_media":0,"parent":191,"menu_order":0,"comment_status":"closed","ping_status":"closed","template":"","meta":{"footnotes":""},"class_list":["post-3823","page","type-page","status-publish","hentry"],"_links":{"self":[{"href":"https:\/\/consportoalegre.esteri.it\/pt\/wp-json\/wp\/v2\/pages\/3823","targetHints":{"allow":["GET"]}}],"collection":[{"href":"https:\/\/consportoalegre.esteri.it\/pt\/wp-json\/wp\/v2\/pages"}],"about":[{"href":"https:\/\/consportoalegre.esteri.it\/pt\/wp-json\/wp\/v2\/types\/page"}],"author":[{"embeddable":true,"href":"https:\/\/consportoalegre.esteri.it\/pt\/wp-json\/wp\/v2\/users\/1"}],"replies":[{"embeddable":true,"href":"https:\/\/consportoalegre.esteri.it\/pt\/wp-json\/wp\/v2\/comments?post=3823"}],"version-history":[{"count":1,"href":"https:\/\/consportoalegre.esteri.it\/pt\/wp-json\/wp\/v2\/pages\/3823\/revisions"}],"predecessor-version":[{"id":3825,"href":"https:\/\/consportoalegre.esteri.it\/pt\/wp-json\/wp\/v2\/pages\/3823\/revisions\/3825"}],"up":[{"embeddable":true,"href":"https:\/\/consportoalegre.esteri.it\/pt\/wp-json\/wp\/v2\/pages\/191"}],"wp:attachment":[{"href":"https:\/\/consportoalegre.esteri.it\/pt\/wp-json\/wp\/v2\/media?parent=3823"}],"curies":[{"name":"wp","href":"https:\/\/api.w.org\/{rel}","templated":true}]}}