{"id":3821,"date":"2024-10-25T11:16:54","date_gmt":"2024-10-25T09:16:54","guid":{"rendered":"https:\/\/consportoalegre.esteri.it\/?page_id=3821"},"modified":"2024-10-25T11:16:54","modified_gmt":"2024-10-25T09:16:54","slug":"visto-para-residencia-eletiva","status":"publish","type":"page","link":"https:\/\/consportoalegre.esteri.it\/pt\/servizi-consolari-e-visti\/servizi-per-il-cittadino-straniero\/visti\/visto-para-residencia-eletiva\/","title":{"rendered":"Visto para resid\u00eancia eletiva"},"content":{"rendered":"<p style=\"text-align: justify;\">Visto Nacional tipo D, mais de 90 dias<\/p>\n<p style=\"text-align: justify;\">Tempo m\u00e1ximo de processamento: 90 dias<\/p>\n<p style=\"text-align: justify;\">Permite a entrada em territ\u00f3rio nacional, para efeitos de estada de longa dura\u00e7\u00e3o, por tempo determinado ou indeterminado, a estrangeiros que pretendam instalar-se na It\u00e1lia e tenham condi\u00e7\u00f5es de se sustentar de forma independente.<\/p>\n<p style=\"text-align: justify;\">Os candidatos dever\u00e3o apresentar os seguintes documentos:<\/p>\n<ol style=\"text-align: justify;\">\n<li>Formul\u00e1rio de pedido de visto de entrada (Nacional tipo D);<\/li>\n<li>Fotografia recente tamanho passaporte (tirada profissionalmente, frente inteira, fundo branco);<\/li>\n<li>Documento de viagem v\u00e1lido com prazo de validade pelo menos tr\u00eas meses superior ao do visto solicitado;<\/li>\n<li>Recursos econ\u00f4micos documentados e amplos, aut\u00f3nomos, est\u00e1veis \u200b\u200be regulares, cuja continuidade ao longo do tempo pode razoavelmente ser assumida, provenientes de outras fontes que n\u00e3o atividades de trabalho subordinadas (totalizando cerca de 31.000 euros anuais por requerente), provenientes de pens\u00f5es, anuidades, rendimentos de propriedades, fundos fiduci\u00e1rios ou fundos de investimento e rendimentos de atividades econ\u00f4micas e comerciais est\u00e1veis;<\/li>\n<li>Disponibilidade de alojamento a ser eleito como resid\u00eancia, pr\u00f3prio ou alugado com contrato j\u00e1 assinado;<\/li>\n<li>Carta de Inten\u00e7\u00f5es: uma carta explicando os motivos da sua inten\u00e7\u00e3o de se mudar para a It\u00e1lia;<\/li>\n<li>Reservas de voos (1 s\u00f3 ida);<\/li>\n<li>Ap\u00f3lice de seguro Schengen que cobre evacua\u00e7\u00e3o de emerg\u00eancia e repatria\u00e7\u00e3o de restos mortais.<\/li>\n<\/ol>\n<p style=\"text-align: justify;\">O visto de resid\u00eancia tamb\u00e9m pode ser emitido para c\u00f4njuge dependente e filhos menores e filhos dependentes maiores de 18 anos que vivam com os pais, desde que o requerente demonstre activos financeiros adequados para os sustentar (num total de cerca de 31.000 euros anuais por requerente).<\/p>\n<p style=\"text-align: justify;\">Os funcion\u00e1rios consulares poder\u00e3o solicitar documentos adicionais a seu crit\u00e9rio. Esteja ciente de que o envio da documenta\u00e7\u00e3o exigida n\u00e3o garante a emiss\u00e3o do visto. Observe que documenta\u00e7\u00e3o incompleta n\u00e3o ser\u00e1 aceita.<\/p>\n","protected":false},"excerpt":{"rendered":"Visto Nacional tipo D, mais de 90 dias Tempo m\u00e1ximo de processamento: 90 dias Permite a entrada em territ\u00f3rio nacional, para efeitos de estada de longa dura\u00e7\u00e3o, por tempo determinado ou indeterminado, a estrangeiros que pretendam instalar-se na It\u00e1lia e tenham condi\u00e7\u00f5es de se sustentar de forma independente. Os candidatos dever\u00e3o apresentar os seguintes documentos: [&hellip;]","protected":false},"author":1,"featured_media":0,"parent":191,"menu_order":0,"comment_status":"closed","ping_status":"closed","template":"","meta":{"footnotes":""},"class_list":["post-3821","page","type-page","status-publish","hentry"],"_links":{"self":[{"href":"https:\/\/consportoalegre.esteri.it\/pt\/wp-json\/wp\/v2\/pages\/3821","targetHints":{"allow":["GET"]}}],"collection":[{"href":"https:\/\/consportoalegre.esteri.it\/pt\/wp-json\/wp\/v2\/pages"}],"about":[{"href":"https:\/\/consportoalegre.esteri.it\/pt\/wp-json\/wp\/v2\/types\/page"}],"author":[{"embeddable":true,"href":"https:\/\/consportoalegre.esteri.it\/pt\/wp-json\/wp\/v2\/users\/1"}],"replies":[{"embeddable":true,"href":"https:\/\/consportoalegre.esteri.it\/pt\/wp-json\/wp\/v2\/comments?post=3821"}],"version-history":[{"count":1,"href":"https:\/\/consportoalegre.esteri.it\/pt\/wp-json\/wp\/v2\/pages\/3821\/revisions"}],"predecessor-version":[{"id":3822,"href":"https:\/\/consportoalegre.esteri.it\/pt\/wp-json\/wp\/v2\/pages\/3821\/revisions\/3822"}],"up":[{"embeddable":true,"href":"https:\/\/consportoalegre.esteri.it\/pt\/wp-json\/wp\/v2\/pages\/191"}],"wp:attachment":[{"href":"https:\/\/consportoalegre.esteri.it\/pt\/wp-json\/wp\/v2\/media?parent=3821"}],"curies":[{"name":"wp","href":"https:\/\/api.w.org\/{rel}","templated":true}]}}