{"id":3809,"date":"2024-10-25T11:14:16","date_gmt":"2024-10-25T09:14:16","guid":{"rendered":"https:\/\/consportoalegre.esteri.it\/?page_id=3809"},"modified":"2024-10-25T11:14:16","modified_gmt":"2024-10-25T09:14:16","slug":"visto-esportivo-competicao-esportiva","status":"publish","type":"page","link":"https:\/\/consportoalegre.esteri.it\/pt\/servizi-consolari-e-visti\/servizi-per-il-cittadino-straniero\/visti\/visto-esportivo-competicao-esportiva\/","title":{"rendered":"Visto esportivo\/competi\u00e7\u00e3o esportiva"},"content":{"rendered":"<p style=\"text-align: justify;\">Visto tipo C, at\u00e9 90 dias<\/p>\n<p style=\"text-align: justify;\">Tempo m\u00e1ximo de processamento: 15 dias, prorrog\u00e1vel nos casos previstos at\u00e9 45<\/p>\n<p style=\"text-align: justify;\">O visto de competi\u00e7\u00e3o desportiva permite a entrada, para estada de curta dura\u00e7\u00e3o, a atletas, treinadores, dirigentes t\u00e9cnico-desportivos, treinadores desportivos que pretendam participar ou sejam convidados a participar (tanto amadores como profissionais) em competi\u00e7\u00f5es individuais ou numa s\u00e9rie de eventos desportivos organizados na It\u00e1lia por federa\u00e7\u00f5es desportivas nacionais ou por modalidades desportivas associadas reconhecidas pelo Comit\u00e9 Ol\u00edmpico Nacional Italiano.<\/p>\n<p style=\"text-align: justify;\">O visto para competi\u00e7\u00e3o desportiva, observados os demais requisitos exigidos, s\u00f3 poder\u00e1 ser emitido se houver comunica\u00e7\u00e3o do CONI certificando a notoriedade da competi\u00e7\u00e3o, que confirme o convite para participa\u00e7\u00e3o dirigido ao grupo desportivo ou atleta individual e solicite a libera\u00e7\u00e3o do visto de entrada. Esta comunica\u00e7\u00e3o poder\u00e1 assumir a forma de carimbo de \u201cn\u00e3o impedimento\u201d, com protocolo e assinatura do Gestor do CONI, afixado na declara\u00e7\u00e3o de convite da Federa\u00e7\u00e3o ou disciplina desportiva convidante.<\/p>\n<p style=\"text-align: justify;\">O visto tamb\u00e9m pode ser emitido para solicita\u00e7\u00f5es de cursos de forma\u00e7\u00e3o, per\u00edodos de adapta\u00e7\u00e3o, semin\u00e1rios e reuni\u00f5es desportivas. Na falta de comunica\u00e7\u00e3o do CONI, eventualmente poder\u00e1 ser concedido visto de turista, desde que atendidas as condi\u00e7\u00f5es e requisitos estabelecidos.<\/p>\n<p style=\"text-align: justify;\">O visto poder\u00e1 ser emitido mesmo na aus\u00eancia de comunica\u00e7\u00e3o do CONI, caso o atleta deva participar de evento de renome, constante dos calend\u00e1rios fornecidos pelas respectivas federa\u00e7\u00f5es internacionais.<\/p>\n<p style=\"text-align: justify;\">Ao familiar que possa acompanhar o estrangeiro poder\u00e1 ser concedido, desde que reunidas as condi\u00e7\u00f5es e cumpridos os requisitos exigidos, um visto de turista.<\/p>\n<p style=\"text-align: justify;\">Os candidatos dever\u00e3o apresentar os seguintes documentos:<\/p>\n<ol style=\"text-align: justify;\">\n<li>Formul\u00e1rio de solicita\u00e7\u00e3o de visto (at\u00e9 90 dias). O formul\u00e1rio deve ser datado e assinado na frente de um oficial de vistos.<\/li>\n<li>Fotografia recente, tamanho passaporte (fundo branco, rosto inteiro e vista frontal);<\/li>\n<li>Passaporte v\u00e1lido mais 1 c\u00f3pia da p\u00e1gina com fotografia e data de validade. O passaporte ou documento de viagem deve ser v\u00e1lido por pelo menos tr\u00eas meses ap\u00f3s a data de vencimento do visto. Certifique-se de que o passaporte tenha pelo menos duas p\u00e1ginas em branco para afixar o visto;<\/li>\n<li>C\u00f3pia da carta dirigida pela Organiza\u00e7\u00e3o Desportiva Italiana \u00e0s Autoridades Policiais Italianas, \u00e0 Federa\u00e7\u00e3o Desportiva e ao requerente, solicitando a autoriza\u00e7\u00e3o para contratar o atleta, especificando o tipo de atividade desportiva e a dura\u00e7\u00e3o do contrato;<\/li>\n<li>Carta de anu\u00eancia do CONI enviada diretamente ao Consulado pelo pr\u00f3prio CONI;<\/li>\n<li>Bilhete de ida e volta (ou reserva);<\/li>\n<li>Seguro de sa\u00fade Schengen;<\/li>\n<li>Disponibilidade de alojamento (reserva de hotel, declara\u00e7\u00e3o de hospitalidade, declara\u00e7\u00e3o de assun\u00e7\u00e3o dos custos de alojamento pela Federa\u00e7\u00e3o convidante ou disciplina desportiva, etc.);<\/li>\n<li>Demonstra\u00e7\u00e3o da disponibilidade de meios de apoio relativamente \u00e0 estadia na It\u00e1lia, num montante n\u00e3o inferior ao estabelecido na Tabela A anexa \u00e0 Directiva do Minist\u00e9rio do Interior de 1.3.2000.<\/li>\n<\/ol>\n<p style=\"text-align: justify;\">Os funcion\u00e1rios consulares poder\u00e3o solicitar documentos adicionais a seu crit\u00e9rio. Esteja ciente de que o envio da documenta\u00e7\u00e3o exigida n\u00e3o garante a emiss\u00e3o do visto. Observe que documenta\u00e7\u00e3o incompleta n\u00e3o ser\u00e1 aceita.<\/p>\n","protected":false},"excerpt":{"rendered":"Visto tipo C, at\u00e9 90 dias Tempo m\u00e1ximo de processamento: 15 dias, prorrog\u00e1vel nos casos previstos at\u00e9 45 O visto de competi\u00e7\u00e3o desportiva permite a entrada, para estada de curta dura\u00e7\u00e3o, a atletas, treinadores, dirigentes t\u00e9cnico-desportivos, treinadores desportivos que pretendam participar ou sejam convidados a participar (tanto amadores como profissionais) em competi\u00e7\u00f5es individuais ou numa [&hellip;]","protected":false},"author":1,"featured_media":0,"parent":191,"menu_order":0,"comment_status":"closed","ping_status":"closed","template":"","meta":{"footnotes":""},"class_list":["post-3809","page","type-page","status-publish","hentry"],"_links":{"self":[{"href":"https:\/\/consportoalegre.esteri.it\/pt\/wp-json\/wp\/v2\/pages\/3809","targetHints":{"allow":["GET"]}}],"collection":[{"href":"https:\/\/consportoalegre.esteri.it\/pt\/wp-json\/wp\/v2\/pages"}],"about":[{"href":"https:\/\/consportoalegre.esteri.it\/pt\/wp-json\/wp\/v2\/types\/page"}],"author":[{"embeddable":true,"href":"https:\/\/consportoalegre.esteri.it\/pt\/wp-json\/wp\/v2\/users\/1"}],"replies":[{"embeddable":true,"href":"https:\/\/consportoalegre.esteri.it\/pt\/wp-json\/wp\/v2\/comments?post=3809"}],"version-history":[{"count":1,"href":"https:\/\/consportoalegre.esteri.it\/pt\/wp-json\/wp\/v2\/pages\/3809\/revisions"}],"predecessor-version":[{"id":3811,"href":"https:\/\/consportoalegre.esteri.it\/pt\/wp-json\/wp\/v2\/pages\/3809\/revisions\/3811"}],"up":[{"embeddable":true,"href":"https:\/\/consportoalegre.esteri.it\/pt\/wp-json\/wp\/v2\/pages\/191"}],"wp:attachment":[{"href":"https:\/\/consportoalegre.esteri.it\/pt\/wp-json\/wp\/v2\/media?parent=3809"}],"curies":[{"name":"wp","href":"https:\/\/api.w.org\/{rel}","templated":true}]}}