{"id":3804,"date":"2024-10-25T11:13:37","date_gmt":"2024-10-25T09:13:37","guid":{"rendered":"https:\/\/consportoalegre.esteri.it\/?page_id=3804"},"modified":"2025-01-10T14:45:14","modified_gmt":"2025-01-10T13:45:14","slug":"visto-para-estudo","status":"publish","type":"page","link":"https:\/\/consportoalegre.esteri.it\/pt\/servizi-consolari-e-visti\/servizi-per-il-cittadino-straniero\/visti\/visto-para-estudo\/","title":{"rendered":"Visto para estudo"},"content":{"rendered":"<p style=\"text-align: justify;\">At\u00e9 90 dias Visto tipo C, mais de 90 dias Visto tipo D<\/p>\n<p style=\"text-align: justify;\">Tempo m\u00e1ximo de processamento: 90 dias<\/p>\n<p style=\"text-align: justify;\">Todas as marca\u00e7\u00f5es s\u00e3o presenciais e devem ser agendadas o mais tardar 7 dias antes e n\u00e3o antes de 6 meses da data programada de partida. Os candidatos dever\u00e3o apresentar os seguintes documentos:<\/p>\n<p style=\"text-align: justify;\">Se estiverem reunidas as condi\u00e7\u00f5es e os requisitos, poder\u00e1 ser emitido aos familiares dos estudantes um visto por motivos familiares, ou um visto de turista no caso de visitas para estadias de curta dura\u00e7\u00e3o.<\/p>\n<p style=\"text-align: justify;\">Os funcion\u00e1rios consulares poder\u00e3o solicitar documentos adicionais a seu crit\u00e9rio. Esteja ciente de que o envio da documenta\u00e7\u00e3o exigida n\u00e3o garante a emiss\u00e3o do visto. Observe que documenta\u00e7\u00e3o incompleta n\u00e3o ser\u00e1 aceita.<\/p>\n<p style=\"text-align: justify;\"><strong>Estudo &#8211; Programas universit\u00e1rios italianos completos<\/strong> (UniversItaly) \u2013 mais de 90 dias<\/p>\n<p style=\"text-align: justify;\">Todas as pr\u00e9-inscri\u00e7\u00f5es devem ser conclu\u00eddas atrav\u00e9s da Universitaly. <a href=\"https:\/\/www.universitaly.it\/studenti-stranieri\">https:\/\/www.universitaly.it\/studenti-stranieri<\/a><\/p>\n<p style=\"text-align: justify;\">Os candidatos dever\u00e3o apresentar os seguintes documentos:<\/p>\n<ol style=\"text-align: justify;\">\n<li>Formul\u00e1rio de pedido de visto de entrada<\/li>\n<li>Fotografia recente tamanho passaporte (tirada profissionalmente, frente inteira, fundo branco);<\/li>\n<li>Passaporte ou documento de viagem v\u00e1lido com prazo de validade pelo menos tr\u00eas meses superior ao do visto solicitado;<\/li>\n<li>Disponibilidade de acomoda\u00e7\u00e3o adequada na It\u00e1lia;<\/li>\n<li>Reserva de voo de ida;<\/li>\n<li>Demonstra\u00e7\u00e3o da disponibilidade de meios de apoio na It\u00e1lia, num valor n\u00e3o inferior a 460,28\u20ac para cada m\u00eas do ano letivo. Esta disponibilidade pode ser comprovada atrav\u00e9s: da demonstra\u00e7\u00e3o de meios pessoais ou familiares; garantias econ\u00f4micas prestadas por institui\u00e7\u00f5es e organismos italianos com cr\u00e9dito estabelecido, por governos locais, ou por institui\u00e7\u00f5es e organismos estrangeiros considerados fi\u00e1veis \u200b\u200bpela representa\u00e7\u00e3o diplom\u00e1tica italiana;<\/li>\n<li>Seguro de sa\u00fade;<\/li>\n<li>Inscri\u00e7\u00e3o ou pr\u00e9-inscri\u00e7\u00e3o para o curso a ser realizado na It\u00e1lia.<\/li>\n<\/ol>\n<p style=\"text-align: justify;\">\u00a0Os requisitos e procedimentos para emiss\u00e3o do visto s\u00e3o indicados em norma espec\u00edfica, publicada anualmente pelo MIUR, em conv\u00eanio com o MAECI e o Minist\u00e9rio do Interior.<\/p>\n<p style=\"text-align: justify;\">Os funcion\u00e1rios consulares poder\u00e3o solicitar documentos adicionais a seu crit\u00e9rio. Esteja ciente de que o envio da documenta\u00e7\u00e3o exigida n\u00e3o garante a emiss\u00e3o do visto. Observe que documenta\u00e7\u00e3o incompleta n\u00e3o ser\u00e1 aceita.<\/p>\n<p style=\"text-align: justify;\"><strong>Estudo &#8211; Forma\u00e7\u00e3o profissional <\/strong>\u2013 mais de 90 dias<\/p>\n<p style=\"text-align: justify;\">Os candidatos dever\u00e3o apresentar os seguintes documentos:<\/p>\n<ol style=\"text-align: justify;\">\n<li>Formul\u00e1rio de pedido de visto de entrada<\/li>\n<li>Fotografia recente tamanho passaporte (tirada profissionalmente, frente inteira, fundo branco);<\/li>\n<li>Passaporte ou documento de viagem v\u00e1lido com prazo de validade pelo menos tr\u00eas meses superior ao do visto solicitado;<\/li>\n<li>Documenta\u00e7\u00e3o de inscri\u00e7\u00e3o no curso de forma\u00e7\u00e3o profissional que pretende frequentar (com indica\u00e7\u00e3o da dura\u00e7\u00e3o, programa, certifica\u00e7\u00e3o adquirida, etc.). O curso dever\u00e1 ser organizado por entidades formadoras que tenham obtido acredita\u00e7\u00e3o para gerir cursos de forma\u00e7\u00e3o profissional (nos termos do art. 142, n.\u00ba 1, letra d, Decreto Legislativo 112\/1998; Portaria Ministerial do Minist\u00e9rio do Trabalho n.\u00ba 166 de 25\/05 \/2001). O curso n\u00e3o pode ter dura\u00e7\u00e3o superior a 24 meses e deve visar o reconhecimento de uma qualifica\u00e7\u00e3o ou, em qualquer caso, a certifica\u00e7\u00e3o das compet\u00eancias adquiridas;<\/li>\n<li>Documenta\u00e7\u00e3o relativa \u00e0 forma\u00e7\u00e3o adquirida no pa\u00eds de origem;<\/li>\n<li>Demonstra\u00e7\u00e3o da disponibilidade de meios de apoio relativamente \u00e0 estadia na It\u00e1lia, num montante n\u00e3o inferior ao estabelecido na Tabela A anexa \u00e0 Directiva do Minist\u00e9rio do Interior de 1.3.2000;<\/li>\n<li>Declara\u00e7\u00e3o sobre a disponibilidade de alojamento adequado na It\u00e1lia, bem como o montante necess\u00e1rio para o repatriamento, possivelmente tamb\u00e9m comprov\u00e1vel atrav\u00e9s da apresenta\u00e7\u00e3o de um bilhete a\u00e9reo;<\/li>\n<li>Cobertura de seguro\/sa\u00fade para tratamentos m\u00e9dicos e interna\u00e7\u00f5es hospitalares, que n\u00e3o deve implicar limita\u00e7\u00f5es ou exce\u00e7\u00f5es.<\/li>\n<\/ol>\n<p style=\"text-align: justify;\">Nota: A participa\u00e7\u00e3o em atividades ou cursos de estudo ou forma\u00e7\u00e3o profissional sobre temas m\u00e9dico-sanit\u00e1rios que impliquem o exerc\u00edcio de atividades de sa\u00fade est\u00e1 tamb\u00e9m sujeita ao reconhecimento pr\u00e9vio da qualifica\u00e7\u00e3o pelo Minist\u00e9rio da Sa\u00fade. Nos casos em que n\u00e3o esteja prevista a realiza\u00e7\u00e3o de atividades assistenciais aos pacientes, dever\u00e1 ser anexada \u00e0 solicita\u00e7\u00e3o de visto declara\u00e7\u00e3o do respons\u00e1vel legal do estabelecimento de sa\u00fade onde \u00e9 realizada a atividade de estudo, confirmando que o interessado n\u00e3o realizar\u00e1 esse tipo de atividade.<\/p>\n<p style=\"text-align: justify;\">Os funcion\u00e1rios consulares poder\u00e3o solicitar documentos adicionais a seu crit\u00e9rio. Esteja ciente de que o envio da documenta\u00e7\u00e3o exigida n\u00e3o garante a emiss\u00e3o do visto. Observe que documenta\u00e7\u00e3o incompleta n\u00e3o ser\u00e1 aceita.<\/p>\n<p style=\"text-align: justify;\"><strong>Estudo \u2013 Est\u00e1gio<\/strong> \u2013 mais de 90 dias<\/p>\n<p style=\"text-align: justify;\">Os candidatos dever\u00e3o apresentar os seguintes documentos:<\/p>\n<ol style=\"text-align: justify;\">\n<li>Formul\u00e1rio de pedido de visto de entrada: para vistos de curta dura\u00e7\u00e3o de at\u00e9 90 dias, fa\u00e7a o download e preencha o formul\u00e1rio de solicita\u00e7\u00e3o de visto Schengen. Para vistos de longa perman\u00eancia al\u00e9m de 90 dias, fa\u00e7a o download e preencha o formul\u00e1rio de inscri\u00e7\u00e3o de longo prazo;<\/li>\n<li>Fotografia recente tamanho passaporte (tirada profissionalmente, frente inteira, fundo branco);<\/li>\n<li>Passaporte ou documento de viagem v\u00e1lido com prazo de validade pelo menos tr\u00eas meses superior ao do visto solicitado;<\/li>\n<li>Certid\u00e3o de nascimento original ou c\u00f3pia autenticada;<\/li>\n<li>Reservas de voos de ida;<\/li>\n<li>Demonstra\u00e7\u00e3o da disponibilidade de meios de apoio relativamente \u00e0 estadia na It\u00e1lia, num montante n\u00e3o inferior ao estabelecido na Tabela A anexa \u00e0 Directiva do Minist\u00e9rio do Interior de 1.3.2000;<\/li>\n<li>Declara\u00e7\u00e3o sobre a disponibilidade de alojamento adequado na It\u00e1lia, bem como o montante necess\u00e1rio para o repatriamento, possivelmente tamb\u00e9m comprov\u00e1vel atrav\u00e9s da apresenta\u00e7\u00e3o de um bilhete a\u00e9reo;<\/li>\n<li>Cobertura de seguro\/sa\u00fade para tratamentos m\u00e9dicos e interna\u00e7\u00f5es hospitalares, que n\u00e3o deve implicar limita\u00e7\u00f5es ou exce\u00e7\u00f5es;<\/li>\n<li>Documenta\u00e7\u00e3o relativa ao est\u00e1gio. Os est\u00e1gios s\u00e3o realizados com base num acordo espec\u00edfico estipulado entre o promotor e o empregador de acolhimento<\/li>\n<\/ol>\n<p style=\"text-align: justify;\">Os funcion\u00e1rios consulares poder\u00e3o solicitar documentos adicionais a seu crit\u00e9rio. Esteja ciente de que o envio da documenta\u00e7\u00e3o exigida n\u00e3o garante a emiss\u00e3o do visto. Observe que documenta\u00e7\u00e3o incompleta n\u00e3o ser\u00e1 aceita.<\/p>\n<p style=\"text-align: justify;\"><strong>Estudo &#8211; Cursos de l\u00edngua italiana<\/strong> \u2013 mais de 90 dias<\/p>\n<p style=\"text-align: justify;\">Os candidatos dever\u00e3o apresentar os seguintes documentos:<\/p>\n<ol style=\"text-align: justify;\">\n<li>Formul\u00e1rio de pedido de visto de longa dura\u00e7\u00e3o (Nacional tipo D);<\/li>\n<li>Uma foto recente tamanho passaporte (tirada profissionalmente, frente inteira, fundo branco);<\/li>\n<li>Passaporte (v\u00e1lido por pelo menos 90 dias al\u00e9m da estadia pretendida na It\u00e1lia) original e fotoc\u00f3pia da p\u00e1gina principal;<\/li>\n<li>Certifica\u00e7\u00e3o de profici\u00eancia lingu\u00edstica em italiano (n\u00edvel B1);<\/li>\n<li>C\u00f3pia de um dos seguintes documentos: carteira de motorista, carteira de identidade, conta de luz ou contrato de loca\u00e7\u00e3o;<\/li>\n<li>Declara\u00e7\u00e3o sobre a disponibilidade de alojamento adequado na It\u00e1lia;<\/li>\n<li>Reservas de voos de ida;<\/li>\n<li>Cobertura de seguro\/sa\u00fade;<\/li>\n<li>Carta de Matr\u00edcula preenchida pela Institui\u00e7\u00e3o na It\u00e1lia endere\u00e7ada ao Escrit\u00f3rio de Vistos do Consulado Italiano em Porto Alegre, confirmando a matr\u00edcula do aluno, datas de dura\u00e7\u00e3o do programa, carga hor\u00e1ria semanal (m\u00ednimo 20 horas semanais).<\/li>\n<li>Demonstra\u00e7\u00e3o da disponibilidade de meios de apoio relativamente \u00e0 estadia na It\u00e1lia, num montante n\u00e3o inferior ao estabelecido na Tabela A anexa \u00e0 Directiva do Minist\u00e9rio do Interior de 1.3.2000<\/li>\n<\/ol>\n<p style=\"text-align: justify;\">O n\u00edvel do curso de italiano deve ser pelo menos n\u00edvel B1 e proporcionado por uma escola conveniada com uma das Institu\u00e7\u00f5es \u201cCLIQ\u201d.\u00a0 Esta exig\u00eancia \u00e9 dispensada caso o aluno esteja matriculado nas seguintes institui\u00e7\u00f5es \u201cCLIQ\u201d: Universit\u00e0 degli Studi di Siena; Universit\u00e0 degli Studi di Roma Tre; Universit\u00e0 degli Studi di Perugia; Societ\u00e0 Dante Alighieri.<\/p>\n<p style=\"text-align: justify;\">Os cursos devem ser de alto n\u00edvel, a tempo integral e de dura\u00e7\u00e3o fixa, verificada a coer\u00eancia dos cursos a frequentar na It\u00e1lia com a forma\u00e7\u00e3o adquirida no pa\u00eds de origem, verificada a disponibilidade econ\u00f4mica (Diretiva do Minist\u00e9rio do Interior 01\/03\/2000, artigos 2.\u00ba e 4.\u00ba &#8211; metade do valor anual do subs\u00eddio social e da contribui\u00e7\u00e3o exigida para a inscri\u00e7\u00e3o no servi\u00e7o nacional de sa\u00fade &#8211; ou para a subscri\u00e7\u00e3o de um seguro &#8211; durante a estadia solicitada) e o validade da inscri\u00e7\u00e3o ou pr\u00e9-inscri\u00e7\u00e3o no curso.<\/p>\n<p style=\"text-align: justify;\">Os funcion\u00e1rios consulares poder\u00e3o solicitar documentos adicionais a seu crit\u00e9rio. Esteja ciente de que o envio da documenta\u00e7\u00e3o exigida n\u00e3o garante a emiss\u00e3o do visto. Observe que documenta\u00e7\u00e3o incompleta n\u00e3o ser\u00e1 aceita.<\/p>\n<p style=\"text-align: justify;\"><strong>Estudo &#8211; Curso universit\u00e1rio \u00fanico<\/strong> \u2013 mais de 90 dias<\/p>\n<p style=\"text-align: justify;\">Os candidatos dever\u00e3o apresentar os seguintes documentos:<\/p>\n<ol style=\"text-align: justify;\">\n<li>Formul\u00e1rio de pedido de visto de entrada (Nacional tipo D);<\/li>\n<li>Fotografia recente tamanho passaporte (tirada profissionalmente, frente inteira, fundo branco);<\/li>\n<li>Documento de viagem v\u00e1lido com prazo de validade pelo menos tr\u00eas meses superior ao do visto solicitado;<\/li>\n<li>Demonstra\u00e7\u00e3o da disponibilidade de alojamento na It\u00e1lia: reserva de hotel, declara\u00e7\u00e3o de hospitalidade;<\/li>\n<li>Reserva de voo de ida;<\/li>\n<li>Demonstra\u00e7\u00e3o da disponibilidade de meios de apoio relativamente \u00e0 estadia na It\u00e1lia, num montante n\u00e3o inferior ao estabelecido na Tabela A anexa \u00e0 Directiva do Minist\u00e9rio do Interior de 1.3.2000;<\/li>\n<li>Inscri\u00e7\u00e3o (de acordo com os prazos estabelecidos pelos regulamentos do MIUR) em um ou mais cursos \u00fanicos ou &#8220;est\u00e1gios&#8221; universit\u00e1rios em universidades p\u00fablicas ou privadas italianas autorizadas a emitir qualifica\u00e7\u00f5es com valor legal;<\/li>\n<li>Seguro de sa\u00fade, se o estrangeiro n\u00e3o tiver direito a cuidados de sa\u00fade na It\u00e1lia em virtude de acordos ou conven\u00e7\u00f5es em vigor com o seu pa\u00eds.<\/li>\n<\/ol>\n<p style=\"text-align: justify;\">Os funcion\u00e1rios consulares poder\u00e3o solicitar documentos adicionais a seu crit\u00e9rio. Esteja ciente de que o envio da documenta\u00e7\u00e3o exigida n\u00e3o garante a emiss\u00e3o do visto. Observe que documenta\u00e7\u00e3o incompleta n\u00e3o ser\u00e1 aceita.<\/p>\n<p style=\"text-align: justify;\"><strong>Estudo &#8211; Forma\u00e7\u00e3o cont\u00ednua ou forma\u00e7\u00e3o p\u00f3s-graduada<\/strong> \u2013 mais de 90 dias<\/p>\n<p style=\"text-align: justify;\">Os candidatos dever\u00e3o apresentar os seguintes documentos:<\/p>\n<ol style=\"text-align: justify;\">\n<li>Formul\u00e1rio de pedido de visto de entrada (Nacional tipo D);<\/li>\n<li>Fotografia recente tamanho passaporte (tirada profissionalmente, frente inteira, fundo branco);<\/li>\n<li>Documento de viagem v\u00e1lido com prazo de validade pelo menos tr\u00eas meses superior ao do visto solicitado;<\/li>\n<li>Demonstra\u00e7\u00e3o da disponibilidade de alojamento na It\u00e1lia: reserva de hotel, declara\u00e7\u00e3o de hospitalidade;<\/li>\n<li>Reserva de voo de ida;<\/li>\n<li>Demonstra\u00e7\u00e3o da disponibilidade de meios de apoio relativamente \u00e0 estadia na It\u00e1lia, num montante n\u00e3o inferior ao estabelecido na Tabela A anexa \u00e0 Directiva do Minist\u00e9rio do Interior de 1.3.2000;<\/li>\n<li>Seguro de sa\u00fade, se o estrangeiro n\u00e3o tiver direito a cuidados de sa\u00fade na It\u00e1lia em virtude de acordos ou conven\u00e7\u00f5es em vigor com o seu pa\u00eds;<\/li>\n<li>Inscri\u00e7\u00e3o em cursos p\u00f3s-universit\u00e1rios (mestrado, doutorado, especializa\u00e7\u00f5es, especializa\u00e7\u00f5es&#8230;) em universidades italianas p\u00fablicas ou privadas, autorizadas a emitir t\u00edtulos com valor legal.<\/li>\n<\/ol>\n<p style=\"text-align: justify;\">Os funcion\u00e1rios consulares poder\u00e3o solicitar documentos adicionais a seu crit\u00e9rio. Esteja ciente de que o envio da documenta\u00e7\u00e3o exigida n\u00e3o garante a emiss\u00e3o do visto. Observe que documenta\u00e7\u00e3o incompleta n\u00e3o ser\u00e1 aceita.<\/p>\n<p style=\"text-align: justify;\"><strong>Estudo \u2013 Programa de interc\u00e2mbio e mobilidade<\/strong><\/p>\n<p style=\"text-align: justify;\">Os candidatos dever\u00e3o apresentar os seguintes documentos:<\/p>\n<ol style=\"text-align: justify;\">\n<li>Formul\u00e1rio de pedido de visto de entrada (Nacional tipo D);<\/li>\n<li>Fotografia recente tamanho passaporte (tirada profissionalmente, frente inteira, fundo branco);<\/li>\n<li>Documento de viagem v\u00e1lido com prazo de validade pelo menos tr\u00eas meses superior ao do visto solicitado;<\/li>\n<li>Demonstra\u00e7\u00e3o da disponibilidade de alojamento na It\u00e1lia: reserva de hotel, declara\u00e7\u00e3o de hospitalidade;<\/li>\n<li>Reserva de voo de ida;<\/li>\n<li>Seguro de sa\u00fade, se o estrangeiro n\u00e3o tiver direito a cuidados de sa\u00fade na It\u00e1lia em virtude de acordos ou conven\u00e7\u00f5es em vigor com o seu pa\u00eds;<\/li>\n<li>Inscri\u00e7\u00e3o em programas de interc\u00e2mbio\/mobilidade\/parcerias reconhecidos ou autorizados, decorrentes de programas europeus (incluindo Erasmus Plus) ou nacionais, e de colabora\u00e7\u00f5es entre institui\u00e7\u00f5es acad\u00eamicas, cient\u00edficas e escolares, e no \u00e2mbito de acordos, conven\u00e7\u00f5es e protocolos de implementa\u00e7\u00e3o com universidades estrangeiras.<\/li>\n<li><em>Demonstra\u00e7\u00e3o da disponibilidade de meios de apoio relativamente \u00e0 estadia na It\u00e1lia, num montante n\u00e3o inferior ao estabelecido na Tabela A anexa \u00e0 Directiva do Minist\u00e9rio do Interior de 1.3.2000<\/em><\/li>\n<\/ol>\n<p style=\"text-align: justify;\">Os funcion\u00e1rios consulares poder\u00e3o solicitar documentos adicionais a seu crit\u00e9rio. Esteja ciente de que o envio da documenta\u00e7\u00e3o exigida n\u00e3o garante a emiss\u00e3o do visto. Observe que documenta\u00e7\u00e3o incompleta n\u00e3o ser\u00e1 aceita.<\/p>\n<p style=\"text-align: justify;\">OUTROS TIPOS de ingresso para estudo:<\/p>\n<p style=\"text-align: justify;\"><u>Cursos superiores e cursos de ensino e forma\u00e7\u00e3o t\u00e9cnica superior<\/u><\/p>\n<p style=\"text-align: justify;\">Al\u00e9m dos requisitos gerais fornecidos, os cursos devem ser superiores e, portanto, n\u00e3o imput\u00e1veis \u200b\u200bao ensino b\u00e1sico; \u00e9 necess\u00e1rio verificar a consist\u00eancia dos estudos com a forma\u00e7\u00e3o anterior adquirida no pa\u00eds de origem.<\/p>\n<p style=\"text-align: justify;\"><u><strong>Est\u00e1gios curriculares<\/strong><\/u><\/p>\n<p style=\"text-align: justify;\">S\u00e3o aqueles inclu\u00eddos nos planos de estudos universit\u00e1rios. Tamb\u00e9m s\u00e3o considerados como tal os est\u00e1gios previstos num curso de educa\u00e7\u00e3o ou forma\u00e7\u00e3o formal, embora n\u00e3o tenham por objectivo directo a obten\u00e7\u00e3o de cr\u00e9ditos de forma\u00e7\u00e3o, se: seja promovido por uma universidade ou instituto de ensino universit\u00e1rio autorizado a emitir t\u00edtulos acad\u00eamicos, por um estabelecimento de ensino que emita t\u00edtulos com valor legal, por um centro de forma\u00e7\u00e3o profissional que funcione em regime de conv\u00eanio com a Regi\u00e3o ou Prov\u00edncia ou credenciado; os destinat\u00e1rios da iniciativa s\u00e3o estudantes universit\u00e1rios ou do ensino secund\u00e1rio, estudantes de institutos profissionais e cursos de forma\u00e7\u00e3o inscritos no curso de estudos e forma\u00e7\u00e3o em que \u00e9 promovido o est\u00e1gio; realiza\u00e7\u00e3o do est\u00e1gio no per\u00edodo de frequ\u00eancia do curso de estudos ou curso de forma\u00e7\u00e3o.<\/p>\n<p style=\"text-align: justify;\">O estudante dever\u00e1 apresentar o contrato de est\u00e1gio celebrado entre a institui\u00e7\u00e3o formadora de envio, a institui\u00e7\u00e3o de acolhimento e o estudante, indicando o programa, as condi\u00e7\u00f5es de inclus\u00e3o e supervis\u00e3o do est\u00e1gio, os objetivos e dura\u00e7\u00e3o do est\u00e1gio, os recursos disponibilizados aos candidatos para o estadia e pelas despesas de alimenta\u00e7\u00e3o e alojamento, despesas de viagem de regresso, estipula\u00e7\u00e3o de seguro de doen\u00e7a. O candidato dever\u00e1 demonstrar a disponibilidade de meios de apoio adequados, avaliados com base no disposto na Directiva do Minist\u00e9rio do Interior de 1.3.2000.<\/p>\n<p style=\"text-align: justify;\"><u>Cidad\u00e3os estrangeiros chamados a participar nas atividades previstas nos programas de assist\u00eancia e coopera\u00e7\u00e3o do Governo italiano<\/u><\/p>\n<p style=\"text-align: justify;\">Verifica se as partes interessadas s\u00e3o destinat\u00e1rias de comunica\u00e7\u00e3o espec\u00edfica das autoridades nacionais.<\/p>\n<p style=\"text-align: justify;\"><u>Cidad\u00e3os estrangeiros que beneficiam de bolsas de estudo de administra\u00e7\u00f5es p\u00fablicas italianas, governos estrangeiros, organiza\u00e7\u00f5es internacionais e renomadas funda\u00e7\u00f5es e institui\u00e7\u00f5es culturais italianas<\/u><\/p>\n<p style=\"text-align: justify;\">Verifica se o \u00f3rg\u00e3o concedente da bolsa \u00e9 um dos sujeitos previstos na legisla\u00e7\u00e3o.<\/p>\n<p style=\"text-align: justify;\"><u>Cidad\u00e3os estrangeiros participantes em atividades de investiga\u00e7\u00e3o avan\u00e7ada ou de alta cultura<\/u><\/p>\n<p style=\"text-align: justify;\">Nos casos em que a entrada do cidad\u00e3o estrangeiro n\u00e3o possa ocorrer nos moldes previstos (ver visto de investiga\u00e7\u00e3o) para investigadores e existam interesses nacionais preeminentes. Um visto de estudo semelhante \u00e9 concedido ao c\u00f4njuge e aos filhos menores acompanhantes.<\/p>\n<p style=\"text-align: justify;\"><u>Cidad\u00e3os estrangeiros que devem participar em exames de qualifica\u00e7\u00e3o profissional<\/u><\/p>\n<p style=\"text-align: justify;\">\u00c9 concedido a cidad\u00e3os estrangeiros que tenham obtido o diploma de bacharel em uma universidade italiana, para a realiza\u00e7\u00e3o dos exames de qualifica\u00e7\u00e3o.<\/p>\n<p style=\"text-align: justify;\"><u>Cursos de noviciado\/treinamento religioso<\/u><\/p>\n<p style=\"text-align: justify;\">\u00c9 emitido para estrangeiros que participem em cursos de forma\u00e7\u00e3o religiosa organizados por organismos cat\u00f3licos ou outros organismos inclu\u00eddos nas listas do Minist\u00e9rio do Interior. Al\u00e9m dos requisitos gerais para emiss\u00e3o do visto de estudo, \u00e9 necess\u00e1ria a aquisi\u00e7\u00e3o de declara\u00e7\u00e3o espec\u00edfica do \u00f3rg\u00e3o religioso de destino, endossada pela Nunciatura Apost\u00f3lica local (ou acompanhada de nota verbal da Nunciatura) ou pelas Autoridades do Vaticano ( ou, para cultos diferentes, de uma personalidade eclesi\u00e1stica central equivalente).<\/p>\n<p style=\"text-align: justify;\"><u>Estudantes estrangeiros MENORES de idade<\/u><\/p>\n<p style=\"text-align: justify;\">\u00c9 concedido em dois casos:<\/p>\n<ul>\n<li style=\"text-align: justify;\">Menores de 14 anos que participem em programas de interc\u00e2mbio ou iniciativas culturais para frequ\u00eancia de institutos e escolas secund\u00e1rias nacionais, estatais ou privadas, ou em institui\u00e7\u00f5es acad\u00eamicas, que tenham obtido aprova\u00e7\u00e3o pr\u00e9via e expl\u00edcita da DGSP, MIUR ou MIBAC. A inscri\u00e7\u00e3o do menor nesses programas \u00e9 verificada. \u00c9 necess\u00e1rio adquirir, desde que de acordo com a regulamenta\u00e7\u00e3o em vigor no pa\u00eds de resid\u00eancia, o termo de consentimento de expatria\u00e7\u00e3o assinado por cada um dos titulares do poder parental que n\u00e3o acompanhe o menor na viagem, ou na sua aus\u00eancia por o guardi\u00e3o legal;<\/li>\n<li style=\"text-align: justify;\">Menores com mais de 15 anos, para frequ\u00eancia em institutos ou institui\u00e7\u00f5es acad\u00eamicas nacionais, estatais ou privadas. Sa\u00f5 verificados: a coer\u00eancia dos cursos a seguir na It\u00e1lia com a forma\u00e7\u00e3o adquirida no pa\u00eds de origem; a correspond\u00eancia do programa escolar com as reais necessidades educacionais e culturais do menor; a exist\u00eancia de medidas de prote\u00e7\u00e3o adequadas; \u00e9 necess\u00e1rio adquirir, desde que de acordo com a regulamenta\u00e7\u00e3o em vigor no pa\u00eds de resid\u00eancia, o termo de consentimento de expatria\u00e7\u00e3o assinado por cada um dos titulares do poder parental que n\u00e3o acompanhe o menor na viagem, ou na sua aus\u00eancia por o guardi\u00e3o legal.<\/li>\n<\/ul>\n","protected":false},"excerpt":{"rendered":"At\u00e9 90 dias Visto tipo C, mais de 90 dias Visto tipo D Tempo m\u00e1ximo de processamento: 90 dias Todas as marca\u00e7\u00f5es s\u00e3o presenciais e devem ser agendadas o mais tardar 7 dias antes e n\u00e3o antes de 6 meses da data programada de partida. Os candidatos dever\u00e3o apresentar os seguintes documentos: Se estiverem reunidas [&hellip;]","protected":false},"author":1,"featured_media":0,"parent":191,"menu_order":0,"comment_status":"closed","ping_status":"closed","template":"","meta":{"footnotes":""},"class_list":["post-3804","page","type-page","status-publish","hentry"],"_links":{"self":[{"href":"https:\/\/consportoalegre.esteri.it\/pt\/wp-json\/wp\/v2\/pages\/3804","targetHints":{"allow":["GET"]}}],"collection":[{"href":"https:\/\/consportoalegre.esteri.it\/pt\/wp-json\/wp\/v2\/pages"}],"about":[{"href":"https:\/\/consportoalegre.esteri.it\/pt\/wp-json\/wp\/v2\/types\/page"}],"author":[{"embeddable":true,"href":"https:\/\/consportoalegre.esteri.it\/pt\/wp-json\/wp\/v2\/users\/1"}],"replies":[{"embeddable":true,"href":"https:\/\/consportoalegre.esteri.it\/pt\/wp-json\/wp\/v2\/comments?post=3804"}],"version-history":[{"count":2,"href":"https:\/\/consportoalegre.esteri.it\/pt\/wp-json\/wp\/v2\/pages\/3804\/revisions"}],"predecessor-version":[{"id":4149,"href":"https:\/\/consportoalegre.esteri.it\/pt\/wp-json\/wp\/v2\/pages\/3804\/revisions\/4149"}],"up":[{"embeddable":true,"href":"https:\/\/consportoalegre.esteri.it\/pt\/wp-json\/wp\/v2\/pages\/191"}],"wp:attachment":[{"href":"https:\/\/consportoalegre.esteri.it\/pt\/wp-json\/wp\/v2\/media?parent=3804"}],"curies":[{"name":"wp","href":"https:\/\/api.w.org\/{rel}","templated":true}]}}