{"id":3801,"date":"2024-10-25T11:11:38","date_gmt":"2024-10-25T09:11:38","guid":{"rendered":"https:\/\/consportoalegre.esteri.it\/?page_id=3801"},"modified":"2024-10-25T11:11:38","modified_gmt":"2024-10-25T09:11:38","slug":"visto-de-negocios","status":"publish","type":"page","link":"https:\/\/consportoalegre.esteri.it\/pt\/servizi-consolari-e-visti\/servizi-per-il-cittadino-straniero\/visti\/visto-de-negocios\/","title":{"rendered":"Visto de neg\u00f3cios"},"content":{"rendered":"<p style=\"text-align: justify;\"><strong><u>Estrangeiros isentos de visto de curta dura\u00e7\u00e3o<\/u><\/strong>: Ao entrar na It\u00e1lia, as autoridades fronteiri\u00e7as poder\u00e3o solicitar-lhe que apresente documenta\u00e7\u00e3o que justifique os motivos e a dura\u00e7\u00e3o da sua estadia na It\u00e1lia. Voc\u00ea n\u00e3o precisa de visto de entrada para entrar na It\u00e1lia. Voc\u00ea poder\u00e1 entrar na It\u00e1lia com seu passaporte v\u00e1lido por pelo menos tr\u00eas meses ap\u00f3s a data programada de sa\u00edda do Espa\u00e7o Schengen.<\/p>\n<p style=\"text-align: justify;\">Visto Shengen tipo C, at\u00e9 90 dias<\/p>\n<p style=\"text-align: justify;\">Tempo m\u00e1ximo de processamento: 15 dias, extens\u00edvel at\u00e9 45<\/p>\n<p style=\"text-align: justify;\">O visto de neg\u00f3cios permite a entrada, para estadia de curta dura\u00e7\u00e3o, para fins econ\u00f4mico-comerciais, para in\u00edcio ou conclus\u00e3o de negocia\u00e7\u00f5es comerciais, para conhecimento ou verifica\u00e7\u00e3o de bens de capital adquiridos ou vendidos ou para atualiza\u00e7\u00e3o profissional correlata, e para participa\u00e7\u00e3o em exposi\u00e7\u00f5es ou feiras comerciais.<\/p>\n<p style=\"text-align: justify;\">Os candidatos dever\u00e3o apresentar os seguintes documentos:<\/p>\n<ol style=\"text-align: justify;\">\n<li>Status de \u201coperador econ\u00f4mico-comercial\u201d do requerente, a verificar tamb\u00e9m atrav\u00e9s do Gabinete Comercial da Sede e de outros organismos italianos que possam estar presentes no local (ICE, C\u00e2maras de Com\u00e9rcio), consultando os dados dispon\u00edveis na Sede ( listas &#8220;brancas&#8221; de operadores e empresas confi\u00e1veis) e aquelas dispon\u00edveis em institui\u00e7\u00f5es locais competentes, coletando informa\u00e7\u00f5es de empresas italianas ou estrangeiras conhecidas e confi\u00e1veis \u200b\u200bque operam localmente;<\/li>\n<li>Finalidade econ\u00f4mico-comercial da viagem, verificando, se for caso disso, a real atividade econ\u00f4mico-comercial dos eventuais convidados na It\u00e1lia, ou a efetiva exist\u00eancia de feiras ou eventos de natureza comercial-econ\u00f4mica;<\/li>\n<li>Meios de apoio econ\u00f4mico adequados, relativamente ao per\u00edodo de perman\u00eancia solicitado, n\u00e3o inferiores aos previstos na \u201cTabela A\u201d da Directiva do Minist\u00e9rio do Interior de 1.3.2000;<\/li>\n<li>Bilhete de ida e volta (ou reserva), ou seja, demonstra\u00e7\u00e3o da disponibilidade de meio de transporte pessoal;<\/li>\n<li>Disponibilidade de alojamento (reserva de hotel, declara\u00e7\u00e3o de hospitalidade, declara\u00e7\u00e3o de responabilidade pelos custos de alojamento pela empresa italiana, etc.);<\/li>\n<li>Seguro de sa\u00fade v\u00e1lido para \u00c1rea Schengen.<\/li>\n<\/ol>\n<p style=\"text-align: justify;\">Se os requisitos forem cumpridos, um visto de neg\u00f3cios semelhante tamb\u00e9m ser\u00e1 emitido para pessoas que acompanham o requerente por motivos de trabalho documentados (assistentes, colaboradores, consultores). Poder\u00e1 ser emitido visto de turista a familiares ou outras pessoas que possam acompanhar o estrangeiro na viagem, desde que reunidas as condi\u00e7\u00f5es e cumpridos os requisitos exigidos.<\/p>\n<p style=\"text-align: justify;\">Os funcion\u00e1rios consulares poder\u00e3o solicitar documentos adicionais a seu crit\u00e9rio. Esteja ciente de que o envio da documenta\u00e7\u00e3o exigida n\u00e3o garante a emiss\u00e3o do visto. Observe que documenta\u00e7\u00e3o incompleta n\u00e3o ser\u00e1 aceita.<\/p>\n","protected":false},"excerpt":{"rendered":"Estrangeiros isentos de visto de curta dura\u00e7\u00e3o: Ao entrar na It\u00e1lia, as autoridades fronteiri\u00e7as poder\u00e3o solicitar-lhe que apresente documenta\u00e7\u00e3o que justifique os motivos e a dura\u00e7\u00e3o da sua estadia na It\u00e1lia. Voc\u00ea n\u00e3o precisa de visto de entrada para entrar na It\u00e1lia. Voc\u00ea poder\u00e1 entrar na It\u00e1lia com seu passaporte v\u00e1lido por pelo menos tr\u00eas [&hellip;]","protected":false},"author":1,"featured_media":0,"parent":191,"menu_order":0,"comment_status":"closed","ping_status":"closed","template":"","meta":{"footnotes":""},"class_list":["post-3801","page","type-page","status-publish","hentry"],"_links":{"self":[{"href":"https:\/\/consportoalegre.esteri.it\/pt\/wp-json\/wp\/v2\/pages\/3801","targetHints":{"allow":["GET"]}}],"collection":[{"href":"https:\/\/consportoalegre.esteri.it\/pt\/wp-json\/wp\/v2\/pages"}],"about":[{"href":"https:\/\/consportoalegre.esteri.it\/pt\/wp-json\/wp\/v2\/types\/page"}],"author":[{"embeddable":true,"href":"https:\/\/consportoalegre.esteri.it\/pt\/wp-json\/wp\/v2\/users\/1"}],"replies":[{"embeddable":true,"href":"https:\/\/consportoalegre.esteri.it\/pt\/wp-json\/wp\/v2\/comments?post=3801"}],"version-history":[{"count":1,"href":"https:\/\/consportoalegre.esteri.it\/pt\/wp-json\/wp\/v2\/pages\/3801\/revisions"}],"predecessor-version":[{"id":3802,"href":"https:\/\/consportoalegre.esteri.it\/pt\/wp-json\/wp\/v2\/pages\/3801\/revisions\/3802"}],"up":[{"embeddable":true,"href":"https:\/\/consportoalegre.esteri.it\/pt\/wp-json\/wp\/v2\/pages\/191"}],"wp:attachment":[{"href":"https:\/\/consportoalegre.esteri.it\/pt\/wp-json\/wp\/v2\/media?parent=3801"}],"curies":[{"name":"wp","href":"https:\/\/api.w.org\/{rel}","templated":true}]}}