{"id":3797,"date":"2024-10-25T11:11:06","date_gmt":"2024-10-25T09:11:06","guid":{"rendered":"https:\/\/consportoalegre.esteri.it\/?page_id=3797"},"modified":"2024-10-25T11:11:06","modified_gmt":"2024-10-25T09:11:06","slug":"visto-para-transito-aeroportuario","status":"publish","type":"page","link":"https:\/\/consportoalegre.esteri.it\/pt\/servizi-consolari-e-visti\/servizi-per-il-cittadino-straniero\/visti\/visto-para-transito-aeroportuario\/","title":{"rendered":"Visto para tr\u00e2nsito aeroportu\u00e1rio"},"content":{"rendered":"<p>Visto tipo A<\/p>\n<p>Tempo m\u00e1ximo de processamento: 15 dias, prorrog\u00e1vel nos casos previstos at\u00e9 45<\/p>\n<p>Os candidatos dever\u00e3o apresentar os seguintes documentos:<\/p>\n<ol>\n<li>Documento de viagem ou reserva de companhia a\u00e9rea com indica\u00e7\u00e3o do destino final e ponto de tr\u00e2nsito aeroportu\u00e1rio no espa\u00e7o Schengen;<\/li>\n<li>Posse de autoriza\u00e7\u00e3o de entrada no pa\u00eds terceiro de destino final da viagem (documento de viagem do requerente com visto de entrada no pa\u00eds de destino final, se aplic\u00e1vel);<\/li>\n<li>Avalia\u00e7\u00e3o positiva do risco de imigra\u00e7\u00e3o ilegal durante o tr\u00e2nsito aeroportu\u00e1rio.<\/li>\n<\/ol>\n<p>O visto apenas confere o direito de tr\u00e2nsito pelas zonas internacionais dos aeroportos localizados no territ\u00f3rio dos Estados-Membros e n\u00e3o permite a entrada do titular no espa\u00e7o Schengen.<\/p>\n<p>Se o itiner\u00e1rio de viagem do requerente incluir escalas \u201cintra-Schengen\u201d, significa que ele entra no espa\u00e7o Schengen, mesmo que simplesmente transite pelos aeroportos. Consequentemente, nestes casos n\u00e3o deve ser emitido um VTA, mas sim um visto de tr\u00e2nsito \u201cC\u201d.<\/p>\n<p>Os funcion\u00e1rios consulares poder\u00e3o solicitar documentos adicionais a seu crit\u00e9rio. Esteja ciente de que o envio da documenta\u00e7\u00e3o exigida n\u00e3o garante a emiss\u00e3o do visto. Observe que documenta\u00e7\u00e3o incompleta n\u00e3o ser\u00e1 aceita.<\/p>\n<p>&nbsp;<\/p>\n","protected":false},"excerpt":{"rendered":"Visto tipo A Tempo m\u00e1ximo de processamento: 15 dias, prorrog\u00e1vel nos casos previstos at\u00e9 45 Os candidatos dever\u00e3o apresentar os seguintes documentos: Documento de viagem ou reserva de companhia a\u00e9rea com indica\u00e7\u00e3o do destino final e ponto de tr\u00e2nsito aeroportu\u00e1rio no espa\u00e7o Schengen; Posse de autoriza\u00e7\u00e3o de entrada no pa\u00eds terceiro de destino final da [&hellip;]","protected":false},"author":1,"featured_media":0,"parent":191,"menu_order":0,"comment_status":"closed","ping_status":"closed","template":"","meta":{"footnotes":""},"class_list":["post-3797","page","type-page","status-publish","hentry"],"_links":{"self":[{"href":"https:\/\/consportoalegre.esteri.it\/pt\/wp-json\/wp\/v2\/pages\/3797","targetHints":{"allow":["GET"]}}],"collection":[{"href":"https:\/\/consportoalegre.esteri.it\/pt\/wp-json\/wp\/v2\/pages"}],"about":[{"href":"https:\/\/consportoalegre.esteri.it\/pt\/wp-json\/wp\/v2\/types\/page"}],"author":[{"embeddable":true,"href":"https:\/\/consportoalegre.esteri.it\/pt\/wp-json\/wp\/v2\/users\/1"}],"replies":[{"embeddable":true,"href":"https:\/\/consportoalegre.esteri.it\/pt\/wp-json\/wp\/v2\/comments?post=3797"}],"version-history":[{"count":1,"href":"https:\/\/consportoalegre.esteri.it\/pt\/wp-json\/wp\/v2\/pages\/3797\/revisions"}],"predecessor-version":[{"id":3800,"href":"https:\/\/consportoalegre.esteri.it\/pt\/wp-json\/wp\/v2\/pages\/3797\/revisions\/3800"}],"up":[{"embeddable":true,"href":"https:\/\/consportoalegre.esteri.it\/pt\/wp-json\/wp\/v2\/pages\/191"}],"wp:attachment":[{"href":"https:\/\/consportoalegre.esteri.it\/pt\/wp-json\/wp\/v2\/media?parent=3797"}],"curies":[{"name":"wp","href":"https:\/\/api.w.org\/{rel}","templated":true}]}}