{"id":3792,"date":"2024-10-25T11:09:40","date_gmt":"2024-10-25T09:09:40","guid":{"rendered":"https:\/\/consportoalegre.esteri.it\/?page_id=3792"},"modified":"2024-10-25T11:09:40","modified_gmt":"2024-10-25T09:09:40","slug":"visto-para-turismo-e-transito-ate-90-dias","status":"publish","type":"page","link":"https:\/\/consportoalegre.esteri.it\/pt\/servizi-consolari-e-visti\/servizi-per-il-cittadino-straniero\/visti\/visto-para-turismo-e-transito-ate-90-dias\/","title":{"rendered":"Visto para turismo e tr\u00e2nsito \u2013 at\u00e9 90 dias"},"content":{"rendered":"<p style=\"text-align: justify;\">Ao entrar na It\u00e1lia, as autoridades fronteiri\u00e7as poder\u00e3o solicitar-lhe que apresente documenta\u00e7\u00e3o que justifique os motivos e a dura\u00e7\u00e3o da sua estadia na It\u00e1lia. Cidad\u00e3o brasileiro n\u00e3o precisa de visto de entrada para entrar na It\u00e1lia. Voc\u00ea poder\u00e1 entrar na It\u00e1lia com seu passaporte v\u00e1lido por pelo menos tr\u00eas meses ap\u00f3s a data programada de sa\u00edda do Espa\u00e7o Schengen.<\/p>\n<p style=\"text-align: justify;\"><strong>Turismo<\/strong><\/p>\n<p style=\"text-align: justify;\">Visto tipo C, at\u00e9 90 dias<\/p>\n<p style=\"text-align: justify;\">Tempo m\u00e1ximo de processamento: 15 dias, prorrog\u00e1vel nos casos previstos at\u00e9 45<\/p>\n<p style=\"text-align: justify;\">Os candidatos dever\u00e3o apresentar os seguintes documentos:<\/p>\n<ol style=\"text-align: justify;\">\n<li>Meios econ\u00f4micos adequados, relativamente ao per\u00edodo de perman\u00eancia solicitado, n\u00e3o inferiores aos previstos na \u201cTabela A\u201d da Directiva do Minist\u00e9rio do Interior de 1.3.2000;<\/li>\n<li>Bilhete de ida e volta (ou reserva), ou seja, demonstra\u00e7\u00e3o da disponibilidade de meio de transporte pessoal;<\/li>\n<li>Disponibilidade de alojamento (reserva de hotel, declara\u00e7\u00e3o de hospitalidade, declara\u00e7\u00e3o de responsabilidade pelos custos de alojamento pelo convidante);<\/li>\n<li>Seguro de sa\u00fade v\u00e1lido para \u00c1rea Schengen;<\/li>\n<li>Documenta\u00e7\u00e3o relativa \u00e0 situa\u00e7\u00e3o socioecon\u00f4mica do requerente.<\/li>\n<\/ol>\n<p style=\"text-align: justify;\">Os funcion\u00e1rios consulares poder\u00e3o solicitar documentos adicionais a seu crit\u00e9rio. Esteja ciente de que o envio da documenta\u00e7\u00e3o exigida n\u00e3o garante a emiss\u00e3o do visto. Observe que documenta\u00e7\u00e3o incompleta n\u00e3o ser\u00e1 aceita.<\/p>\n<p style=\"text-align: justify;\"><strong><br \/>\nTr\u00e2nsito<\/strong><\/p>\n<p style=\"text-align: justify;\">Visto tipo C, at\u00e9 90 dias<\/p>\n<p style=\"text-align: justify;\">Tempo m\u00e1ximo de processamento: 15 dias, prorrog\u00e1vel nos casos previstos at\u00e9 45<\/p>\n<p style=\"text-align: justify;\">Os candidatos dever\u00e3o apresentar os seguintes documentos:<\/p>\n<ol style=\"text-align: justify;\">\n<li>Documento de viagem ou reserva de companhia a\u00e9rea com indica\u00e7\u00e3o do destino final, caso seja utilizado meio de transporte p\u00fablico;<\/li>\n<li>Posse de autoriza\u00e7\u00e3o de entrada no pa\u00eds terceiro de destino final da viagem (documento de viagem do requerente com visto de entrada no pa\u00eds de destino final, se aplic\u00e1vel);<\/li>\n<li>Meios de apoio econ\u00f4mico adequados, relativamente ao per\u00edodo de perman\u00eancia solicitado, n\u00e3o inferiores aos previstos na \u201cTabela A\u201d da Directiva do Minist\u00e9rio do Interior de 1.3.2000;<\/li>\n<li>Disponibilidade de alojamento (reserva de hotel, declara\u00e7\u00e3o de hospitalidade), caso estejam previstas paradas durante o tr\u00e2nsito;<\/li>\n<li>Seguro de sa\u00fade v\u00e1lido para \u00c1rea Schengen.<\/li>\n<\/ol>\n<p style=\"text-align: justify;\">O visto de tr\u00e2nsito tamb\u00e9m \u00e9 emitido para mar\u00edtimos estrangeiros que necessitem embarcar ou desembarcar de navios de bandeira estrangeira em portos italianos, mediante confirma\u00e7\u00e3o da presen\u00e7a do navio emitido pelo porto italiano competente. Para os trabalhadores mar\u00edtimos e pessoal adicional de bordo empregado em navios, incluindo navios de cruzeiro de bandeira italiana, dever\u00e1 ser emitido um visto para trabalho subordinado.<\/p>\n<p style=\"text-align: justify;\">Os funcion\u00e1rios consulares poder\u00e3o solicitar documentos adicionais a seu crit\u00e9rio. Esteja ciente de que o envio da documenta\u00e7\u00e3o exigida n\u00e3o garante a emiss\u00e3o do visto. Observe que documenta\u00e7\u00e3o incompleta n\u00e3o ser\u00e1 aceita.<\/p>\n","protected":false},"excerpt":{"rendered":"Ao entrar na It\u00e1lia, as autoridades fronteiri\u00e7as poder\u00e3o solicitar-lhe que apresente documenta\u00e7\u00e3o que justifique os motivos e a dura\u00e7\u00e3o da sua estadia na It\u00e1lia. Cidad\u00e3o brasileiro n\u00e3o precisa de visto de entrada para entrar na It\u00e1lia. Voc\u00ea poder\u00e1 entrar na It\u00e1lia com seu passaporte v\u00e1lido por pelo menos tr\u00eas meses ap\u00f3s a data programada de [&hellip;]","protected":false},"author":1,"featured_media":0,"parent":191,"menu_order":0,"comment_status":"closed","ping_status":"closed","template":"","meta":{"footnotes":""},"class_list":["post-3792","page","type-page","status-publish","hentry"],"_links":{"self":[{"href":"https:\/\/consportoalegre.esteri.it\/pt\/wp-json\/wp\/v2\/pages\/3792","targetHints":{"allow":["GET"]}}],"collection":[{"href":"https:\/\/consportoalegre.esteri.it\/pt\/wp-json\/wp\/v2\/pages"}],"about":[{"href":"https:\/\/consportoalegre.esteri.it\/pt\/wp-json\/wp\/v2\/types\/page"}],"author":[{"embeddable":true,"href":"https:\/\/consportoalegre.esteri.it\/pt\/wp-json\/wp\/v2\/users\/1"}],"replies":[{"embeddable":true,"href":"https:\/\/consportoalegre.esteri.it\/pt\/wp-json\/wp\/v2\/comments?post=3792"}],"version-history":[{"count":1,"href":"https:\/\/consportoalegre.esteri.it\/pt\/wp-json\/wp\/v2\/pages\/3792\/revisions"}],"predecessor-version":[{"id":3794,"href":"https:\/\/consportoalegre.esteri.it\/pt\/wp-json\/wp\/v2\/pages\/3792\/revisions\/3794"}],"up":[{"embeddable":true,"href":"https:\/\/consportoalegre.esteri.it\/pt\/wp-json\/wp\/v2\/pages\/191"}],"wp:attachment":[{"href":"https:\/\/consportoalegre.esteri.it\/pt\/wp-json\/wp\/v2\/media?parent=3792"}],"curies":[{"name":"wp","href":"https:\/\/api.w.org\/{rel}","templated":true}]}}