{"id":3785,"date":"2024-10-25T11:07:36","date_gmt":"2024-10-25T09:07:36","guid":{"rendered":"https:\/\/consportoalegre.esteri.it\/?page_id=3785"},"modified":"2024-10-25T11:07:36","modified_gmt":"2024-10-25T09:07:36","slug":"vistos-por-razoes-familiares-para-familiares-de-um-cidadao-da-italia-ue-eee-que-resida-ou-resida-em-breve-na-italia","status":"publish","type":"page","link":"https:\/\/consportoalegre.esteri.it\/pt\/servizi-consolari-e-visti\/servizi-per-il-cittadino-straniero\/visti\/vistos-por-razoes-familiares-para-familiares-de-um-cidadao-da-italia-ue-eee-que-resida-ou-resida-em-breve-na-italia\/","title":{"rendered":"Vistos por raz\u00f5es familiares &#8211; para familiares de um cidad\u00e3o da It\u00e1lia\/UE\/EEE que resida ou resida em breve na It\u00e1lia"},"content":{"rendered":"<p style=\"text-align: justify;\"><strong>Visto Nacional tipo D<\/strong><\/p>\n<p style=\"text-align: justify;\">Os seguintes familiares de cidad\u00e3os da UE\/EEE podem solicitar o visto de reagrupamento familiar:<\/p>\n<ol style=\"text-align: justify;\">\n<li>C\u00f4njuges, incluindo parceiros de uni\u00f5es civis ou outros equivalentes de casamento entre pessoas do mesmo sexo legalmente reconhecidos de qualquer pa\u00eds da UE\/EEE;<\/li>\n<li>Filhos menores de 21 anos, ou que estejam totalmente a cargo do cidad\u00e3o ou do seu c\u00f4njuge\/companheiro;<\/li>\n<li>Pais, av\u00f3s ou bisav\u00f3s totalmente dependentes do cidad\u00e3o ou do seu c\u00f4njuge\/companheiro.<\/li>\n<\/ol>\n<p style=\"text-align: justify;\">Os candidatos dever\u00e3o apresentar os seguintes documentos em original:<\/p>\n<ol style=\"text-align: justify;\">\n<li>Passaporte ou documento de viagem aceito pelos pa\u00edses Schengen v\u00e1lido por um per\u00edodo de 3 meses al\u00e9m do \u00faltimo dia de estadia do requerente no estrangeiro. O passaporte deve ter duas p\u00e1ginas em branco. (mais: fotoc\u00f3pia da p\u00e1gina com dados pessoais e prazo de validade, mais p\u00e1gina com assinatura caso n\u00e3o conste na mesma p\u00e1gina).<\/li>\n<li>Comprovante de resid\u00eancia f\u00edsica na jurisdi\u00e7\u00e3o deste Consulado, como fotoc\u00f3pia de carteira de motorista, identidade estadual ou conta de servi\u00e7os p\u00fablicos.<\/li>\n<li>Uma fotografia padr\u00e3o recente: rosto inteiro, vista frontal, colorida. Deve ser colado no canto superior direito do formul\u00e1rio de pedido de visto.<\/li>\n<li>Um formul\u00e1rio de solicita\u00e7\u00e3o de visto nacional preenchido de forma completa e clara. <a href=\"https:\/\/consportoalegre.esteri.it\/wp-content\/uploads\/2023\/08\/1._formulario_visto_nazionale_ing-ita_nuovo_ok.docx\">https:\/\/consportoalegre.esteri.it\/wp-content\/uploads\/2023\/08\/1._formulario_visto_nazionale_ing-ita_nuovo_ok.docx<\/a><\/li>\n<li>No caso de filhos menores, consentir na emiss\u00e3o do visto assinado pelo outro progenitor.<\/li>\n<li>Uma carta-convite do cidad\u00e3o da UE\/EEE, descrevendo a rela\u00e7\u00e3o familiar e solicitando um visto para o requerente se juntar a eles na It\u00e1lia, al\u00e9m de uma fotoc\u00f3pia do documento de identidade da UE\/EEE do cidad\u00e3o da UE\/EEE (para passaportes, apenas a foto e a assinatura p\u00e1gina).<\/li>\n<li>Documenta\u00e7\u00e3o comprovante do status de familiar ou contato do cidad\u00e3o estrangeiro residente na It\u00e1lia (certid\u00e3o de casamento, certid\u00e3o de nascimento, etc.) em original e fotoc\u00f3pia.<\/li>\n<\/ol>\n<p style=\"text-align: justify;\">Um original \u00e9 qualquer c\u00f3pia emitida pela ag\u00eancia governamental apropriada. O original dever\u00e1 ter Apostila. Fisicamente, uma Apostila \u00e9 uma p\u00e1gina separada grampeada ao original. O original deve ser acompanhado de uma tradu\u00e7\u00e3o para o italiano sempre munida de apostila. Em vez do acima exposto, aceitaremos qualquer certid\u00e3o de registro civil emitido por um estado membro da UE em formato plurilingue. N\u00e3o \u00e9 solicitada qualquer legaliza\u00e7\u00e3o ou tradu\u00e7\u00e3o adicional para certid\u00f5es de registro civil da UE em formato multilingue. Para os cidad\u00e3os italianos, as certid\u00f5es de \u00a0registro civil s\u00e3o \u00a0emitidas pelo departamento de registrocivil (ufficio stato civile) do munic\u00edpio (Comune) onde o cidad\u00e3o est\u00e1 registrado. A maioria dos departamentos de registro civil na It\u00e1lia permite pedidos e atendimento digital.<\/p>\n<p style=\"text-align: justify;\">Os funcion\u00e1rios consulares poder\u00e3o solicitar documentos adicionais a seu crit\u00e9rio. Esteja ciente de que o envio da documenta\u00e7\u00e3o exigida n\u00e3o garante a emiss\u00e3o do visto. Observe que documenta\u00e7\u00e3o incompleta n\u00e3o ser\u00e1 aceita.<\/p>\n<p style=\"text-align: justify;\">Este visto nacional \u00e9 gratuito. Dado que este \u00e9 um privil\u00e9gio excepcional apenas para familiares da UE\/EEE, os requerentes devem trazer uma c\u00f3pia destas instru\u00e7\u00f5es para a consulta, para mostrar ao funcion\u00e1rio caso seja solicitado qualquer pagamento.<\/p>\n<p style=\"text-align: justify;\">Depois de entrar na It\u00e1lia com um visto nacional, incluindo o visto por motivos familiares, voc\u00ea dever\u00e1 visitar a Questura local (sede da pol\u00edcia provincial), aquela com jurisdi\u00e7\u00e3o sobre sua resid\u00eancia na It\u00e1lia, e solicitar um permesso di soggiorno (autoriza\u00e7\u00e3o de resid\u00eancia) nos primeiros oito dias ap\u00f3s sua chegada. O permesso substitui o seu visto. O permesso \u00e9 emitido por tempo limitado: seu primeiro permesso ser\u00e1 emitido por um (1) ano, mas voc\u00ea poder\u00e1 renov\u00e1-lo localmente na Questura, desde que voc\u00ea e seu c\u00f4njuge mantenham sua resid\u00eancia na It\u00e1lia. Voc\u00ea precisar\u00e1 apresentar \u00e0 Questura para seu permesso os documentos que apresentou a este escrit\u00f3rio para o visto por motivos familiares. Ent\u00e3o, recomendamos que voc\u00ea imprima uma fotoc\u00f3pia do seus documentos antes de envi\u00e1-lo a este escrit\u00f3rio. Durante e ap\u00f3s a pandemia de Covid-19, muitas das Questuras na It\u00e1lia come\u00e7aram a permitir pedidos de permesso atrav\u00e9s dos correios. Verifique o site da Questura em cuja jurisdi\u00e7\u00e3o voc\u00ea residir\u00e1 para quaisquer outras quest\u00f5es relacionadas \u00e0 emiss\u00e3o do permesso.<\/p>\n","protected":false},"excerpt":{"rendered":"Visto Nacional tipo D Os seguintes familiares de cidad\u00e3os da UE\/EEE podem solicitar o visto de reagrupamento familiar: C\u00f4njuges, incluindo parceiros de uni\u00f5es civis ou outros equivalentes de casamento entre pessoas do mesmo sexo legalmente reconhecidos de qualquer pa\u00eds da UE\/EEE; Filhos menores de 21 anos, ou que estejam totalmente a cargo do cidad\u00e3o ou [&hellip;]","protected":false},"author":1,"featured_media":0,"parent":191,"menu_order":0,"comment_status":"closed","ping_status":"closed","template":"","meta":{"footnotes":""},"class_list":["post-3785","page","type-page","status-publish","hentry"],"_links":{"self":[{"href":"https:\/\/consportoalegre.esteri.it\/pt\/wp-json\/wp\/v2\/pages\/3785","targetHints":{"allow":["GET"]}}],"collection":[{"href":"https:\/\/consportoalegre.esteri.it\/pt\/wp-json\/wp\/v2\/pages"}],"about":[{"href":"https:\/\/consportoalegre.esteri.it\/pt\/wp-json\/wp\/v2\/types\/page"}],"author":[{"embeddable":true,"href":"https:\/\/consportoalegre.esteri.it\/pt\/wp-json\/wp\/v2\/users\/1"}],"replies":[{"embeddable":true,"href":"https:\/\/consportoalegre.esteri.it\/pt\/wp-json\/wp\/v2\/comments?post=3785"}],"version-history":[{"count":1,"href":"https:\/\/consportoalegre.esteri.it\/pt\/wp-json\/wp\/v2\/pages\/3785\/revisions"}],"predecessor-version":[{"id":3787,"href":"https:\/\/consportoalegre.esteri.it\/pt\/wp-json\/wp\/v2\/pages\/3785\/revisions\/3787"}],"up":[{"embeddable":true,"href":"https:\/\/consportoalegre.esteri.it\/pt\/wp-json\/wp\/v2\/pages\/191"}],"wp:attachment":[{"href":"https:\/\/consportoalegre.esteri.it\/pt\/wp-json\/wp\/v2\/media?parent=3785"}],"curies":[{"name":"wp","href":"https:\/\/api.w.org\/{rel}","templated":true}]}}