{"id":3782,"date":"2024-10-25T11:06:25","date_gmt":"2024-10-25T09:06:25","guid":{"rendered":"https:\/\/consportoalegre.esteri.it\/?page_id=3782"},"modified":"2025-07-25T14:54:43","modified_gmt":"2025-07-25T12:54:43","slug":"visto-por-motivos-familiares-cidadao-nao-pertencente-a-ue","status":"publish","type":"page","link":"https:\/\/consportoalegre.esteri.it\/pt\/servizi-consolari-e-visti\/servizi-per-il-cittadino-straniero\/visti\/visto-por-motivos-familiares-cidadao-nao-pertencente-a-ue\/","title":{"rendered":"Visto por motivos familiares \u2013 cidad\u00e3o n\u00e3o pertencente \u00e0 UE"},"content":{"rendered":"<p style=\"text-align: justify;\"><strong>Visto nacional tipo D<\/strong><\/p>\n<p style=\"text-align: justify;\">Tempo m\u00e1ximo de processamento: 30 dias<\/p>\n<p style=\"text-align: justify;\">O visto de fam\u00edlia permite a entrada na It\u00e1lia de um parente (c\u00f4njuge, filhos ou pais dependentes) de um cidad\u00e3o n\u00e3o pertencente \u00e0 UE que possua uma autoriza\u00e7\u00e3o de perman\u00eancia italiana regular. <strong>Neste caso \u00e9 necess\u00e1rio um \u201cnulla osta\u201d (autoriza\u00e7\u00e3o de entrada) emitido no m\u00e1ximo 6 meses antes pelo competente \u201cSportello Unico\u201d (Gabinete Unificado de Imigra\u00e7\u00e3o)<\/strong>.<\/p>\n<p style=\"text-align: justify;\">Todos os documentos devem ser apresentados originais e c\u00f3pias (inclu\u00eddas fotoc\u00f3pia do passaporte e p\u00e1ginas relevantes). Os candidatos dever\u00e3o fornecer:<\/p>\n<ol style=\"text-align: justify;\">\n<li>Formul\u00e1rio de Solicita\u00e7\u00e3o de Visto de Longa Dura\u00e7\u00e3o devidamente preenchido;<\/li>\n<li>Foto recente tipo passaporte (frente inteira e fundo branco);<\/li>\n<li>Passaporte ou documento de viagem v\u00e1lido por tr\u00eas meses ap\u00f3s a estadia prevista do requerente na It\u00e1lia; o passaporte ser\u00e1 guardado e devolvido junto com o visto, caso aprovado;<\/li>\n<li><strong>Autoriza\u00e7\u00e3o (Nulla Osta) emitida h\u00e1 menos de 6 meses pelo <em>Sportello Unico Immigrazione<\/em> (Guich\u00ea Unificado Imihrgra\u00e7\u00e3o) competente<\/strong><\/li>\n<li>C\u00f3pia do documento de identidade ou passaporte do cidad\u00e3o residente na UE ou no Espa\u00e7o Economico Europeu, juntamente com uma declara\u00e7\u00e3o solicitando a presen\u00e7a do familiar na It\u00e1lia e declarando estar em posse dos requisitos previstos na lei;<\/li>\n<li>Documenta\u00e7\u00e3o administrativa (certid\u00e3o de casamento, certid\u00e3o de nascimento, etc.) que comprove a rela\u00e7\u00e3o familiar; comprovante de parentesco (certid\u00e3o de nascimento dos filhos ou certid\u00e3o de casamento do c\u00f4njuge); os estrangeiros que solicitarem resid\u00eancia permanente na It\u00e1lia por meio de casamento com cidad\u00e3o italiano dever\u00e3o registrar seu casamento no Consulado Italiano competente antes de solicitar o visto. Os documentos de estado civil estrangeiros dever\u00e3o ser traduzidos e apostilados;<\/li>\n<li>No caso de filhos menores, autoriza\u00e7\u00e3o por escrito do outro progenitor da crian\u00e7a para a emiss\u00e3o do visto.<\/li>\n<\/ol>\n<p style=\"text-align: justify;\">Os funcion\u00e1rios consulares poder\u00e3o solicitar documentos adicionais a seu crit\u00e9rio. Esteja ciente de que o envio da documenta\u00e7\u00e3o exigida n\u00e3o garante a emiss\u00e3o do visto. Observe que documenta\u00e7\u00e3o incompleta n\u00e3o ser\u00e1 aceita.<\/p>\n<p style=\"text-align: justify;\">Familiares que podem solicitar o visto:<\/p>\n<ul>\n<li style=\"text-align: justify;\">c\u00f4njuge (n\u00e3o \u00e9 aceita uni\u00e3o est\u00e1vel nos termos das leis brasileiras) que n\u00e3o esteja separado judicialmente e tenha pelo menos 18 anos de idade;<\/li>\n<li style=\"text-align: justify;\">filhos menores, inclusive do c\u00f4njuge ou nascidos fora do casamento, solteiros, com consentimento pr\u00e9vio do outro progenitor, se houver. S\u00e3o considerados menores os menores que n\u00e3o tenham completado 18 anos de idade no momento da apresenta\u00e7\u00e3o do pedido de autoriza\u00e7\u00e3o ao SUI;<\/li>\n<li style=\"text-align: justify;\">filhos adultos dependentes, se n\u00e3o puderem satisfazer as suas necessidades essenciais de vida devido ao seu estado de sa\u00fade que conduza \u00e0 incapacidade total;<\/li>\n<li style=\"text-align: justify;\">pais dependentes, se n\u00e3o tiverem outros filhos no seu pa\u00eds de origem ou proveni\u00eancia;<\/li>\n<li style=\"text-align: justify;\">pais com mais de 65 anos, quando os outros filhos presentes no pa\u00eds de origem ou proveni\u00eancia n\u00e3o possam cuidar do seu sustento por motivos de sa\u00fade graves e documentados.<\/li>\n<\/ul>\n","protected":false},"excerpt":{"rendered":"Visto nacional tipo D Tempo m\u00e1ximo de processamento: 30 dias O visto de fam\u00edlia permite a entrada na It\u00e1lia de um parente (c\u00f4njuge, filhos ou pais dependentes) de um cidad\u00e3o n\u00e3o pertencente \u00e0 UE que possua uma autoriza\u00e7\u00e3o de perman\u00eancia italiana regular. Neste caso \u00e9 necess\u00e1rio um \u201cnulla osta\u201d (autoriza\u00e7\u00e3o de entrada) emitido no m\u00e1ximo [&hellip;]","protected":false},"author":1,"featured_media":0,"parent":191,"menu_order":0,"comment_status":"closed","ping_status":"closed","template":"","meta":{"footnotes":""},"class_list":["post-3782","page","type-page","status-publish","hentry"],"_links":{"self":[{"href":"https:\/\/consportoalegre.esteri.it\/pt\/wp-json\/wp\/v2\/pages\/3782","targetHints":{"allow":["GET"]}}],"collection":[{"href":"https:\/\/consportoalegre.esteri.it\/pt\/wp-json\/wp\/v2\/pages"}],"about":[{"href":"https:\/\/consportoalegre.esteri.it\/pt\/wp-json\/wp\/v2\/types\/page"}],"author":[{"embeddable":true,"href":"https:\/\/consportoalegre.esteri.it\/pt\/wp-json\/wp\/v2\/users\/1"}],"replies":[{"embeddable":true,"href":"https:\/\/consportoalegre.esteri.it\/pt\/wp-json\/wp\/v2\/comments?post=3782"}],"version-history":[{"count":2,"href":"https:\/\/consportoalegre.esteri.it\/pt\/wp-json\/wp\/v2\/pages\/3782\/revisions"}],"predecessor-version":[{"id":4979,"href":"https:\/\/consportoalegre.esteri.it\/pt\/wp-json\/wp\/v2\/pages\/3782\/revisions\/4979"}],"up":[{"embeddable":true,"href":"https:\/\/consportoalegre.esteri.it\/pt\/wp-json\/wp\/v2\/pages\/191"}],"wp:attachment":[{"href":"https:\/\/consportoalegre.esteri.it\/pt\/wp-json\/wp\/v2\/media?parent=3782"}],"curies":[{"name":"wp","href":"https:\/\/api.w.org\/{rel}","templated":true}]}}