{"id":33,"date":"2022-12-07T12:44:34","date_gmt":"2022-12-07T11:44:34","guid":{"rendered":"https:\/\/consportoalegre.esteri.it\/chi-siamo\/"},"modified":"2026-01-13T21:18:03","modified_gmt":"2026-01-13T20:18:03","slug":"chi-siamo","status":"publish","type":"page","link":"https:\/\/consportoalegre.esteri.it\/pt\/chi-siamo\/","title":{"rendered":"Quem somos"},"content":{"rendered":"<p>O endere\u00e7o do Consulado Geral da It\u00e1lia em Porto Alegre \u00e9:<\/p>\n<p>Rua Jos\u00e9 de Alencar, 313 CEP 90880-481 &#8211; Porto Alegre (RS) Brasil<br \/>\nTel.: 0055.51.3230.8200<br \/>\nPEC:\u00a0<a href=\"mailto:con.portoalegre@cert.esteri.it\">con.portoalegre@cert.esteri.it<\/a><br \/>\nJurisdi\u00e7\u00e3o Consular: Rio Grande do Sul<\/p>\n<p>Dias em que o Consulado permanecer\u00e1 fechado ao p\u00fablico: veja a <a href=\"https:\/\/consportoalegre.esteri.it\/wp-content\/uploads\/2026\/01\/Calendario-dei-giorni-festivi-2026.pdf\">Lista dos feriados observados em 2026<\/a>.<\/p>\n<p>Veja os Servi\u00e7os dispon\u00edveis no menu ao lado.<\/p>\n","protected":false},"excerpt":{"rendered":"O endere\u00e7o do Consulado Geral da It\u00e1lia em Porto Alegre \u00e9: Rua Jos\u00e9 de Alencar, 313 CEP 90880-481 &#8211; Porto Alegre (RS) Brasil Tel.: 0055.51.3230.8200 PEC:\u00a0con.portoalegre@cert.esteri.it Jurisdi\u00e7\u00e3o Consular: Rio Grande do Sul Dias em que o Consulado permanecer\u00e1 fechado ao p\u00fablico: veja a Lista dos feriados observados em 2026. Veja os Servi\u00e7os dispon\u00edveis no menu [&hellip;]","protected":false},"author":2,"featured_media":0,"parent":0,"menu_order":0,"comment_status":"closed","ping_status":"closed","template":"","meta":{"footnotes":""},"class_list":["post-33","page","type-page","status-publish","hentry"],"_links":{"self":[{"href":"https:\/\/consportoalegre.esteri.it\/pt\/wp-json\/wp\/v2\/pages\/33","targetHints":{"allow":["GET"]}}],"collection":[{"href":"https:\/\/consportoalegre.esteri.it\/pt\/wp-json\/wp\/v2\/pages"}],"about":[{"href":"https:\/\/consportoalegre.esteri.it\/pt\/wp-json\/wp\/v2\/types\/page"}],"author":[{"embeddable":true,"href":"https:\/\/consportoalegre.esteri.it\/pt\/wp-json\/wp\/v2\/users\/2"}],"replies":[{"embeddable":true,"href":"https:\/\/consportoalegre.esteri.it\/pt\/wp-json\/wp\/v2\/comments?post=33"}],"version-history":[{"count":5,"href":"https:\/\/consportoalegre.esteri.it\/pt\/wp-json\/wp\/v2\/pages\/33\/revisions"}],"predecessor-version":[{"id":5447,"href":"https:\/\/consportoalegre.esteri.it\/pt\/wp-json\/wp\/v2\/pages\/33\/revisions\/5447"}],"wp:attachment":[{"href":"https:\/\/consportoalegre.esteri.it\/pt\/wp-json\/wp\/v2\/media?parent=33"}],"curies":[{"name":"wp","href":"https:\/\/api.w.org\/{rel}","templated":true}]}}