{"id":31,"date":"2022-12-07T12:45:26","date_gmt":"2022-12-07T11:45:26","guid":{"rendered":"https:\/\/consportoalegre.esteri.it\/servizi-consolari-e-visti\/"},"modified":"2026-04-01T13:38:36","modified_gmt":"2026-04-01T11:38:36","slug":"servizi-consolari-e-visti","status":"publish","type":"page","link":"https:\/\/consportoalegre.esteri.it\/pt\/servizi-consolari-e-visti\/","title":{"rendered":"Servi\u00e7os Consulares e Vistos"},"content":{"rendered":"<p>Bem-vindo \u00e0 se\u00e7\u00e3o dedicada aos servi\u00e7os consulares.<\/p>\n<p>Para facilitar a navega\u00e7\u00e3o, dividimos os v\u00e1rios servi\u00e7os prestados em duas se\u00e7\u00f5es, as do\u00a0<a href=\"https:\/\/consportoalegre.esteri.it\/pt\/servizi-consolari-e-visti\/servizi-per-il-cittadino-italiano\/\">cidad\u00e3o italiano<\/a>\u00a0e as do\u00a0<a href=\"https:\/\/consportoalegre.esteri.it\/pt\/servizi-consolari-e-visti\/servizi-per-il-cittadino-straniero\/\">cidad\u00e3o estrangeiro<\/a>.<\/p>\n<p>Cada item de menu cont\u00e9m informa\u00e7\u00f5es \u00fateis para solicitar servi\u00e7os espec\u00edficos.<\/p>\n<p>Um iten espec\u00edfico \u00e9 referente \u00e0s publica\u00e7\u00f5es que s\u00e3o feitas no\u00a0Edital de Publica\u00e7\u00f5es.<\/p>\n<div>\n<p><strong>Tarifas consulares<\/strong><\/p>\n<p>A\u00a0tabela das taxas consulares\u00a0apresenta as tarifas dos servi\u00e7os consulares oferecidos.<\/p>\n<p>A cada trimestre, ap\u00f3s a publica\u00e7\u00e3o de Decreto consular, \u00e9 fixada uma taxa de c\u00e2mbio para converter o valor em moeda local, o Real brasileiro.<\/p>\n<p>Nesta\u00a0<a href=\"https:\/\/consportoalegre.esteri.it\/wp-content\/uploads\/2026\/03\/Tabella_diritti_POA_II-trim-2026.pdf\"><strong>tabela<\/strong><\/a> encontram-se as principais tarifas em vigor no per\u00edodo de 01 de abril at\u00e9 30 de junho de 2026.<\/p>\n<\/div>\n","protected":false},"excerpt":{"rendered":"Bem-vindo \u00e0 se\u00e7\u00e3o dedicada aos servi\u00e7os consulares. Para facilitar a navega\u00e7\u00e3o, dividimos os v\u00e1rios servi\u00e7os prestados em duas se\u00e7\u00f5es, as do\u00a0cidad\u00e3o italiano\u00a0e as do\u00a0cidad\u00e3o estrangeiro. Cada item de menu cont\u00e9m informa\u00e7\u00f5es \u00fateis para solicitar servi\u00e7os espec\u00edficos. Um iten espec\u00edfico \u00e9 referente \u00e0s publica\u00e7\u00f5es que s\u00e3o feitas no\u00a0Edital de Publica\u00e7\u00f5es. Tarifas consulares A\u00a0tabela das taxas consulares\u00a0apresenta [&hellip;]","protected":false},"author":2,"featured_media":0,"parent":0,"menu_order":0,"comment_status":"closed","ping_status":"closed","template":"","meta":{"footnotes":""},"class_list":["post-31","page","type-page","status-publish","hentry"],"_links":{"self":[{"href":"https:\/\/consportoalegre.esteri.it\/pt\/wp-json\/wp\/v2\/pages\/31","targetHints":{"allow":["GET"]}}],"collection":[{"href":"https:\/\/consportoalegre.esteri.it\/pt\/wp-json\/wp\/v2\/pages"}],"about":[{"href":"https:\/\/consportoalegre.esteri.it\/pt\/wp-json\/wp\/v2\/types\/page"}],"author":[{"embeddable":true,"href":"https:\/\/consportoalegre.esteri.it\/pt\/wp-json\/wp\/v2\/users\/2"}],"replies":[{"embeddable":true,"href":"https:\/\/consportoalegre.esteri.it\/pt\/wp-json\/wp\/v2\/comments?post=31"}],"version-history":[{"count":7,"href":"https:\/\/consportoalegre.esteri.it\/pt\/wp-json\/wp\/v2\/pages\/31\/revisions"}],"predecessor-version":[{"id":5553,"href":"https:\/\/consportoalegre.esteri.it\/pt\/wp-json\/wp\/v2\/pages\/31\/revisions\/5553"}],"wp:attachment":[{"href":"https:\/\/consportoalegre.esteri.it\/pt\/wp-json\/wp\/v2\/media?parent=31"}],"curies":[{"name":"wp","href":"https:\/\/api.w.org\/{rel}","templated":true}]}}