{"id":307,"date":"2023-05-10T17:02:36","date_gmt":"2023-05-10T15:02:36","guid":{"rendered":"https:\/\/consportoalegre.esteri.it\/?page_id=307"},"modified":"2026-01-06T20:00:14","modified_gmt":"2026-01-06T19:00:14","slug":"aggiornamento-indirizzo","status":"publish","type":"page","link":"https:\/\/consportoalegre.esteri.it\/pt\/servizi-consolari-e-visti\/servizi-per-il-cittadino-italiano\/anagrafe-degli-italiani-residenti-allestero-aire\/aggiornamento-indirizzo\/","title":{"rendered":"Atualiza\u00e7\u00e3o de endere\u00e7o"},"content":{"rendered":"<p><strong>Altera\u00e7\u00e3o de endere\u00e7o nesta mesma circunscri\u00e7\u00e3o consular (Estado do Rio Grande do Sul).\u00a0\u00a0<\/strong><\/p>\n<p>Em caso de mudan\u00e7a de endere\u00e7o dentro do Estado do Rio Grande do Sul, os cidad\u00e3os maiores de idade j\u00e1 inscritos\u00a0 no AIRE (Registro dos Italianos Residentes no Exterior) dever\u00e3o imediatamente comunicar \u00e0 altera\u00e7\u00e3o atrav\u00e9s do portal <a href=\"https:\/\/serviziconsolari.esteri.it\/home\">Fast It<\/a>, clicando na op\u00e7\u00e3o \u201cComunique a mudan\u00e7a de sua resid\u00eancia&#8221;<\/p>\n<p>Para acessar ao servi\u00e7o:<\/p>\n<ul>\n<li>Efetuar o cadastro no site <a href=\"https:\/\/serviziconsolari.esteri.it\/home\"><strong>Fast .it \u2013 Il Portale dei Servizi Consolari<\/strong><\/a> (caso ainda n\u00e3o o tenha efetuado anteriormente) e<a href=\"https:\/\/consportoalegre.esteri.it\/pt\/servizi-consolari-e-visti\/servizi-per-il-cittadino-italiano\/anagrafe-degli-italiani-residenti-allestero-aire\/associacao-da-conta-fast-it-ao-cadastro-consular\/\"> solicitar a associa\u00e7\u00e3o da conta Fast It ao cadastro consular;<\/a><\/li>\n<li>Depois de receber a confirma\u00e7\u00e3o da associa\u00e7\u00e3o, acessar a aba &#8220;Registro civil consular e Aire&#8221;, clicar em \u201cComunique a mudan\u00e7a de sua resid\u00eancia&#8221; e seguir as instru\u00e7\u00f5es.<\/li>\n<\/ul>\n<p>Ap\u00f3s preencher o formul\u00e1rio de mudan\u00e7a de endere\u00e7o no portal Fast It anexe os seguintes documentos, EXCLUSIVAMENTE EM FORMATO PDF (leg\u00edvel):<\/p>\n<p>1.\u00a0 Formul\u00e1rio de mudan\u00e7a de endere\u00e7o preenchido no pr\u00f3prio portal Fast It ou \u201c<a href=\"https:\/\/consportoalegre.esteri.it\/wp-content\/uploads\/2023\/05\/DICHIARAZIONE-SOSTITUTIVA-DI-CERTIFICAZIONE.pdf\">Dichiarazione sostitutiva di certificazione\u201d<\/a> devidamente preenchido em todos os campos e assinado manualmente.<\/p>\n<p>N\u00e3o s\u00e3o aceitos caracteres especiais (exemplo ~\/\u00e7) e nenhum tipo de acento (^\u00b4`).<\/p>\n<p>2. C\u00f3pia de um documento de identidade brasileiro v\u00e1lido e reconhecido pela It\u00e1lia (RG ou passaporte) ou carta d\u2019identit\u00e0 ou passaporte italiano. N\u00e3o \u00e9 aceita CNH ou identidade profissionais, pois s\u00e3o v\u00e1lidos apenas no Brasil. No caso de familiares que residem juntos, adicione tamb\u00e9m os documentos dos membros do n\u00facleo familiar. No caso de filhos menores, \u00e9 recomend\u00e1vel anexar tamb\u00e9m os documentos de identifica\u00e7\u00e3o de ambos os pais;<\/p>\n<p>3. <span lang=\"PT-BR\">Comprovantes de resid\u00eancia aceitos:<\/span><\/p>\n<p><span lang=\"PT-BR\">Para a solicita\u00e7\u00e3o de servi\u00e7os consulares \u00e9 imprescind\u00edvel apresentar um dos seguintes comprovantes de resid\u00eancia em nossa circunscri\u00e7\u00e3o consular:<\/span><\/p>\n<ul>\n<li><span lang=\"PT-BR\">\u00a0 \u00a0 \u00a0Prestadores de servi\u00e7os (eletricidade, g\u00e1s, \u00e1gua, telefone fixo, Internet, TV a cabo)<\/span><\/li>\n<li><span lang=\"PT-BR\">\u00a0 \u00a0 \u00a0Taxas universit\u00e1rias do pr\u00f3prio requerente<\/span><\/li>\n<li><span lang=\"PT-BR\">\u00a0 \u00a0 \u00a0Recibo de Pagamento aposentadoria<\/span><\/li>\n<li><span lang=\"PT-BR\">\u00a0 \u00a0 \u00a0Declara\u00e7\u00e3o do empregador (em papel timbrado e com firma reconhecida em cart\u00f3rio)<\/span><\/li>\n<li><span lang=\"PT-BR\">\u00a0 \u00a0 \u00a0Declara\u00e7\u00e3o de imposto de renda<\/span><\/li>\n<li><span lang=\"PT-BR\">\u00a0 \u00a0 \u00a0Declara\u00e7\u00e3o do administrador do pr\u00e9dio (em papel timbrado e com firma reconhecida em cart\u00f3rio)<\/span><\/li>\n<\/ul>\n<p><span lang=\"PT-BR\">Todos os comprovantes listados acima s\u00e3o alternativos e n\u00e3o cumulativos; dever\u00e3o, ainda, ser recentes (emitidos h\u00e1 no m\u00e1ximo 90 dias).<\/span><\/p>\n<p><span lang=\"PT-BR\">Poder\u00e1 ser apresentado um comprovante em nome do c\u00f4njuge (se acompanhado de provas da persist\u00eancia do v\u00ednculo conjugal \u2013 por exemplo, certid\u00e3o de casamento recente) ou do genitor italiano, no caso de filhos menores de 30 anos. Neste \u00faltimo caso, o comprovante deve ser acompanhado de uma declara\u00e7\u00e3o assinada (clique <a href=\"https:\/\/consportoalegre.esteri.it\/wp-content\/uploads\/2025\/03\/AUTORIZACAO-DO-GENITOR-PT.pdf\">aqui)<\/a> conforme orienta\u00e7\u00f5es dispostas no pr\u00f3prio formul\u00e1rio.<br \/>\n<\/span><\/p>\n<p><span lang=\"PT-BR\">N\u00c3O est\u00e3o previstas exce\u00e7\u00f5es. Ao solicitar servi\u00e7os, um dos documentos listados acima ser\u00e1 exigido. O Consulado Geral se reserva a possibilidade de solicitar documentos adicionais sempre que for necess\u00e1rio.<br \/>\n<\/span><\/p>\n<p>Cada cidad\u00e3o italiano maior de idade deve apresentar seu pedido separado (mesmo no aso de filhos maiores residentes com os pais), pois o sistema recusar\u00e1 o pedido e ser\u00e1 feito um registro manual no cadastro consular.<\/p>\n<p><strong>Pedido de transfer\u00eancia de sede consular<\/strong><\/p>\n<p>\u00c9 poss\u00edvel comunicar sua transfer\u00eancia de uma circunscri\u00e7\u00e3o consular no mesmo pa\u00eds (como por exemplo no Brasil) ou entre pa\u00edses diferentes.<\/p>\n<p>Se j\u00e1 estiver cadastrado no portal Fast It, clique em &#8220;Comunique a mudan\u00e7a de sua resid\u00eancia&#8221; para alterar a cidade e\/ou pa\u00eds de resid\u00eancia. O sistema transferir\u00e1 para alterar a cidade e\/ou pa\u00eds de resid\u00eancia. O sistema transferir\u00e1 automaticamente a conta Fast It para o Consulado competente. Dever\u00e1 continuar preenchendo o formul\u00e1rio, seguindo as instru\u00e7\u00f5es do portal e anexando a documenta\u00e7\u00e3o solicitada.<\/p>\n<p><span lang=\"PT-BR\">Os comprovantes de resid\u00eancia aceitos:<\/span><\/p>\n<p><span lang=\"PT-BR\">Para a solicita\u00e7\u00e3o de servi\u00e7os consulares \u00e9 imprescind\u00edvel apresentar um dos seguintes comprovantes de resid\u00eancia em nossa circunscri\u00e7\u00e3o consular:<\/span><\/p>\n<ul>\n<li><span lang=\"PT-BR\">\u00a0 \u00a0 \u00a0Prestadores de servi\u00e7os (eletricidade, g\u00e1s, \u00e1gua, telefone fixo, Internet, TV a cabo)<\/span><\/li>\n<li><span lang=\"PT-BR\">\u00a0 \u00a0 \u00a0Taxas universit\u00e1rias do pr\u00f3prio requerente<\/span><\/li>\n<li><span lang=\"PT-BR\">\u00a0 \u00a0 \u00a0Recibo de Pagamento aposentadoria<\/span><\/li>\n<li><span lang=\"PT-BR\">\u00a0 \u00a0 \u00a0Declara\u00e7\u00e3o do empregador (em papel timbrado e com firma reconhecida em cart\u00f3rio)<\/span><\/li>\n<li><span lang=\"PT-BR\">\u00a0 \u00a0 \u00a0Declara\u00e7\u00e3o de imposto de renda<\/span><\/li>\n<li><span lang=\"PT-BR\">\u00a0 \u00a0 \u00a0Declara\u00e7\u00e3o do administrador do pr\u00e9dio (em papel timbrado e com firma reconhecida em cart\u00f3rio)<\/span><\/li>\n<\/ul>\n<p><span lang=\"PT-BR\">Todos os comprovantes listados acima s\u00e3o alternativos e n\u00e3o cumulativos; dever\u00e3o, ainda, ser recentes (emitidos h\u00e1 no m\u00e1ximo 90 dias).<\/span><\/p>\n<p><span lang=\"PT-BR\">Poder\u00e1 ser apresentado um comprovante em nome do c\u00f4njuge (se acompanhado de provas da persist\u00eancia do v\u00ednculo conjugal \u2013 por exemplo, certid\u00e3o de casamento recente) ou do genitor italiano, no caso de filhos menores de 30 anos. Neste \u00faltimo caso, o comprovante deve ser acompanhado de uma declara\u00e7\u00e3o assinada (clique\u00a0<a href=\"https:\/\/consportoalegre.esteri.it\/wp-content\/uploads\/2025\/03\/AUTORIZACAO-DO-GENITOR-PT.pdf\">aqui)<\/a>\u00a0conforme orienta\u00e7\u00f5es dispostas no pr\u00f3prio formul\u00e1rio.<\/span><\/p>\n<p><span lang=\"PT-BR\">N\u00c3O est\u00e3o previstas exce\u00e7\u00f5es. Ao solicitar servi\u00e7os, um dos documentos listados acima ser\u00e1 exigido. O Consulado Geral se reserva a possibilidade de solicitar documentos adicionais sempre que for necess\u00e1rio.<\/span><\/p>\n<p><strong>NOTA:\u00a0<\/strong>A n\u00e3o atualiza\u00e7\u00e3o do endere\u00e7o de resid\u00eancia torna imposs\u00edvel o contato do Consulado com o cidad\u00e3o para o recebimento da c\u00e9dula eleitoral, no caso de elei\u00e7\u00f5es. Tal impossibilidade pode, ainda, decorrer no cancelamento do AIRE por parte do Comune (munic\u00edpio italiano).<\/p>\n<p><strong>ATEN\u00c7\u00c3O:\u00a0<\/strong>Est\u00e1 dispon\u00edvel o nosso ASSISTENTE VIRTUAL na p\u00e1gina inicial do site do Consulado, com um \u00edcone azul no canto inferior direito para esclarecer todas as d\u00favidas e fornecer informa\u00e7\u00f5es.<\/p>\n<p>&nbsp;<\/p>\n","protected":false},"excerpt":{"rendered":"Altera\u00e7\u00e3o de endere\u00e7o nesta mesma circunscri\u00e7\u00e3o consular (Estado do Rio Grande do Sul).\u00a0\u00a0 Em caso de mudan\u00e7a de endere\u00e7o dentro do Estado do Rio Grande do Sul, os cidad\u00e3os maiores de idade j\u00e1 inscritos\u00a0 no AIRE (Registro dos Italianos Residentes no Exterior) dever\u00e3o imediatamente comunicar \u00e0 altera\u00e7\u00e3o atrav\u00e9s do portal Fast It, clicando na op\u00e7\u00e3o [&hellip;]","protected":false},"author":7,"featured_media":0,"parent":183,"menu_order":2,"comment_status":"closed","ping_status":"closed","template":"","meta":{"footnotes":""},"class_list":["post-307","page","type-page","status-publish","hentry"],"_links":{"self":[{"href":"https:\/\/consportoalegre.esteri.it\/pt\/wp-json\/wp\/v2\/pages\/307","targetHints":{"allow":["GET"]}}],"collection":[{"href":"https:\/\/consportoalegre.esteri.it\/pt\/wp-json\/wp\/v2\/pages"}],"about":[{"href":"https:\/\/consportoalegre.esteri.it\/pt\/wp-json\/wp\/v2\/types\/page"}],"author":[{"embeddable":true,"href":"https:\/\/consportoalegre.esteri.it\/pt\/wp-json\/wp\/v2\/users\/7"}],"replies":[{"embeddable":true,"href":"https:\/\/consportoalegre.esteri.it\/pt\/wp-json\/wp\/v2\/comments?post=307"}],"version-history":[{"count":7,"href":"https:\/\/consportoalegre.esteri.it\/pt\/wp-json\/wp\/v2\/pages\/307\/revisions"}],"predecessor-version":[{"id":5389,"href":"https:\/\/consportoalegre.esteri.it\/pt\/wp-json\/wp\/v2\/pages\/307\/revisions\/5389"}],"up":[{"embeddable":true,"href":"https:\/\/consportoalegre.esteri.it\/pt\/wp-json\/wp\/v2\/pages\/183"}],"wp:attachment":[{"href":"https:\/\/consportoalegre.esteri.it\/pt\/wp-json\/wp\/v2\/media?parent=307"}],"curies":[{"name":"wp","href":"https:\/\/api.w.org\/{rel}","templated":true}]}}