{"id":304,"date":"2023-05-10T16:37:01","date_gmt":"2023-05-10T14:37:01","guid":{"rendered":"https:\/\/consportoalegre.esteri.it\/?page_id=304"},"modified":"2026-01-06T19:59:32","modified_gmt":"2026-01-06T18:59:32","slug":"associacao-da-conta-fast-it-ao-cadastro-consular","status":"publish","type":"page","link":"https:\/\/consportoalegre.esteri.it\/pt\/servizi-consolari-e-visti\/servizi-per-il-cittadino-italiano\/anagrafe-degli-italiani-residenti-allestero-aire\/associacao-da-conta-fast-it-ao-cadastro-consular\/","title":{"rendered":"Associa\u00e7\u00e3o da conta Fast It ao cadastro consular"},"content":{"rendered":"<p>Se voc\u00ea \u00e9 um cidad\u00e3o italiano j\u00e1 registrado no AIRE, pode visualizar sua Ficha Consular, registrando-se no portal <a href=\"https:\/\/serviziconsolari.esteri.it\/home\">Fast It.<\/a><\/p>\n<p>Sucessivamente dever\u00e1 solicitara a\u00a0<em>\u201cvincula\u00e7\u00e3o\u201d\u00a0<\/em>desta conta ao nosso banco de dados (<em>schedario consolare<\/em>). Tal procedimento \u00e9 chamado de \u201cASSOCIAZIONE\u201d e todos os cidad\u00e3os italianos registrados neste Consulado-Geral dever\u00e3o faz\u00ea-lo.<\/p>\n<p><strong>INSTRU\u00c7\u00d5ES:<\/strong><\/p>\n<p><strong>PRIMEIRO PASSO: Registre-se no portal <a href=\"https:\/\/serviziconsolari.esteri.it\/home\">FAST IT<\/a><\/strong><\/p>\n<p>\u00c9 necess\u00e1rio fornecer um endere\u00e7o de e-mail e uma senha (que contenha no m\u00ednimo 8 e no m\u00e1ximo 16 caracteres, pelo menos uma letra mai\u00fascula, um n\u00famero e um caracter especial).<\/p>\n<p><strong>NOTA:\u00a0<\/strong>Lembramos que \u00e9 fundamental que os dados preenchidos para a cria\u00e7\u00e3o da sua conta (nome, sobrenome, etc) sejam EXATAMENTE iguais aos dados presentes no nosso banco de dados. Em caso contr\u00e1rio o sistema n\u00e3o conseguir\u00e1 associar sua conta no Fast It ao nosso banco de dados (pois n\u00e3o haver\u00e1 direta converg\u00eancia de dados).<\/p>\n<p><strong>SEGUNDO PASSO: Ativar sua conta.<\/strong><\/p>\n<p>Voc\u00ea receber\u00e1 uma mensagem no seu e-mail cadastrado pedindo a ativa\u00e7\u00e3o da conta (clicar no link de \u201cativa\u00e7\u00e3o do usu\u00e1rio\u201d).<\/p>\n<p>Se a conta n\u00e3o for ativada dentro de 72 horas, dever\u00e1 pedir um novo c\u00f3digo de ativa\u00e7\u00e3o (clicar no link \u201cenvio novo c\u00f3digo de ativa\u00e7\u00e3o\u201d). Verifique tamb\u00e9m na caixa &#8220;spam&#8221; do seu e-mail.<\/p>\n<p><strong>TERCEIRO PASSO: Solicitar a associa\u00e7\u00e3o da conta Fast It<\/strong><\/p>\n<p>Ap\u00f3s efetuar login na pr\u00f3pria conta, na aba ANAGRAFE CONSOLARE E AIRE, clique na op\u00e7\u00e3o &#8220;Visualiza\u00e7\u00e3o da ficha de Registro Civil&#8221;.<\/p>\n<p>ser\u00e1 necess\u00e1rio anexar c\u00f3pia de um documento de identidade brasileiro v\u00e1lido e reconhecido pela It\u00e1lia (RG ou passaporte) ou carta d&#8217;identit\u00e0 ou passaporte italiano. N\u00e3o \u00e9 aceita CNH ou identidades profissionais, pois s\u00e3o v\u00e1lidos apenas no Brasil.<\/p>\n<p>Ap\u00f3s a conclus\u00e3o do procedimento de Associa\u00e7\u00e3o ser\u00e1 poss\u00edvel visualizar o pr\u00f3prio cadastro consular assim como consta para esta sede.<\/p>\n<p>Para altera\u00e7\u00e3o de endere\u00e7o, clique <a href=\"https:\/\/consportoalegre.esteri.it\/pt\/servizi-consolari-e-visti\/servizi-per-il-cittadino-italiano\/anagrafe-degli-italiani-residenti-allestero-aire\/aggiornamento-indirizzo\/\">aqui<\/a>.<\/p>\n<p>Para altera\u00e7\u00e3o do Registro Civil (nascimento ou ado\u00e7\u00e3o de filhos menores, casamento, div\u00f3rcio, \u00f3bito de c\u00f4njuge ou familiar), verifique as informa\u00e7\u00f5es no setor <a href=\"https:\/\/consportoalegre.esteri.it\/pt\/servizi-consolari-e-visti\/servizi-per-il-cittadino-italiano\/stato-civile\/\">Registro Civil.<\/a><\/p>\n<p>Para altera\u00e7\u00e3o de e-mail ou contato telef\u00f4nico, envie um e-mail para o setor AIRE (aire.portoalegre@esteri.it).<\/p>\n<p><strong>ATEN\u00c7\u00c3O:\u00a0<\/strong>Est\u00e1 dispon\u00edvel o nosso ASSISTENTE VIRTUAL na p\u00e1gina inicial do site do Consulado, com um \u00edcone azul no canto inferior direito para esclarecer todas as d\u00favidas e fornecer informa\u00e7\u00f5es.<\/p>\n<p>&nbsp;<\/p>\n<p>&nbsp;<\/p>\n","protected":false},"excerpt":{"rendered":"Se voc\u00ea \u00e9 um cidad\u00e3o italiano j\u00e1 registrado no AIRE, pode visualizar sua Ficha Consular, registrando-se no portal Fast It. Sucessivamente dever\u00e1 solicitara a\u00a0\u201cvincula\u00e7\u00e3o\u201d\u00a0desta conta ao nosso banco de dados (schedario consolare). Tal procedimento \u00e9 chamado de \u201cASSOCIAZIONE\u201d e todos os cidad\u00e3os italianos registrados neste Consulado-Geral dever\u00e3o faz\u00ea-lo. INSTRU\u00c7\u00d5ES: PRIMEIRO PASSO: Registre-se no portal FAST [&hellip;]","protected":false},"author":7,"featured_media":0,"parent":183,"menu_order":1,"comment_status":"closed","ping_status":"closed","template":"","meta":{"footnotes":""},"class_list":["post-304","page","type-page","status-publish","hentry"],"_links":{"self":[{"href":"https:\/\/consportoalegre.esteri.it\/pt\/wp-json\/wp\/v2\/pages\/304","targetHints":{"allow":["GET"]}}],"collection":[{"href":"https:\/\/consportoalegre.esteri.it\/pt\/wp-json\/wp\/v2\/pages"}],"about":[{"href":"https:\/\/consportoalegre.esteri.it\/pt\/wp-json\/wp\/v2\/types\/page"}],"author":[{"embeddable":true,"href":"https:\/\/consportoalegre.esteri.it\/pt\/wp-json\/wp\/v2\/users\/7"}],"replies":[{"embeddable":true,"href":"https:\/\/consportoalegre.esteri.it\/pt\/wp-json\/wp\/v2\/comments?post=304"}],"version-history":[{"count":4,"href":"https:\/\/consportoalegre.esteri.it\/pt\/wp-json\/wp\/v2\/pages\/304\/revisions"}],"predecessor-version":[{"id":5386,"href":"https:\/\/consportoalegre.esteri.it\/pt\/wp-json\/wp\/v2\/pages\/304\/revisions\/5386"}],"up":[{"embeddable":true,"href":"https:\/\/consportoalegre.esteri.it\/pt\/wp-json\/wp\/v2\/pages\/183"}],"wp:attachment":[{"href":"https:\/\/consportoalegre.esteri.it\/pt\/wp-json\/wp\/v2\/media?parent=304"}],"curies":[{"name":"wp","href":"https:\/\/api.w.org\/{rel}","templated":true}]}}