{"id":288,"date":"2023-05-10T16:08:47","date_gmt":"2023-05-10T14:08:47","guid":{"rendered":"https:\/\/consportoalegre.esteri.it\/?page_id=288"},"modified":"2026-01-06T19:44:25","modified_gmt":"2026-01-06T18:44:25","slug":"cadastro-aire-primeiro-registro-on-line-pelo-portal-fast-it","status":"publish","type":"page","link":"https:\/\/consportoalegre.esteri.it\/pt\/servizi-consolari-e-visti\/servizi-per-il-cittadino-italiano\/anagrafe-degli-italiani-residenti-allestero-aire\/cadastro-aire-primeiro-registro-on-line-pelo-portal-fast-it\/","title":{"rendered":"Inscri\u00e7\u00e3o no AIRE"},"content":{"rendered":"<p>Lembramos que o tempo previsto para a an\u00e1lise da documenta\u00e7\u00e3o \u00e9 de 180 dias. Caso a documenta\u00e7\u00e3o n\u00e3o esteja conforme, este Consulado ir\u00e1 solicitar a integra\u00e7\u00e3o de documentos pelo Portal Fast It (Verifica Fallita). O prazo para envio da documenta\u00e7\u00e3o faltante \u00e9 de 30 dias. Caso o requerente n\u00e3o integre, o pedido vence automaticamente e ser\u00e1 necess\u00e1rio solicitar uma nova inscri\u00e7\u00e3o AIRE.<\/p>\n<p>O primeiro pedido de registro no A.I.R.E. (Registro dos Italianos Residentes no Exterior) de cidad\u00e3os italianos maiores de idade que se transferiram da It\u00e1lia ou tiveram sua cidadania reconhecida por resid\u00eancia na It\u00e1lia ou por via judicial dever\u00e1 ser efetuado atrav\u00e9s do portal <strong>Fast It<\/strong>, ap\u00f3s cadastrar-se no portal.<\/p>\n<p>O portal pode ser acessado neste link: <a href=\"https:\/\/serviziconsolari.esteri.it\/home\">\u00a0<strong>https:\/\/serviziconsolarionline.esteri.it\u00a0<\/strong><\/a><\/p>\n<p><strong>INSTRU\u00c7\u00d5ES:<\/strong><\/p>\n<p><strong>\u00a0PRIMEIRO PASSO: Registre-se no portal.<\/strong><\/p>\n<p>Se \u00e9 cidad\u00e3o italiano e quer inscrever-se no AIRE, ser\u00e1 necess\u00e1rio fornecer um endere\u00e7o de e-mail e uma senha (que contenha no m\u00ednimo 8 e no m\u00e1ximo 16 caracteres, pelo menos uma letra mai\u00fascula, um n\u00famero e um caracter especial).<\/p>\n<p><strong>SEGUNDO PASSO: Ativar sua conta.<\/strong><\/p>\n<p>Voc\u00ea receber\u00e1 uma mensagem no seu e-mail cadastrado pedindo a ativa\u00e7\u00e3o da conta (clicar no link de &#8220;ativa\u00e7\u00e3o do usu\u00e1rio&#8221;).<\/p>\n<p>Se a conta n\u00e3o for ativada dentro de 72 horas, dever\u00e1 pedir um novo c\u00f3digo de ativa\u00e7\u00e3o (clicar no link &#8220;envio novo c\u00f3digo de ativa\u00e7\u00e3o&#8221;). Verifique tamb\u00e9m na caixa de &#8220;spam&#8221; do seu e-mail.<\/p>\n<p><strong>TERCEIRO PASSO: Preencher o formul\u00e1rio de inscri\u00e7\u00e3o<\/strong><\/p>\n<p>Uma vez que sua conta est\u00e1 ativada, voc\u00ea ter\u00e1 acesso ao sistema para completar o pedido de inscri\u00e7\u00e3o AIRE, clicando na op\u00e7\u00e3o &#8220;Solicite a inscri\u00e7\u00e3o no AIRE&#8221;.<\/p>\n<p><strong>NOTA:\u00a0<\/strong>Lembramos que a troca de e-mail impossibilita o acesso ao portal Fast It, se j\u00e1 tiver feito uma solicita\u00e7\u00e3o ou se tiver uma solicita\u00e7\u00e3o em andamento.<\/p>\n<p>O pedido de inscri\u00e7\u00e3o AIRE deve ser encaminhado EXCLUSIVAMENTE atrav\u00e9s do portal <a href=\"https:\/\/serviziconsolari.esteri.it\/home\">Fast It<\/a>.<\/p>\n<p><span style=\"text-decoration: underline;\">Cada cidad\u00e3o italiano maior de idade deve apresentar seu pedido separado<\/span> (mesmo no caso de filhos maiores residentes com os pais), pois o sistema recusar\u00e1 o pedido e ser\u00e1 feito um registro manual no cadastro consular.<\/p>\n<p>Ap\u00f3s preencher o formul\u00e1rio de inscri\u00e7\u00e3o AIRE no portal Fast It, anexe os seguintes documentos, EXCLUSIVAMENTE EM FORMATO PDF (leg\u00edvel). N\u00e3o ser\u00e3o aceitas fotos de documentos.:<\/p>\n<p><strong>ANEXO A:<\/strong><strong><br \/>\n<\/strong>&#8211; Formul\u00e1rio de inscri\u00e7\u00e3o AIRE preenchido no pr\u00f3prio portal Fast It ou \u201c<a class=\"\" href=\"https:\/\/consportoalegre.esteri.it\/wp-content\/uploads\/2023\/05\/DICHIARAZIONE-SOSTITUTIVA-DI-CERTIFICAZIONE.pdf\" data-focus-mouse=\"false\">Dichiarazione sostitutiva di certificazione\u201d<\/a>\u00a0 devidamente preenchido em todos os campos e assinado manualmente. No caso de filhos menores, ambos os pais devem assinar;<\/p>\n<p><strong>ANEXO B:<\/strong><br \/>\n1. C\u00f3pia de um documento de identifica\u00e7\u00e3o brasileiro que apresente todos os dados (nome completo, data de nascimento, naturalidade e nome dos pais) e que tenha uma validade m\u00e1xima de 10 anos e se tiver, carta d&#8217;identit\u00e0 ou passaporte italiano. N\u00e3o \u00e9 aceita CNH ou identidade profissionais, pois s\u00e3o v\u00e1lidos apenas no Brasil. No caso de familiares que residem juntos, adicione tamb\u00e9m os documentos dos membros do n\u00facleo familiar. No caso de filhos menores, \u00e9 recomend\u00e1vel anexar tamb\u00e9m os documentos de identifica\u00e7\u00e3o de ambos os pais;<\/p>\n<p>2. <span lang=\"PT-BR\">Comprovantes de resid\u00eancia aceitos:<\/span><\/p>\n<p><span lang=\"PT-BR\">Para a solicita\u00e7\u00e3o de servi\u00e7os consulares \u00e9 imprescind\u00edvel apresentar um dos seguintes comprovantes de resid\u00eancia em nossa circunscri\u00e7\u00e3o consular:<\/span><\/p>\n<ul>\n<li><span lang=\"PT-BR\">\u00a0 \u00a0 \u00a0Prestadores de servi\u00e7os (eletricidade, g\u00e1s, \u00e1gua, telefone fixo, Internet, TV a cabo)<\/span><\/li>\n<li><span lang=\"PT-BR\">\u00a0 \u00a0 \u00a0Taxas universit\u00e1rias do pr\u00f3prio requerente<\/span><\/li>\n<li><span lang=\"PT-BR\">\u00a0 \u00a0 \u00a0Recibo de Pagamento aposentadoria<\/span><\/li>\n<li><span lang=\"PT-BR\">\u00a0 \u00a0 \u00a0Declara\u00e7\u00e3o do empregador (em papel timbrado e com firma reconhecida em cart\u00f3rio)<\/span><\/li>\n<li><span lang=\"PT-BR\">\u00a0 \u00a0 \u00a0Declara\u00e7\u00e3o de imposto de renda<\/span><\/li>\n<li><span lang=\"PT-BR\">\u00a0 \u00a0 \u00a0Declara\u00e7\u00e3o do administrador do pr\u00e9dio (em papel timbrado e com firma reconhecida em cart\u00f3rio)<\/span><\/li>\n<\/ul>\n<p><span lang=\"PT-BR\">Todos os comprovantes listados acima s\u00e3o alternativos e n\u00e3o cumulativos; dever\u00e3o, ainda, ser recentes (emitidos h\u00e1 no m\u00e1ximo 90 dias).<\/span><\/p>\n<p><span lang=\"PT-BR\">Poder\u00e1 ser apresentado um comprovante em nome do c\u00f4njuge (se acompanhado de provas da persist\u00eancia do v\u00ednculo conjugal \u2013 por exemplo, certid\u00e3o de casamento recente) ou do genitor italiano, no caso de filhos menores de 30 anos. Neste \u00faltimo caso, o comprovante deve ser acompanhado de uma declara\u00e7\u00e3o assinada (clique <a href=\"https:\/\/consportoalegre.esteri.it\/wp-content\/uploads\/2025\/03\/AUTORIZACAO-DO-GENITOR-PT.pdf\">aqui)<\/a> conforme orienta\u00e7\u00f5es dispostas no pr\u00f3prio formul\u00e1rio.<\/span><\/p>\n<p><span lang=\"PT-BR\">N\u00c3O est\u00e3o previstas exce\u00e7\u00f5es. Ao solicitar servi\u00e7os, um dos documentos listados acima ser\u00e1 exigido. O Consulado Geral se reserva a possibilidade de solicitar documentos adicionais sempre que for necess\u00e1rio.<br \/>\n<\/span><\/p>\n<p><strong>ANEXO C:<\/strong><strong><br \/>\n<\/strong>&#8211; C\u00f3pias \u00a0das certid\u00f5es <em>(estratto dell&#8217;atto di nascita, estratto dell&#8217;atto di matrimonio<\/em> e <em>estratto dell&#8217;atto di nascita <\/em>dos filhos menores) emitidas pelo <em>Comune\u00a0<\/em>(munic\u00edpio italiano). Em caso de cidadania reconhecida por via judicial, c\u00f3pia da senten\u00e7a de reconhecimento da cidadania e em caso de cidadania por resid\u00eancia na It\u00e1lia, documentos italianos (identidade e passaporte) e\u00a0<em>attestazione di cittadinanza rilasciata dal sindaco<\/em>.<\/p>\n<p><strong>NOTA:\u00a0<\/strong>O envio de todos os documentos solicitados agiliza a conclus\u00e3o do processo. A documenta\u00e7\u00e3o incompleta resultar\u00e1 na impossibilidade de processamento do pedido.<\/p>\n<p><strong>IMPORTANTE:\u00a0<\/strong>As solicita\u00e7\u00f5es de inscri\u00e7\u00e3o AIRE s\u00e3o processadas conforme a ordem de chegada e, de qualquer forma, dentro do prazo previsto por lei de 180 dias, a partir da data de apresenta\u00e7\u00e3o do requerimento completo de todos os documentos necess\u00e1rios. A confirma\u00e7\u00e3o da inscri\u00e7\u00e3o AIRE deve ser solicitada ao\u00a0<em>Comune\u00a0<\/em>(munic\u00edpio italiano) de refer\u00eancia, que por lei \u00e9 respons\u00e1vel pelo registro AIRE.<\/p>\n<p><strong>ATEN\u00c7\u00c3O:\u00a0<\/strong>Est\u00e1 dispon\u00edvel o nosso ASSISTENTE VIRTUAL na p\u00e1gina inicial do site do Consulado, com um \u00edcone azul no canto inferior direito para esclarecer todas as d\u00favidas e fornecer informa\u00e7\u00f5es.<\/p>\n","protected":false},"excerpt":{"rendered":"Lembramos que o tempo previsto para a an\u00e1lise da documenta\u00e7\u00e3o \u00e9 de 180 dias. Caso a documenta\u00e7\u00e3o n\u00e3o esteja conforme, este Consulado ir\u00e1 solicitar a integra\u00e7\u00e3o de documentos pelo Portal Fast It (Verifica Fallita). O prazo para envio da documenta\u00e7\u00e3o faltante \u00e9 de 30 dias. Caso o requerente n\u00e3o integre, o pedido vence automaticamente e [&hellip;]","protected":false},"author":7,"featured_media":0,"parent":183,"menu_order":0,"comment_status":"closed","ping_status":"closed","template":"","meta":{"footnotes":""},"class_list":["post-288","page","type-page","status-publish","hentry"],"_links":{"self":[{"href":"https:\/\/consportoalegre.esteri.it\/pt\/wp-json\/wp\/v2\/pages\/288","targetHints":{"allow":["GET"]}}],"collection":[{"href":"https:\/\/consportoalegre.esteri.it\/pt\/wp-json\/wp\/v2\/pages"}],"about":[{"href":"https:\/\/consportoalegre.esteri.it\/pt\/wp-json\/wp\/v2\/types\/page"}],"author":[{"embeddable":true,"href":"https:\/\/consportoalegre.esteri.it\/pt\/wp-json\/wp\/v2\/users\/7"}],"replies":[{"embeddable":true,"href":"https:\/\/consportoalegre.esteri.it\/pt\/wp-json\/wp\/v2\/comments?post=288"}],"version-history":[{"count":6,"href":"https:\/\/consportoalegre.esteri.it\/pt\/wp-json\/wp\/v2\/pages\/288\/revisions"}],"predecessor-version":[{"id":5378,"href":"https:\/\/consportoalegre.esteri.it\/pt\/wp-json\/wp\/v2\/pages\/288\/revisions\/5378"}],"up":[{"embeddable":true,"href":"https:\/\/consportoalegre.esteri.it\/pt\/wp-json\/wp\/v2\/pages\/183"}],"wp:attachment":[{"href":"https:\/\/consportoalegre.esteri.it\/pt\/wp-json\/wp\/v2\/media?parent=288"}],"curies":[{"name":"wp","href":"https:\/\/api.w.org\/{rel}","templated":true}]}}