{"id":2380,"date":"2023-11-28T02:22:33","date_gmt":"2023-11-28T01:22:33","guid":{"rendered":"https:\/\/consportoalegre.esteri.it\/?page_id=2380"},"modified":"2026-03-23T16:32:38","modified_gmt":"2026-03-23T15:32:38","slug":"cidadania-iure-matrimonii","status":"publish","type":"page","link":"https:\/\/consportoalegre.esteri.it\/pt\/servizi-consolari-e-visti\/servizi-per-il-cittadino-straniero\/cittadinanza\/cidadania-iure-matrimonii\/","title":{"rendered":"Cidadania Iure Matrimonii"},"content":{"rendered":"<p>A Lei n\u00ba 74, de 23 de maio de 2025 introduziu mudan\u00e7as significativas para o reconhecimento da cidadania italiana, inclusive na chamada cidadania <em>iure matrimonii<\/em>, destinada \u00e0s mulheres que contra\u00edram matrim\u00f4nio com cidad\u00e3o italiano at\u00e9 27 de abril de 1983.<\/p>\n<p>O artigo 3-bis da Lei n\u00ba 91 de 1992 revogou a trasmiss\u00e3o autom\u00e1tica da cidadania, como era prevista pelo artigo 10 da Lei n. 555 de 1912, para as mulheres estrangeiras que contra\u00edssem matrim\u00f4nio com cidad\u00e3o italiano.<\/p>\n<p>Desta forma, com a entrada em vigor da Lei n\u00ba 74 de 2025 n\u00e3o \u00e9 mais poss\u00edvel proceder ao reconhecimento autom\u00e1tico da cidadania nos casos acima.<\/p>\n<p>Para verificar os requisitos atualmente em vigor para o reconhecimento da cidadania italiana atrav\u00e9s do casamento com cidad\u00e3o italiano, acesse: <a href=\"https:\/\/consportoalegre.esteri.it\/pt\/servizi-consolari-e-visti\/servizi-per-il-cittadino-straniero\/cittadinanza\/naturalizacao-por-casamento\/naturalizacao\/\">Naturaliza\u00e7\u00e3o \u2013 Consolato Generale d&#8217;Italia di Porto Alegre<\/a><\/p>\n<p><strong>\u00a0<\/strong><\/p>\n","protected":false},"excerpt":{"rendered":"A Lei n\u00ba 74, de 23 de maio de 2025 introduziu mudan\u00e7as significativas para o reconhecimento da cidadania italiana, inclusive na chamada cidadania iure matrimonii, destinada \u00e0s mulheres que contra\u00edram matrim\u00f4nio com cidad\u00e3o italiano at\u00e9 27 de abril de 1983. O artigo 3-bis da Lei n\u00ba 91 de 1992 revogou a trasmiss\u00e3o autom\u00e1tica da cidadania, [&hellip;]","protected":false},"author":6,"featured_media":0,"parent":189,"menu_order":0,"comment_status":"closed","ping_status":"closed","template":"","meta":{"footnotes":""},"class_list":["post-2380","page","type-page","status-publish","hentry"],"_links":{"self":[{"href":"https:\/\/consportoalegre.esteri.it\/pt\/wp-json\/wp\/v2\/pages\/2380","targetHints":{"allow":["GET"]}}],"collection":[{"href":"https:\/\/consportoalegre.esteri.it\/pt\/wp-json\/wp\/v2\/pages"}],"about":[{"href":"https:\/\/consportoalegre.esteri.it\/pt\/wp-json\/wp\/v2\/types\/page"}],"author":[{"embeddable":true,"href":"https:\/\/consportoalegre.esteri.it\/pt\/wp-json\/wp\/v2\/users\/6"}],"replies":[{"embeddable":true,"href":"https:\/\/consportoalegre.esteri.it\/pt\/wp-json\/wp\/v2\/comments?post=2380"}],"version-history":[{"count":3,"href":"https:\/\/consportoalegre.esteri.it\/pt\/wp-json\/wp\/v2\/pages\/2380\/revisions"}],"predecessor-version":[{"id":5525,"href":"https:\/\/consportoalegre.esteri.it\/pt\/wp-json\/wp\/v2\/pages\/2380\/revisions\/5525"}],"up":[{"embeddable":true,"href":"https:\/\/consportoalegre.esteri.it\/pt\/wp-json\/wp\/v2\/pages\/189"}],"wp:attachment":[{"href":"https:\/\/consportoalegre.esteri.it\/pt\/wp-json\/wp\/v2\/media?parent=2380"}],"curies":[{"name":"wp","href":"https:\/\/api.w.org\/{rel}","templated":true}]}}