{"id":2362,"date":"2023-11-28T02:00:49","date_gmt":"2023-11-28T01:00:49","guid":{"rendered":"https:\/\/consportoalegre.esteri.it\/?page_id=2362"},"modified":"2023-11-28T19:03:14","modified_gmt":"2023-11-28T18:03:14","slug":"certidao-de-cidadania","status":"publish","type":"page","link":"https:\/\/consportoalegre.esteri.it\/pt\/servizi-consolari-e-visti\/servizi-per-il-cittadino-straniero\/cittadinanza\/certidao-de-cidadania\/","title":{"rendered":"Certid\u00e3o de Cidadania"},"content":{"rendered":"<p>Este Consulado-Geral\u00a0<strong>n\u00e3o emite certid\u00f5es de cidadania, \u00e0 exce\u00e7\u00e3o de motivos de urg\u00eancia devidamente comprovada.\u00a0<\/strong>Nesses casos, o requerente deve enviar um e-mail para: <a href=\"mailto:cittadinanza.portoalegre@esteri.it\">cittadinanza.portoalegre@esteri.it<\/a>, solicitando a emiss\u00e3o da certid\u00e3o e anexando a documenta\u00e7\u00e3o comprobat\u00f3ria da urg\u00eancia. Ser\u00e3o informados ao requerente a data e o hor\u00e1rio de comparecimento no Consulado para efetuar o pagamento da taxa de emiss\u00e3o via PIX e retirar a certid\u00e3o de cidadania.<\/p>\n","protected":false},"excerpt":{"rendered":"Este Consulado-Geral\u00a0n\u00e3o emite certid\u00f5es de cidadania, \u00e0 exce\u00e7\u00e3o de motivos de urg\u00eancia devidamente comprovada.\u00a0Nesses casos, o requerente deve enviar um e-mail para: cittadinanza.portoalegre@esteri.it, solicitando a emiss\u00e3o da certid\u00e3o e anexando a documenta\u00e7\u00e3o comprobat\u00f3ria da urg\u00eancia. Ser\u00e3o informados ao requerente a data e o hor\u00e1rio de comparecimento no Consulado para efetuar o pagamento da taxa de [&hellip;]","protected":false},"author":6,"featured_media":0,"parent":189,"menu_order":0,"comment_status":"closed","ping_status":"closed","template":"","meta":{"footnotes":""},"class_list":["post-2362","page","type-page","status-publish","hentry"],"_links":{"self":[{"href":"https:\/\/consportoalegre.esteri.it\/pt\/wp-json\/wp\/v2\/pages\/2362","targetHints":{"allow":["GET"]}}],"collection":[{"href":"https:\/\/consportoalegre.esteri.it\/pt\/wp-json\/wp\/v2\/pages"}],"about":[{"href":"https:\/\/consportoalegre.esteri.it\/pt\/wp-json\/wp\/v2\/types\/page"}],"author":[{"embeddable":true,"href":"https:\/\/consportoalegre.esteri.it\/pt\/wp-json\/wp\/v2\/users\/6"}],"replies":[{"embeddable":true,"href":"https:\/\/consportoalegre.esteri.it\/pt\/wp-json\/wp\/v2\/comments?post=2362"}],"version-history":[{"count":3,"href":"https:\/\/consportoalegre.esteri.it\/pt\/wp-json\/wp\/v2\/pages\/2362\/revisions"}],"predecessor-version":[{"id":2471,"href":"https:\/\/consportoalegre.esteri.it\/pt\/wp-json\/wp\/v2\/pages\/2362\/revisions\/2471"}],"up":[{"embeddable":true,"href":"https:\/\/consportoalegre.esteri.it\/pt\/wp-json\/wp\/v2\/pages\/189"}],"wp:attachment":[{"href":"https:\/\/consportoalegre.esteri.it\/pt\/wp-json\/wp\/v2\/media?parent=2362"}],"curies":[{"name":"wp","href":"https:\/\/api.w.org\/{rel}","templated":true}]}}