{"id":2348,"date":"2023-11-28T01:54:10","date_gmt":"2023-11-28T00:54:10","guid":{"rendered":"https:\/\/consportoalegre.esteri.it\/?page_id=2348"},"modified":"2025-12-18T20:51:35","modified_gmt":"2025-12-18T19:51:35","slug":"naturalizacao","status":"publish","type":"page","link":"https:\/\/consportoalegre.esteri.it\/pt\/servizi-consolari-e-visti\/servizi-per-il-cittadino-straniero\/cittadinanza\/naturalizacao-por-casamento\/naturalizacao\/","title":{"rendered":"Naturaliza\u00e7\u00e3o"},"content":{"rendered":"<ol>\n<li><a href=\"https:\/\/www.esteri.it\/it\/servizi-consolari-e-visti\/italiani-all-estero\/cittadinanza\/cittadinanza-per-matrimonio-e-unione-civile\/\"><strong>CENNI\u00a0NORMATIVI<\/strong><\/a><\/li>\n<\/ol>\n<p><em>\u00a0<\/em><\/p>\n<p><em>In conformit\u00e0 alla normativa in vigore, che richiede la conoscenza della lingua italiana, le informazioni relative alla cittadinanza per matrimonio vengono fornite in italiano.<\/em><\/p>\n<p><em>Coloro che richiedono la cittadinanza italiana per matrimonio o unione civile devono essere a conoscenza dei doveri nei confronti della Repubblica italiana, primi fra tutti l\u2019adesione ai valori nazionali e l\u2019irreprensibilit\u00e0 della condotta.<\/em><\/p>\n<p>L\u2019acquisto della cittadinanza italiana da parte del coniuge straniero o apolide che abbia contratto matrimonio con cittadino italiano a partire dal 27 aprile 1983 \u00e8 attualmente regolato dalla Legge 5 febbraio 1992 n. 91 (artt. 5, 6, 7 e 8) e successive modifiche.<\/p>\n<p>Le richieste di cittadinanza italiana possono essere presentate anche da parte del cittadino o della cittadina stranieri che hanno costituito un\u2019unione civile con cittadino\/a italiano\/a trascritta nei registri dello stato civile del Comune italiano (D. Lgs. 5, 6 e 7\/ 2017).<\/p>\n<p>Il coniuge\/parte dell\u2019unione civile straniero pu\u00f2 acquistare la cittadinanza italiana su domanda, in presenza dei requisiti stabiliti dalla normativa vigente, come spiegato nelle sezioni successive.<\/p>\n<p>Riferimenti normativi:<\/p>\n<p>Legge N.123 del 21 aprile 1983<\/p>\n<p>Legge N. 91 del 5 febbraio 1992<\/p>\n<p>Decreti legislativi N. 5, 6 e 7 del 19 gennaio 2017<\/p>\n<p>Decreto Legge N. 113 del 4 ottobre 2018 (decreto sicurezza), convertito dalla Legge N.132 del 1 dicembre 2018<\/p>\n<p><a href=\"https:\/\/www.normattiva.it\/uri-res\/N2Ls?urn:nir:stato:decreto.legge:2020-10-21;130\">Decreto Legge N. 130 del\u00a0 21 ottobre 2020<\/a>, convertito dalla Legge N. 173 del 18 dicembre 2020<\/p>\n<p>&nbsp;<\/p>\n<ol start=\"2\">\n<li><strong>REQUISITI PER LA RICHIESTA DELLA CITTADINANZA<\/strong><\/li>\n<\/ol>\n<ul>\n<li>Residenza nella circoscrizione consolare:<\/li>\n<li>Il richiedente dovr\u00e0 indirizzare la domanda alla Rappresentanza diplomatico-consolare competente per la sua residenza;<\/li>\n<li>Conoscenza della\u00a0<strong>lingua italiana<\/strong> non inferiore a livello B1 del Quadro Comune Europeo di Riferimento (QCER). Saranno esenti solamente i soggetti affetti da <strong>gravi limitazioni<\/strong> <span style=\"text-decoration: underline;\">derivanti da et\u00e0, patologie o disabilit\u00e0<\/span> attestate mediante certificazione con apostille tradotta in italiano da un traduttore giurato con apostille rilasciata dalla struttura sanitaria pubblica (INSS) attestate la sussistenza delle suddette gravi limitazioni alla capacit\u00e0 di apprendimento linguistico.<\/li>\n<li>Il coniuge\/parte dell\u2019unione civile di nazionalit\u00e0 italiana deve essere residente e regolarmente iscritto all\u2019anagrafe degli italiani residenti all\u2019estero (A.I.R.E.) della circoscrizione consolare di competenza e convivente allo stesso indirizzo del richiedente la cittadinanza. In caso contrario, dovr\u00e0 fornire documentazione comprovante la motivazione (es. lavoro, scolarit\u00e0 dei figli, cure mediche o altro), che determina o ha determinato la necessit\u00e0 di domicilio disgiunto;<\/li>\n<li>Termini di presentazione: la domanda pu\u00f2 essere presentata tre anni dopo il matrimonio\/unione civile se il coniuge \u00e8 cittadino italiano\u00a0<em>iure sanguinis<\/em>; in caso di naturalizzazione avvenuta dopo il matrimonio, i tre anni decorrono dalla data della naturalizzazione del coniuge. I tre anni vengono ridotti a un anno e mezzo in presenza di figli minori nati o adottati dai coniugi;<\/li>\n<li><strong>Trascrizione del matrimonio\/unione civile<\/strong>: se avvenuti all\u2019estero, devono essere stati trascritti presso il Comune in Italia;<\/li>\n<li><strong>Validit\u00e0<\/strong>\u00a0del matrimonio\/unione civile e stabilit\u00e0 del vincolo di coniugio\/unione civile fino all\u2019adozione del provvedimento di concessione della cittadinanza. Al fine del conferimento della cittadinanza italiana, alla data di adozione del decreto non devono essere intervenuti lo scioglimento, l\u2019annullamento o la cessazione degli effetti civili del matrimonio\/unione civile (separazione personale, divorzio, decesso del coniuge o parte dell\u2019unione civile);<\/li>\n<li><strong>Assenza<\/strong>\u00a0di sentenze di condanna da parte delle Autorit\u00e0 giudiziarie italiane per reati per i quali sia prevista una pena superiore a tre anni di reclusione;<\/li>\n<li><strong>Assenza<\/strong>\u00a0di sentenze di condanna da parte delle Autorit\u00e0 giudiziarie straniere ad una pena superiore ad un anno per reati non politici;<\/li>\n<li><strong>Assenza<\/strong>\u00a0di condanne per delitti contro la personalit\u00e0 dello Stato;<\/li>\n<li><strong>Assenza<\/strong>\u00a0di motivi ostativi per la sicurezza della Repubblica;<\/li>\n<li><strong>Pagamento<\/strong>\u00a0delle tasse e percezioni indicate nella sezione documenti e costi.<\/li>\n<\/ul>\n<p>&nbsp;<\/p>\n<ol start=\"3\">\n<li><strong>DOCUMENTI NECESSARI PER LA RICHIESTA DI CITTADINANZA<\/strong><\/li>\n<\/ol>\n<p>&nbsp;<\/p>\n<ol>\n<li>Trascrizione integrale dell\u2019atto di nascita rilasciato da non oltre sei mesi dal Paese in cui si \u00e8 nati, completo di tutte le generalit\u00e0 (incluse paternit\u00e0 e maternit\u00e0), debitamente apostillato e tradotto in lingua italiana da un traduttore giurato.<\/li>\n<li>Certificato Penale del Paese di origine e degli eventuali Paesi terzi di residenza (a partire dai 14 anni d\u2019et\u00e0) \u2013 tranne l\u2019Italia \u2013 e dei Paesi di cui si possiede la cittadinanza, in originale, rilasciato da non oltre sei mesi prima della presentazione della domanda, debitamente apostillato e tradotto in lingua italiana da un traduttore giurato.<\/li>\n<\/ol>\n<p>Il richiedente \u00e8 esonerato dal presentare il certificato penale del Paese di origine solo se lo ha lasciato prima del compimento dei 14 anni e non ne ha conservato la cittadinanza.<\/p>\n<ol start=\"3\">\n<li>Ricevuta del versamento del contributo di euro 250,00 a favore del Ministero dell\u2019Interno, con le modalit\u00e0 indicate nella sezione \u201cCosti\u201d.<\/li>\n<li>Documento di identit\u00e0: fotocopia del passaporto in corso di validit\u00e0 (pagine con i dati personali, fotografia, date di rilascio e scadenza).<\/li>\n<li>Copia dell\u2019atto di matrimonio o estratto per riassunto del registro dei matrimoni, da richiedere al competente Comune italiano in cui l\u2019atto risulta trascritto, rilasciato da non oltre sei mesi prima dell\u2019istanza.\u00a0 Questo documento pu\u00f2 essere inserito al momento della presentazione della domanda alla voce \u201cdocumento generico\u201d e andr\u00e0 presentato al momento della convocazione presso gli Uffici Consolari.<\/li>\n<\/ol>\n<p>NOTA BENE: Qualora il richiedente sia un cittadino UE, potr\u00e0 avvalersi dell\u2019autocertificazione al posto dell\u2019atto di matrimonio, stato di famiglia e certificato di cittadinanza del coniuge\/parte dell\u2019unione civile (DPR 445\/2000)<\/p>\n<ol start=\"6\">\n<li><strong>Certificato di conoscenza della lingua italiana <\/strong>non inferiore al livello B1 del Quadro Comune Europeo di Riferimento (QCER) o titolo di studio rilasciato da un istituto di istruzione pubblico o paritario riconosciuto dal Ministero dell\u2019Istruzione, dell\u2019Universit\u00e0 e della Ricerca e dal Ministero degli Affari Esteri e della Cooperazione internazionale.<\/li>\n<\/ol>\n<p>Gli enti certificatori CLIQ (Certificazione Lingua Italiana di Qualit\u00e0) \u2013 eventualmente in regime di collaborazione con i locali istituti italiani di cultura \u2013 sono esclusivamente\u00a0<strong>l\u2019Universit\u00e0 per stranieri di Siena, l\u2019Universit\u00e0 per stranieri di Perugia, l\u2019Universit\u00e0 Roma Tre e la Societ\u00e0 Dante Alighieri<\/strong><\/p>\n<p>Non sono tenuti alla presentazione del titolo di conoscenza della lingua italiana:<\/p>\n<ol>\n<li>Gli stranieri (anche se residenti all\u2019estero) che abbiano sottoscritto l\u2019accordo di integrazione di cui all\u2019art. 4 bis del d.lgs. n. 286\/1998 Testo Unico Immigrazione<\/li>\n<li>I titolari di permesso di soggiorno UE (o CE) per soggiornanti di lungo periodo di cui all\u2019articolo 9 del medesimo testo unico<\/li>\n<\/ol>\n<p>&nbsp;<\/p>\n<ol start=\"4\">\n<li><strong>PROCEDURA<\/strong><\/li>\n<\/ol>\n<p><em>\u00a0<\/em><\/p>\n<p><em>FASE 1 \u2013\u00a0<\/em><strong>REGISTRAZIONE<\/strong><\/p>\n<p>Il richiedente dovr\u00e0 effettuare la registrazione sul portale del Ministero dell\u2019Interno (<a href=\"https:\/\/www.interno.gov.it\/it\/temi\/cittadinanza-e-altri-diritti-civili\/cittadinanza\/cittadinanza-invia-tua-domanda\">https:\/\/www.interno.gov.it\/it\/temi\/cittadinanza-e-altri-diritti-civili\/cittadinanza\/cittadinanza-invia-tua-domanda<\/a>).<\/p>\n<p>Si precisa che l\u2019indirizzo email dichiarato sul portale in fase di inoltro della domanda on line costituisce domicilio eletto (art. 47 c.c.), si rende pertanto necessaria una frequente consultazione della propria email in quanto tutte le comunicazioni relative alla domanda di cittadinanza, ivi comprese richieste di integrazione documentale, convocazioni, notifiche di provvedimenti, ecc. avverranno UNICAMENTE tramite canale informatico.<\/p>\n<p><em>\u00a0<\/em><\/p>\n<p><em>FASE 2 \u2013\u00a0<\/em><strong>INSERIMENTO ISTANZA (Modello AE)<\/strong><\/p>\n<p>Una volta registrato, il richiedente potr\u00e0 procedere alla compilazione della domanda \u201conline\u201d e all\u2019inserimento di tutti i documenti richiesti sull\u2019apposito portale del Ministero dell\u2019Interno:<\/p>\n<p>(<a href=\"https:\/\/portaleserviziapp.dlci.interno.it\/\">https:\/\/portaleserviziapp.dlci.interno.it<\/a>).\u00a0<strong>Qualsiasi domanda di carattere tecnico o di contenuto relativa all\u2019istanza online dovr\u00e0 essere risolta rivolgendosi direttamente al Ministero dell\u2019Interno che ha predisposto un servizio di assistenza con FAQ e HelpDesk dedicati.<\/strong><\/p>\n<p>Attenzione: NOTE PER LA COMPILAZIONE DELLA DOMANDA ONLINE<\/p>\n<ul>\n<li>nel modulo di registrazione vanno inseriti DATA E LUOGO DI NASCITA cos\u00ec come indicati nell\u2019atto di nascita.<\/li>\n<li>Vanno riportate le GENERALIT\u00c0 indicate in atti e documenti formati all\u2019estero dalle competenti autorit\u00e0 straniere. In caso di discordanze, fornire documentazione giustificativa.<\/li>\n<li>specificare nell\u2019istanza l\u2019eventuale presenza di figli minori del\/della richiedente, nati da una precedente relazione<\/li>\n<\/ul>\n<p><em>\u00a0<\/em><\/p>\n<p><em>FASE 3 \u2013\u00a0<\/em><strong>VERIFICA CONSOLARE<\/strong><\/p>\n<p>L\u2019Ufficio Consolare sar\u00e0 automaticamente informato della presentazione della domanda e proceder\u00e0 alle necessarie VERIFICHE.<\/p>\n<p>Il richiedente ricever\u00e0 quindi, in modalit\u00e0 telematica tramite il portale del Ministero dell\u2019Interno, una comunicazione relativa all\u2019accettazione o al motivo dell\u2019inammissibilit\u00e0.<\/p>\n<p>In caso di accettazione della domanda, il richiedente sar\u00e0 convocato, per via telematica, presso la Rappresentanza diplomatico-consolare per l\u2019autentica della firma apposta sulla domanda di cittadinanza, per la consegna di tutta la documentazione cartacea IN ORIGINALE, ivi compresa quella gi\u00e0 trasmessa per via telematica tramite il Portale, per la riscossione o verifica dell\u2019avvenuto pagamento delle percezioni consolari previste.<\/p>\n<p>Tutta la documentazione di cui sopra sar\u00e0 conservata in originale dalla Rappresentanza diplomatico-consolare, ad eccezione del passaporto e del certificato linguistico, per i quali verr\u00e0 effettuata una copia conforme con relativi pagamenti.<\/p>\n<p><em>\u00a0<\/em><\/p>\n<p><em>FASE 4 \u2013\u00a0<\/em><strong>VALUTAZIONE e TERMINI DEL PROCEDIMENTO<\/strong><\/p>\n<p>La valutazione della domanda e la definizione del procedimento sono di esclusiva competenza del Ministero dell\u2019Interno: 24 mesi dalla data di presentazione della domanda \u2013 prorogabili fino al massimo di 36 mesi \u2013 per le istanze di cittadinanza presentate a partire dal 20 dicembre 2020 (data di entrata in vigore della L. 18 dicembre 2020 n. 173). Qualora al termine della valutazione della pratica il procedimento si concluda positivamente, il Ministero dell\u2019Interno invier\u00e0 il Decreto di conferimento di cittadinanza italiana alla Rappresentanza diplomatico-consolare competente per residenza dell\u2019interessato\/a.<\/p>\n<p><em>\u00a0<\/em><\/p>\n<p><em>FASE 5 \u2013\u00a0<\/em><strong>DECRETO, NOTIFICA E GIURAMENTO<\/strong><\/p>\n<p>Il Decreto di conferimento della cittadinanza italiana verr\u00e0 notificato \u2013 tramite portale \u2013 con comunicazione indirizzata all\u2019email indicata dal richiedente in fase di registrazione. All\u2019atto della notifica verranno altres\u00ec richiesti documenti \u2013 previsti dalla normativa nazionale \u2013 volti a verificare la permanenza del vincolo coniugale. Tali documenti devono avere data successiva all\u2019adozione del decreto:<\/p>\n<p>\u2013\u00a0\u00a0\u00a0\u00a0\u00a0\u00a0\u00a0 atto integrale di matrimonio rilasciato dal competente Comune italiano;<\/p>\n<p>\u2013\u00a0\u00a0\u00a0\u00a0\u00a0\u00a0\u00a0 atto integrale di matrimonio brasiliano (<em>certid\u00e3o em inteiro teor<\/em>) con apostille e la traduzione fatta da un traduttore giurato con apostille;<\/p>\n<p>\u2013\u00a0\u00a0\u00a0\u00a0\u00a0\u00a0\u00a0 certificato penale del Paese di attuale residenza, con apostille e la traduzione fatta da un traduttore giurato con apostille.<\/p>\n<p>\u2013\u00a0 \u00a0 \u00a0 \u00a0 dichiarazione sostitutiva ex art. 46 del DPR 445\/2000 resa dal coniuge italiano attestante la permanenza del vincolo coniugale e accompagnata da copia del documento d\u2019identit\u00e0 in corso di validit\u00e0: <a href=\"https:\/\/consportoalegre.esteri.it\/wp-content\/uploads\/2024\/02\/DICHIARAZIONE-SOSTITUTIVA-DI-CERTIFICAZIONE.GIURAMENTO.pdf\">modulo<\/a> da compilare \u00a0le parti in giallo;<\/p>\n<p>Alla data di adozione del decreto, quindi, non deve essere intervenuto lo scioglimento, l\u2019annullamento o la cessazione degli effetti civili del matrimonio o dell\u2019unione civile n\u00e9 la separazione personale (sentenza di separazione).<\/p>\n<p>Entro e non oltre sei mesi dalla notifica, l\u2019interessato verr\u00e0 convocato presso gli uffici consolari, per prestare giuramento di fedelt\u00e0 alla Repubblica e alle sue leggi.<\/p>\n<p>\u00c8 previsto il pagamento della marca da bollo sul decreto.<\/p>\n<p>L\u2019atto integrale di matrimonio va richiesto al Comune italiano nei cui registri l\u2019atto risulta trascritto; l\u2019atto integrale di matrimonio brasiliano va richiesto al <em>Cart\u00f3rio de Registro Civil<\/em>; il certificato penale si richiede alle Autorit\u00e0 competenti nel paese di residenza e dovr\u00e0 essere in regola con le disposizioni in materia di legalizzazione\/apostille e traduzione, come spiegato nella sezione \u201cdocumenti\u201d.<\/p>\n<p>La persona interessata prester\u00e0 giuramento di fedelt\u00e0 alla Repubblica italiana pronunciando le parole:<\/p>\n<p><em><strong>\u201cGIURO DI ESSERE FEDELE ALLA REPUBBLICA E DI OSSERVARE LA\u00a0COSTITUZIONE\u00a0E LE LEGGI DELLO STATO\u201d<\/strong><\/em><\/p>\n<p>Gli effetti del giuramento, ovvero l\u2019acquisto della cittadinanza italiana, saranno efficaci a partire dal giorno successivo a quello del giuramento.<\/p>\n<p>Il certificato di nascita originale sar\u00e0 inviato per la trascrizione al Comune italiano di riferimento insieme alla richiesta di iscrizione all\u2019AIRE e al verbale dell\u2019avvenuto giuramento.<\/p>\n<ol start=\"5\">\n<li>Semplificazione amministrativa e costi<\/li>\n<\/ol>\n<p>Se il richiedente \u00e8 un cittadino di un paese UE potr\u00e0 avvalersi dell\u2019autocertificazione per il possesso della cittadinanza italiana del coniuge\/parte dell\u2019unione civile, per il vincolo di coniugio\/unione civile con cittadino\/a italiano\/a e la composizione del nucleo familiare.<\/p>\n<p>Le informazioni, i dati e i documenti gi\u00e0 in possesso della Pubblica Amministrazione sono acquisite d\u2019ufficio, previa indicazione da parte dell\u2019interessato degli elementi indispensabili per il reperimento delle informazioni richieste (DPR 445\/2000).<\/p>\n<p><strong>\u00a0<\/strong><\/p>\n<ol start=\"5\">\n<li><strong>COSTI<\/strong><\/li>\n<\/ol>\n<p>Contributo di euro 250,00\u00a0a favore del Ministero dell\u2019Interno, da effettuare esclusivamente sul conto corrente indicato dal Ministero dell\u2019Interno (ricevuta da inserire nella domanda online)<\/p>\n<p>\u201cMinistero dell\u2019Interno D.L.C.I Cittadinanza\u201d<br \/>\nNome della Banca:\u00a0Poste Italiane S.p.A.<br \/>\nCodice IBAN:\u00a0IT54D0760103200000000809020<br \/>\nCausale del versamento:\u00a0Richiesta cittadinanza per matrimonio ex art. 5 L. 91\/1992 e nome e cognome del richiedente<br \/>\nCodice BIC\/SWIFT di Poste Italiane:\u00a0BPPIITRRXXX (per bonifici esteri);<\/p>\n<p>Codice BIC\/SWIFT: PIBPITRA (per operazioni del circuito EUROGIRO).<\/p>\n<p>Dal 25 maggio 2023 chi ha richiesto la cittadinanza italiana pu\u00f2 pagare online il contributo di 250 euro direttamente sul portale Servizi, <strong><a title=\"Cittadinanza (portale Servizi dipartimento Libert\u00e0 civili e Immigrazione)\" href=\"https:\/\/portaleservizi.dlci.interno.it\/AliCittadinanza\/ali\/home.htm\" target=\"_blank\" rel=\"noopener\">area Cittadinanza<\/a><\/strong>, del dipartimento per le Libert\u00e0 civili e l&#8217;Immigrazione, grazie all&#8217;integrazione delle funzionalit\u00e0 di\u00a0<strong>PagoPa<\/strong>, la piattaforma che garantisce i pagamenti elettronici per i servizi dell&#8217;amministrazione pubblica.<\/p>\n<p>Dal 1\u00ba gennaio 2025 \u00e8 stata abolita la marca da bollo sulle richieste di cittadinanza italiana.<\/p>\n<p>&nbsp;<\/p>\n<ol start=\"6\">\n<li><strong>CONTATTI E LINK UTILI<\/strong><\/li>\n<\/ol>\n<p>TROVA IL TUO CONSOLATO<\/p>\n<p><a href=\"https:\/\/serviziconsolarionline.esteri.it\/ScoFE\/services\/consulate\/find-consulate.sco\">https:\/\/serviziconsolarionline.esteri.it\/ScoFE\/services\/consulate\/find-consulate.sco<\/a><\/p>\n<p>INVIA LA TUA DOMANDA AL MINISTERO DELL\u2019INTERNO\u00a0<a href=\"https:\/\/portaleserviziapp.dlci.interno.it\/\">https:\/\/portaleserviziapp.dlci.interno.it<\/a><\/p>\n<p>SITO DEL MINISTERO DEGLI ESTERI:\u00a0<a href=\"https:\/\/www.esteri.it\/it\/servizi-consolari-e-visti\/italiani-all-estero\/cittadinanza\/\">Cittadinanza \u2013 Ministero degli Affari Esteri e della Cooperazione Internazionale<\/a><\/p>\n<p>TABELLA CONSOLARE<\/p>\n<p><a href=\"https:\/\/consportoalegre.esteri.it\/wp-content\/uploads\/2023\/05\/tariffa_consolare_aggiornata__2017.pdf\">https:\/\/www.esteri.it\/mae\/en\/ministero\/normativaonline\/normativa_consolare\/tariffa%20consolare<\/a><\/p>\n<p>&nbsp;<\/p>\n<ol start=\"7\">\n<li><strong>ALTRE INFORMAZIONI UTILI<\/strong><\/li>\n<\/ol>\n<p><span style=\"text-decoration: underline;\"><strong>ATTENZIONE<\/strong><\/span>: Si rammenta che l\u2019indirizzo elettronico (email) inserito in fase di registrazione e presente nella domanda costituisce domicilio eletto ai sensi dell\u2019art.47 del codice civile per la ricezione di tutte le comunicazioni relative all\u2019istanza e che ogni comunicazione relativa all\u2019istanza sar\u00e0 inviata esclusivamente per messaggio elettronico. \u00c8 quindi necessario predisporre la propria casella postale al ricevimento dei messaggi dai Ministeri italiani.<\/p>\n<p>Al link seguente l\u2019elenco delle istituzioni atte al rilascio della certificazione o all\u2019applicazione dei test relativi:\u00a0<a href=\"https:\/\/www.linguaitaliana.esteri.it\/lingua\/corsi\/certificazioni\/ricerca.do\">https:\/\/www.linguaitaliana.esteri.it\/lingua\/corsi\/certificazioni\/ricerca.do<\/a><\/p>\n<p>oppure:\u00a0<a href=\"https:\/\/cils.unistrasi.it\/180\/137\/BRASILE.htm\">https:\/\/cils.unistrasi.it\/180\/137\/BRASILE.htm<\/a><\/p>\n<p>oppure:\u00a0<a href=\"https:\/\/www.unistrapg.it\/it\/certificati-di-conoscenza-della-lingua-italiana\/centri-d-esame-celi\">https:\/\/www.unistrapg.it\/it\/certificati-di-conoscenza-della-lingua-italiana\/centri-d-esame-celi<\/a><\/p>\n<p>In relazione alla normativa brasiliana si consiglia di consultare l\u2019art. 12, II, della costituzione Federale del 1988, il sito\u00a0<a href=\"http:\/\/www.mj.gov.br\/estrangeiros\"><strong>www.mj.gov.br\/estrangeiros<\/strong><\/a>, sezione \u201c<em>Nacionalidade e Naturaliza\u00e7\u00e3o, Perda da Nacionalidade brasileira<\/em>\u201d e il portale del Ministero degli Esteri brasiliano \u2013\u00a0<a href=\"http:\/\/www.portalconsular.itamaraty.gov.br\/dupla-nacionalidade\"><strong>http:\/\/www.portalconsular.itamaraty.gov.br\/dupla-nacionalidade<\/strong><\/a><strong>.<\/strong><\/p>\n","protected":false},"excerpt":{"rendered":"CENNI\u00a0NORMATIVI \u00a0 In conformit\u00e0 alla normativa in vigore, che richiede la conoscenza della lingua italiana, le informazioni relative alla cittadinanza per matrimonio vengono fornite in italiano. Coloro che richiedono la cittadinanza italiana per matrimonio o unione civile devono essere a conoscenza dei doveri nei confronti della Repubblica italiana, primi fra tutti l\u2019adesione ai valori nazionali [&hellip;]","protected":false},"author":6,"featured_media":0,"parent":2346,"menu_order":0,"comment_status":"closed","ping_status":"closed","template":"","meta":{"footnotes":""},"class_list":["post-2348","page","type-page","status-publish","hentry"],"_links":{"self":[{"href":"https:\/\/consportoalegre.esteri.it\/pt\/wp-json\/wp\/v2\/pages\/2348","targetHints":{"allow":["GET"]}}],"collection":[{"href":"https:\/\/consportoalegre.esteri.it\/pt\/wp-json\/wp\/v2\/pages"}],"about":[{"href":"https:\/\/consportoalegre.esteri.it\/pt\/wp-json\/wp\/v2\/types\/page"}],"author":[{"embeddable":true,"href":"https:\/\/consportoalegre.esteri.it\/pt\/wp-json\/wp\/v2\/users\/6"}],"replies":[{"embeddable":true,"href":"https:\/\/consportoalegre.esteri.it\/pt\/wp-json\/wp\/v2\/comments?post=2348"}],"version-history":[{"count":6,"href":"https:\/\/consportoalegre.esteri.it\/pt\/wp-json\/wp\/v2\/pages\/2348\/revisions"}],"predecessor-version":[{"id":5320,"href":"https:\/\/consportoalegre.esteri.it\/pt\/wp-json\/wp\/v2\/pages\/2348\/revisions\/5320"}],"up":[{"embeddable":true,"href":"https:\/\/consportoalegre.esteri.it\/pt\/wp-json\/wp\/v2\/pages\/2346"}],"wp:attachment":[{"href":"https:\/\/consportoalegre.esteri.it\/pt\/wp-json\/wp\/v2\/media?parent=2348"}],"curies":[{"name":"wp","href":"https:\/\/api.w.org\/{rel}","templated":true}]}}