{"id":189,"date":"2022-12-07T19:44:32","date_gmt":"2022-12-07T18:44:32","guid":{"rendered":"https:\/\/consportoalegre.esteri.it\/servizi-consolari-e-visti\/servizi-per-il-cittadino-straniero\/cittadinanza\/"},"modified":"2025-12-16T17:05:25","modified_gmt":"2025-12-16T16:05:25","slug":"cittadinanza","status":"publish","type":"page","link":"https:\/\/consportoalegre.esteri.it\/pt\/servizi-consolari-e-visti\/servizi-per-il-cittadino-straniero\/cittadinanza\/","title":{"rendered":"Cidadania"},"content":{"rendered":"<p><strong>\u00cdNDICE DE T\u00d3PICOS<\/strong><br \/>\n(CLIQUE no t\u00f3pico desejado para ver as informa\u00e7\u00f5es relacionadas)<\/p>\n<ul>\n<li><a href=\"https:\/\/consportoalegre.esteri.it\/pt\/servizi-consolari-e-visti\/servizi-per-il-cittadino-straniero\/cittadinanza\/reconhecimento-da-cidadania-italiana-por-descendencia-iure-sanguinis\/\">Reconhecimento da Cidadania Italiana por descend\u00eancia<\/a><u>;<\/u>\n<ul>\n<li><a href=\"https:\/\/consportoalegre.esteri.it\/pt\/servizi-consolari-e-visti\/servizi-per-il-cittadino-straniero\/cittadinanza\/reconhecimento-da-cidadania-italiana-por-descendencia-iure-sanguinis\/taxas\/\">Cidadania para maiores de idade nascidos no exterior (iure sanguinis)<\/a>;<\/li>\n<li><a href=\"https:\/\/consportoalegre.esteri.it\/pt\/servizi-consolari-e-visti\/servizi-per-il-cittadino-straniero\/cittadinanza\/reconhecimento-da-cidadania-italiana-por-descendencia-iure-sanguinis\/novos-casos-de-aquisicao-da-cidadania-no-exterior\/\">Novos casos de aquisi\u00e7\u00e3o da cidadania no exterior (dichiarazione di volont\u00e0)<\/a>;<\/li>\n<li><a href=\"https:\/\/consportoalegre.esteri.it\/pt\/servizi-consolari-e-visti\/servizi-per-il-cittadino-straniero\/cittadinanza\/reconhecimento-da-cidadania-italiana-por-descendencia-iure-sanguinis\/reaquisicao-da-cidadania\/\">Reaquisi\u00e7\u00e3o da cidadania<\/a><\/li>\n<\/ul>\n<\/li>\n<li><a href=\"https:\/\/consportoalegre.esteri.it\/pt\/servizi-consolari-e-visti\/servizi-per-il-cittadino-straniero\/cittadinanza\/naturalizacao-por-casamento\/\">Naturaliza\u00e7\u00e3o por casamento<\/a>;\n<ul>\n<li><a href=\"https:\/\/consportoalegre.esteri.it\/pt\/servizi-consolari-e-visti\/servizi-per-il-cittadino-straniero\/cittadinanza\/naturalizacao-por-casamento\/naturalizacao\/\"><u>Naturaliza\u00e7\u00e3o;<\/u><\/a><\/li>\n<\/ul>\n<\/li>\n<li><a href=\"https:\/\/consportoalegre.esteri.it\/pt\/servizi-consolari-e-visti\/servizi-per-il-cittadino-straniero\/cittadinanza\/descendentes-de-trentinos-lei-no-379-2000\/\">Descendentes de Trentinos (Lei n\u00ba 379\/2000)<\/a><u>;<\/u><\/li>\n<li><a href=\"https:\/\/consportoalegre.esteri.it\/pt\/servizi-consolari-e-visti\/servizi-per-il-cittadino-straniero\/cittadinanza\/certidao-de-cidadania\/\">Certid\u00e3o de Cidadania<\/a><u>;<\/u><\/li>\n<li><a href=\"https:\/\/consportoalegre.esteri.it\/pt\/servizi-consolari-e-visti\/servizi-per-il-cittadino-straniero\/cittadinanza\/apostilamento-traducao-legalizacao\/\">Apostilamento \/ Tradu\u00e7\u00e3o \/ Legaliza\u00e7\u00e3o<\/a><u>;<\/u><\/li>\n<li><a href=\"https:\/\/consportoalegre.esteri.it\/pt\/servizi-consolari-e-visti\/servizi-per-il-cittadino-straniero\/cittadinanza\/modelos-de-formularios-e-outros-anexos\/\">Modelos de formul\u00e1rios e outros anexos<\/a>\n<ul>\n<li><a href=\"https:\/\/consportoalegre.esteri.it\/wp-content\/uploads\/2025\/12\/richiesta-dichiarazione-di-volonta-.pdf\">Formul\u00e1rio &#8220;Dichiarazione di volont\u00e0&#8221;<\/a><\/li>\n<li><a href=\"https:\/\/consportoalegre.esteri.it\/wp-content\/uploads\/2025\/06\/Nuovo-Modello-Istanza-Cittadinanza.pdf\">Pedido de reconhecimento de cidadania iure sanguinis<\/a><\/li>\n<li><a href=\"https:\/\/consportoalegre.esteri.it\/wp-content\/uploads\/2025\/06\/Albero-genealogico.pdf\">\u00c1rvore geneal\u00f3gica<\/a><\/li>\n<li><a href=\"https:\/\/consportoalegre.esteri.it\/wp-content\/uploads\/2025\/06\/Documentacao-ascendente-1-e-2-grau.pdf\">Documenta\u00e7\u00e3o ascendente de primeiro ou segundo grau exclusivamente italiano<\/a><\/li>\n<li><a href=\"https:\/\/consportoalegre.esteri.it\/wp-content\/uploads\/2025\/06\/Documentacao-genitor-residente-na-Italia.pdf\">Documenta\u00e7\u00e3o descendentes de residentes na It\u00e1lia<\/a><\/li>\n<li><a href=\"https:\/\/consportoalegre.esteri.it\/wp-content\/uploads\/2023\/11\/ESCRITURA-PUBLICA-DE-MATERNIDADE-1.pdf\"><u>Escritura P\u00fablica de Declara\u00e7\u00e3o de Maternidade<\/u><\/a><\/li>\n<li><a href=\"https:\/\/consportoalegre.esteri.it\/wp-content\/uploads\/2023\/11\/ESCRITURA-PUBLICA-DE-PATERNIDADE-1.pdf\"><u>Escritura P\u00fablica de Declara\u00e7\u00e3o de Paternidade<\/u><\/a><u><\/u><\/li>\n<li><a href=\"https:\/\/consportoalegre.esteri.it\/wp-content\/uploads\/2023\/11\/AUTODECLARACAO-DIVORCIO-EXTRAJUDICIAL-1.pdf\"><u>Formul\u00e1rio de Autodeclara\u00e7\u00e3o de div\u00f3rcio extrajudicial<\/u><\/a><\/li>\n<li><a href=\"https:\/\/consportoalegre.esteri.it\/wp-content\/uploads\/2023\/11\/AUTODECLARACAO-DIVORCIO-JUDICIAL.pdf\"><u>Formul\u00e1rio de Autodeclara\u00e7\u00e3o de div\u00f3rcio judicial<\/u><\/a><\/li>\n<li><a href=\"http:\/\/sistemas.jucisrs.rs.gov.br\/tradutores\/\"><u>Lista de tradutores juramentados<\/u><\/a><\/li>\n<li><u><a href=\"https:\/\/consportoalegre.esteri.it\/wp-content\/uploads\/2025\/03\/PROCURA-SEMPLICE-2025.pdf\">Procura\u00e7\u00e3o simples<\/a>;<\/u><u><\/u><\/li>\n<li><a href=\"https:\/\/consportoalegre.esteri.it\/pt\/servizi-consolari-e-visti\/\"><u>Taxas consulares<\/u><\/a><\/li>\n<\/ul>\n<\/li>\n<\/ul>\n<hr \/>\n<p><strong>Este Consulado-Geral da It\u00e1lia em Porto Alegre \u00e9 competente pela Circunscri\u00e7\u00e3o Consular do Rio Grande do Sul.<\/strong><\/p>\n<p><strong>SETOR COMPETENTE:<\/strong>\u00a0Setor Cidadania<\/p>\n<p>Hor\u00e1rio de atendimento: <strong>exclusivamente com agendamento.<\/strong><\/p>\n<p><strong>E-mail: <\/strong><a href=\"mailto:cittadinanza.portoalegre@esteri.it\">cittadinanza.portoalegre@esteri.it<\/a> | <a href=\"mailto:agenda.portoalegre@esteri.it\">agenda.portoalegre@esteri.it<\/a><\/p>\n","protected":false},"excerpt":{"rendered":"\u00cdNDICE DE T\u00d3PICOS (CLIQUE no t\u00f3pico desejado para ver as informa\u00e7\u00f5es relacionadas) Reconhecimento da Cidadania Italiana por descend\u00eancia; Cidadania para maiores de idade nascidos no exterior (iure sanguinis); Novos casos de aquisi\u00e7\u00e3o da cidadania no exterior (dichiarazione di volont\u00e0); Reaquisi\u00e7\u00e3o da cidadania Naturaliza\u00e7\u00e3o por casamento; Naturaliza\u00e7\u00e3o; Descendentes de Trentinos (Lei n\u00ba 379\/2000); Certid\u00e3o de Cidadania; [&hellip;]","protected":false},"author":3,"featured_media":0,"parent":146,"menu_order":0,"comment_status":"closed","ping_status":"closed","template":"","meta":{"footnotes":""},"class_list":["post-189","page","type-page","status-publish","hentry"],"_links":{"self":[{"href":"https:\/\/consportoalegre.esteri.it\/pt\/wp-json\/wp\/v2\/pages\/189","targetHints":{"allow":["GET"]}}],"collection":[{"href":"https:\/\/consportoalegre.esteri.it\/pt\/wp-json\/wp\/v2\/pages"}],"about":[{"href":"https:\/\/consportoalegre.esteri.it\/pt\/wp-json\/wp\/v2\/types\/page"}],"author":[{"embeddable":true,"href":"https:\/\/consportoalegre.esteri.it\/pt\/wp-json\/wp\/v2\/users\/3"}],"replies":[{"embeddable":true,"href":"https:\/\/consportoalegre.esteri.it\/pt\/wp-json\/wp\/v2\/comments?post=189"}],"version-history":[{"count":6,"href":"https:\/\/consportoalegre.esteri.it\/pt\/wp-json\/wp\/v2\/pages\/189\/revisions"}],"predecessor-version":[{"id":5317,"href":"https:\/\/consportoalegre.esteri.it\/pt\/wp-json\/wp\/v2\/pages\/189\/revisions\/5317"}],"up":[{"embeddable":true,"href":"https:\/\/consportoalegre.esteri.it\/pt\/wp-json\/wp\/v2\/pages\/146"}],"wp:attachment":[{"href":"https:\/\/consportoalegre.esteri.it\/pt\/wp-json\/wp\/v2\/media?parent=189"}],"curies":[{"name":"wp","href":"https:\/\/api.w.org\/{rel}","templated":true}]}}