{"id":188,"date":"2022-12-07T19:41:55","date_gmt":"2022-12-07T18:41:55","guid":{"rendered":"https:\/\/consportoalegre.esteri.it\/servizi-consolari-e-visti\/servizi-per-il-cittadino-italiano\/altri-servizi\/"},"modified":"2023-06-08T15:02:19","modified_gmt":"2023-06-08T13:02:19","slug":"altri-servizi","status":"publish","type":"page","link":"https:\/\/consportoalegre.esteri.it\/pt\/servizi-consolari-e-visti\/servizi-per-il-cittadino-italiano\/altri-servizi\/","title":{"rendered":"Outros servi\u00e7os"},"content":{"rendered":"<p>Os Servi\u00e7os Consulares s\u00e3o prestados em base a princ\u00edpios de igualdade, imparcialidade, efici\u00eancia e transpar\u00eancia tendo como objetivo\u00a0a tutela dos cidad\u00e3os italianos em rela\u00e7\u00e3o aos direitos fundamentais e \u00e0 liberdade pessoal.<\/p>\n<p><a title=\"Protezione Consolare per i cittadini UE\" href=\"http:\/\/ec.europa.eu\/consularprotection\/index.action\">Artigo 23 do Tratado sobre o funcionamento da Uni\u00e3o Europeia\u00a0(j\u00e1 artigo 20 do Tratado CE)<br \/>\n<\/a>Qualquer cidad\u00e3o da Uni\u00e3o beneficia, no territ\u00f3rio\u00a0de pa\u00edses terceiros em que o Estado-Membro de que \u00e9 nacional n\u00e3o se encontre representado, de protec\u00e7\u00e3o por parte das autoridades diplom\u00e1ticas e consulares de qualquer Estado-Membro, nas mesmas condi\u00e7\u00f5es que os nacionais desse Estado.<\/p>\n<p>Veja os Servi\u00e7os dispon\u00edveis no menu ao lado.<\/p>\n","protected":false},"excerpt":{"rendered":"Os Servi\u00e7os Consulares s\u00e3o prestados em base a princ\u00edpios de igualdade, imparcialidade, efici\u00eancia e transpar\u00eancia tendo como objetivo\u00a0a tutela dos cidad\u00e3os italianos em rela\u00e7\u00e3o aos direitos fundamentais e \u00e0 liberdade pessoal. Artigo 23 do Tratado sobre o funcionamento da Uni\u00e3o Europeia\u00a0(j\u00e1 artigo 20 do Tratado CE) Qualquer cidad\u00e3o da Uni\u00e3o beneficia, no territ\u00f3rio\u00a0de pa\u00edses terceiros [&hellip;]","protected":false},"author":3,"featured_media":0,"parent":145,"menu_order":0,"comment_status":"closed","ping_status":"closed","template":"","meta":{"footnotes":""},"class_list":["post-188","page","type-page","status-publish","hentry"],"_links":{"self":[{"href":"https:\/\/consportoalegre.esteri.it\/pt\/wp-json\/wp\/v2\/pages\/188","targetHints":{"allow":["GET"]}}],"collection":[{"href":"https:\/\/consportoalegre.esteri.it\/pt\/wp-json\/wp\/v2\/pages"}],"about":[{"href":"https:\/\/consportoalegre.esteri.it\/pt\/wp-json\/wp\/v2\/types\/page"}],"author":[{"embeddable":true,"href":"https:\/\/consportoalegre.esteri.it\/pt\/wp-json\/wp\/v2\/users\/3"}],"replies":[{"embeddable":true,"href":"https:\/\/consportoalegre.esteri.it\/pt\/wp-json\/wp\/v2\/comments?post=188"}],"version-history":[{"count":0,"href":"https:\/\/consportoalegre.esteri.it\/pt\/wp-json\/wp\/v2\/pages\/188\/revisions"}],"up":[{"embeddable":true,"href":"https:\/\/consportoalegre.esteri.it\/pt\/wp-json\/wp\/v2\/pages\/145"}],"wp:attachment":[{"href":"https:\/\/consportoalegre.esteri.it\/pt\/wp-json\/wp\/v2\/media?parent=188"}],"curies":[{"name":"wp","href":"https:\/\/api.w.org\/{rel}","templated":true}]}}