{"id":187,"date":"2022-12-07T19:41:18","date_gmt":"2022-12-07T18:41:18","guid":{"rendered":"https:\/\/consportoalegre.esteri.it\/servizi-consolari-e-visti\/servizi-per-il-cittadino-italiano\/pensioni-e-sicurezza-sociale\/"},"modified":"2023-05-24T17:23:08","modified_gmt":"2023-05-24T15:23:08","slug":"pensioni-e-sicurezza-sociale","status":"publish","type":"page","link":"https:\/\/consportoalegre.esteri.it\/pt\/servizi-consolari-e-visti\/servizi-per-il-cittadino-italiano\/altri-servizi\/pensioni-e-sicurezza-sociale\/","title":{"rendered":"Pens\u00f5es e Seguran\u00e7a Social"},"content":{"rendered":"<p><b>E-mail: urp.portoalegre@esteri.it<\/b><\/p>\n<p><strong>O QUE \u00c9<\/strong><\/p>\n<p><strong>A SEGURAN\u00c7A SOCIAL<\/strong><\/p>\n<p>Por &#8220;seguran\u00e7a social&#8221; entende-se o conjunto de\u00a0a\u00e7\u00f5es a fim de assistir aos cidad\u00e3os que se encontrem em situa\u00e7\u00e3o de necessidade; tais servi\u00e7os v\u00e3o desde tratamentos m\u00e9dicos gratuitos para os indigentes, alla predisposizione e integrazione de \u00f3rg\u00e3os e institui\u00e7\u00f5es que assegurem aos cidad\u00e3os in\u00e1beis ao trabalho e sem meios para viver a\u00a0 manuten\u00e7\u00e3o e a assist\u00eancia social e, aos trabalhadores, meios adequados \u00e0s esig\u00eancias di vita nos casos de acidente, doen\u00e7a, invalidez, velhice e desemprego involunt\u00e1rio.<\/p>\n<p>A seguran\u00e7a social compreende:<\/p>\n<p>&#8211; a assist\u00eancia social, que desempenha uma gama de fun\u00e7\u00f5es de tutela dos indigentes, que se estende a todos os cidad\u00e3os em caso de necessidade;<br \/>\n&#8211; a previd\u00eancia social. que tem a fun\u00e7\u00e3o espec\u00edfica de tutela dos trabalhadores.<br \/>\nPara os detalhes e para conhecer os requisitos das presta\u00e7\u00f5es previstas por lei recomenda-se consultar o site web do INPS (sito web dell&#8217;INPS).<\/p>\n<p><strong>A SEGURAN\u00c7A SOCIAL INTERNACIONAL<\/strong><\/p>\n<p>Por &#8220;seguran\u00e7a social internacional&#8221; entende-se a prote\u00e7\u00e3o social dos cidad\u00e3os de um pa\u00eds residentes habitualmente em outro pa\u00eds, garantida atrav\u00e9s de uma regulamenta\u00e7\u00e3o internacional. Na Uni\u00e3o Europ\u00e9ia a prote\u00e7\u00e3o social se realiza com a aplica\u00e7\u00e3o dos Regulamentos UE de seguran\u00e7a social, imediatamente e diretamente aplic\u00e1veis nos 27 pa\u00edses que atualmente comp\u00f5e a Uni\u00e3o Europ\u00e9ia.<\/p>\n<p>Desde 1\u00ba de junho de 2002 esta normativa foi estendida tamb\u00e9m \u00e0 Confedera\u00e7\u00e3o Su\u00ed\u00e7a gra\u00e7as a um espec\u00edfico acordo.<\/p>\n<p>Na \u00e1rea extra-UE, a prote\u00e7\u00e3o social \u00e9 normatizada atrav\u00e9s de Conven\u00e7\u00f5es bilaterais.<\/p>\n<p>Para detalhes consultar o site web do INPS (INSS italiano).<\/p>\n<p><strong>PAGAMENTO DAS APOSENTADORIAS INPS NO EXTERIOR<\/strong><\/p>\n<p>Para o pagamento das aposentadorias (mais de 411 mil) aos benefici\u00e1rios residentes no exterior (em 131 pa\u00edses), o INPS se utiliza de uma institui\u00e7\u00e3o banc\u00e1ria vencedora de uma concorr\u00eancia\/licita\u00e7\u00e3o\u00a0 que \u00e9 renovada trienalmente. O banco encarregado do servi\u00e7o por sua vez opera atrav\u00e9s de institui\u00e7\u00f5es financeiras correspondentes nas diversas \u00e1reas.<\/p>\n<p>As aposentadorias e pens\u00f5es s\u00e3o pagas mensalmente aos residentes no exterior. As aposentadorias de valor inferior a um limite estabelecido por lei s\u00e3o pagas semestralmente como acontece com os aposentados e pensionistas na It\u00e1lia. O pagamento das pens\u00f5es em geral \u00e9 efetuado com cr\u00e9dito na conta corrente do aposentado.<\/p>\n<p>O banco encarregado dos pagamentos tem a fun\u00e7\u00e3o de verificar, anualmente, a esistenza in vita, o endere\u00e7o e a resid\u00eancia do aposentado.<\/p>\n<p>Desde fevereiro de 2012 o pagamento das aposentadorias foi entregue ao Citibank.<\/p>\n<p>As modalidades acordadas entre o INPS e o Citibank para demonstrar a esistenza in vita prev\u00ea que o aposentado preencha um &#8220;Formul\u00e1rio de Certificazione di Esistenza in Vita&#8221; (que este banco ter\u00e1 enviado ao seu domic\u00edlio), assine o formul\u00e1rio fazendo autenticar a assinatura pelo Setor consular ou por um tabelionato reconhecido pela legisla\u00e7\u00e3o do seu pa\u00eds de resid\u00eancia e o envie ao banco. No site\u00a0<a title=\"INPS CITI\" href=\"http:\/\/www.inps.citi.com\/\">INPS CITI<\/a>\u00a0est\u00e3o dispon\u00edveis todas as informa\u00e7\u00f5es necess\u00e1rias, entre as quais uma rela\u00e7\u00e3o dos Tabelionatos habilitados a autenticar o Certificato di Esistenza in Vita em cada pa\u00eds, ou \u00e1rea geogr\u00e1fica e os respectivos telefones e e-mails para atendimento ao p\u00fablico, atrav\u00e9s dos quais os interessados poder\u00e3o obter outras informa\u00e7\u00f5es diretamente.<\/p>\n<p><strong>CONTROLE ANUAL DA EXIST\u00caNCIA EM VIDA DOS APOSENTADOS INPS E EX-INPDAP<\/strong><\/p>\n<p>O INPS informou que foi iniciado em 6 de fevereiro passado o levantamento para o ano de 2016 da prova de vida dos aposentados INPS e ex-INPDAP e que est\u00e1 em curso a expedi\u00e7\u00e3o dos documentos contendo a carta explicativa e o\u00a0<strong>&#8220;Modulo di Certificazione di Esistenza in Vita&#8221;<\/strong>\u00a0(Formul\u00e1rio do Atestado de Prova de Vida). O INPS informou que ser\u00e3o concedidos quatro meses para envi\u00e1-lo ao Citibank, institui\u00e7\u00e3o banc\u00e1ria autorizada, e isto dever\u00e1 ocorrer at\u00e9 3 de junho pr\u00f3ximo. Informamos que a partir deste ano \u00e9 poss\u00edvel atestar a &#8220;exist\u00eancia em vida&#8221; diretamente &#8220;on line&#8221;, apresentando-se pessoalmente neste Consulado Geral.<\/p>\n<p><strong>PATRONATOS PARA O RIO GRANDE DO SUL<\/strong><\/p>\n<p><strong>ITAL\u00a0 UIL &#8211;\u00a0PORTO ALEGRE<\/strong><br \/>\nELISETE BERTOLLO<br \/>\nRua\u00a0Cel.Bordini, 555\/602<br \/>\nCEP\u00a090440-001 &#8211; Porto Alegre (RS)<br \/>\nFone\/Whattsapp: (+55).51.99943.2115<br \/>\nEmail:<a href=\"mailto:italpoa@uil.org.br\" target=\"_blank\" rel=\"noopener noreferrer\">italpoa@uil.org.br<\/a><\/p>\n<p>Hor\u00e1rio de atendimento ao p\u00fablico com agendamento via Whattsapp<\/p>\n<p><strong>INCA\u00a0 CGIL<\/strong><br \/>\nRua Barros Cassal 283 &#8211; Bairro Floresta<br \/>\nPorto Alegre (RS)<br \/>\nFone: 0055.051.3224.1718 (Mara)<br \/>\nFax: 0055.051.3228.0394<br \/>\nHor\u00e1rio: Segunda a sexta das 08:30 \u00e0s 12:00 e 13:00 \u00e0s 15:30<br \/>\nE-mail:\u00a0<a href=\"mailto:incars@portoweb.com.br\">incars@portoweb.com.br<\/a>\u00a0e\u00a0<a href=\"mailto:portoalegre.brasile@inca.it\">portoalegre.brasile@inca.it<\/a><br \/>\nRespons\u00e1vel: Sara\u00ed Brixner<\/p>\n<p>Respons\u00e1vel: Sara\u00ed Brixner<\/p>\n<p><strong>REFER\u00caNCIAS NORMATIVAS<\/strong><\/p>\n<p><a title=\"Pensioni e sicurezza sociale - Sito Web del Ministero degli Affari Esteri (Farnesina)\" href=\"https:\/\/www.esteri.it\/it\/servizi-consolari-e-visti\/italiani-all-estero\/sicurezzasociale\/\">Aposentadorias e seguran\u00e7a social &#8211; Sito Web del Ministero degli Affari Esteri (Farnesina)<\/a><\/p>\n<p><a title=\"INPS\" href=\"https:\/\/www.inps.it\/\">INPS<\/a><\/p>\n","protected":false},"excerpt":{"rendered":"E-mail: urp.portoalegre@esteri.it O QUE \u00c9 A SEGURAN\u00c7A SOCIAL Por &#8220;seguran\u00e7a social&#8221; entende-se o conjunto de\u00a0a\u00e7\u00f5es a fim de assistir aos cidad\u00e3os que se encontrem em situa\u00e7\u00e3o de necessidade; tais servi\u00e7os v\u00e3o desde tratamentos m\u00e9dicos gratuitos para os indigentes, alla predisposizione e integrazione de \u00f3rg\u00e3os e institui\u00e7\u00f5es que assegurem aos cidad\u00e3os in\u00e1beis ao trabalho e sem [&hellip;]","protected":false},"author":3,"featured_media":0,"parent":188,"menu_order":0,"comment_status":"closed","ping_status":"closed","template":"","meta":{"footnotes":""},"class_list":["post-187","page","type-page","status-publish","hentry"],"_links":{"self":[{"href":"https:\/\/consportoalegre.esteri.it\/pt\/wp-json\/wp\/v2\/pages\/187","targetHints":{"allow":["GET"]}}],"collection":[{"href":"https:\/\/consportoalegre.esteri.it\/pt\/wp-json\/wp\/v2\/pages"}],"about":[{"href":"https:\/\/consportoalegre.esteri.it\/pt\/wp-json\/wp\/v2\/types\/page"}],"author":[{"embeddable":true,"href":"https:\/\/consportoalegre.esteri.it\/pt\/wp-json\/wp\/v2\/users\/3"}],"replies":[{"embeddable":true,"href":"https:\/\/consportoalegre.esteri.it\/pt\/wp-json\/wp\/v2\/comments?post=187"}],"version-history":[{"count":0,"href":"https:\/\/consportoalegre.esteri.it\/pt\/wp-json\/wp\/v2\/pages\/187\/revisions"}],"up":[{"embeddable":true,"href":"https:\/\/consportoalegre.esteri.it\/pt\/wp-json\/wp\/v2\/pages\/188"}],"wp:attachment":[{"href":"https:\/\/consportoalegre.esteri.it\/pt\/wp-json\/wp\/v2\/media?parent=187"}],"curies":[{"name":"wp","href":"https:\/\/api.w.org\/{rel}","templated":true}]}}