{"id":186,"date":"2022-12-07T19:27:39","date_gmt":"2022-12-07T18:27:39","guid":{"rendered":"https:\/\/consportoalegre.esteri.it\/servizi-consolari-e-visti\/servizi-per-il-cittadino-italiano\/servizi-elettorali\/"},"modified":"2023-05-16T20:46:21","modified_gmt":"2023-05-16T18:46:21","slug":"servizi-elettorali","status":"publish","type":"page","link":"https:\/\/consportoalegre.esteri.it\/pt\/servizi-consolari-e-visti\/servizi-per-il-cittadino-italiano\/servizi-elettorali\/","title":{"rendered":"Servi\u00e7os eleitorais"},"content":{"rendered":"<p>Os cidad\u00e3os italianos residentes no exterior e regularmente inscritos no AIRE podem exercer o direito de voto no exterior, no local de resid\u00eancia, para as elei\u00e7\u00f5es pol\u00edticas nacionais, para os referendum abrogativos e constitucionais ex. artt. 75 e 138 da Constitui\u00e7\u00e3o e para as elei\u00e7\u00f5es do Parlamento Europeu.<br \/>\nO voto no exterior para as elei\u00e7\u00f5es pol\u00edticas nacionais e os referendum \u00e9 regulamentado pela Lei n. 459 de 27 de dezembro de 2001 e pelo Regulamento attuativo (D.P.R.n. 104 de 2 de abril de 2003), nos termos dos artigos 48,56 e 57 da Constitui\u00e7\u00e3o, que instituiu a Circuscri\u00e7\u00e3o Exterior.<br \/>\nO voto no exterior para elei\u00e7\u00e3o dos representantes italianos ao Parlamento europeu, ao contr\u00e1rio, \u00e9 regulamentado pela Lei n. 18 de 24 de janeiro de 1979 e pelo Decreto-Lei n. 408 de 24 de junho de 1994 (tornado Lei n. 483 de 3 de agosto de 1994).<br \/>\nOs eleitores italianos residentes no exterior e regularmente inscritos no AIRE podem tamb\u00e9m votar para a elei\u00e7\u00e3o dos representantes dos COMITES &#8211; Comitato degli Italiani all&#8217;Estero (lei n. 283 de 23 de outrubro de 2003).<\/p>\n<p><strong>REFER\u00caNCIAS NORMATIVAS<\/strong><\/p>\n<p><a title=\"Voto all'estero - Sito Web del Ministero degli Affari Esteri (Farnesina)\" href=\"https:\/\/www.esteri.it\/it\/servizi-consolari-e-visti\/italiani-all-estero\/votoestero\/\">Vota\u00e7\u00e3o no Exterior\u00a0&#8211; Site Web do Minist\u00e9rio das Rela\u00e7\u00f5es Exteriores (Farnesina)<\/a><\/p>\n","protected":false},"excerpt":{"rendered":"Os cidad\u00e3os italianos residentes no exterior e regularmente inscritos no AIRE podem exercer o direito de voto no exterior, no local de resid\u00eancia, para as elei\u00e7\u00f5es pol\u00edticas nacionais, para os referendum abrogativos e constitucionais ex. artt. 75 e 138 da Constitui\u00e7\u00e3o e para as elei\u00e7\u00f5es do Parlamento Europeu. O voto no exterior para as elei\u00e7\u00f5es [&hellip;]","protected":false},"author":3,"featured_media":0,"parent":145,"menu_order":0,"comment_status":"closed","ping_status":"closed","template":"","meta":{"footnotes":""},"class_list":["post-186","page","type-page","status-publish","hentry"],"_links":{"self":[{"href":"https:\/\/consportoalegre.esteri.it\/pt\/wp-json\/wp\/v2\/pages\/186","targetHints":{"allow":["GET"]}}],"collection":[{"href":"https:\/\/consportoalegre.esteri.it\/pt\/wp-json\/wp\/v2\/pages"}],"about":[{"href":"https:\/\/consportoalegre.esteri.it\/pt\/wp-json\/wp\/v2\/types\/page"}],"author":[{"embeddable":true,"href":"https:\/\/consportoalegre.esteri.it\/pt\/wp-json\/wp\/v2\/users\/3"}],"replies":[{"embeddable":true,"href":"https:\/\/consportoalegre.esteri.it\/pt\/wp-json\/wp\/v2\/comments?post=186"}],"version-history":[{"count":0,"href":"https:\/\/consportoalegre.esteri.it\/pt\/wp-json\/wp\/v2\/pages\/186\/revisions"}],"up":[{"embeddable":true,"href":"https:\/\/consportoalegre.esteri.it\/pt\/wp-json\/wp\/v2\/pages\/145"}],"wp:attachment":[{"href":"https:\/\/consportoalegre.esteri.it\/pt\/wp-json\/wp\/v2\/media?parent=186"}],"curies":[{"name":"wp","href":"https:\/\/api.w.org\/{rel}","templated":true}]}}