{"id":182,"date":"2022-12-07T19:23:29","date_gmt":"2022-12-07T18:23:29","guid":{"rendered":"https:\/\/consportoalegre.esteri.it\/servizi-consolari-e-visti\/servizi-per-il-cittadino-italiano\/emergency-travel-documents-etd\/"},"modified":"2023-05-16T20:06:46","modified_gmt":"2023-05-16T18:06:46","slug":"emergency-travel-documents-etd","status":"publish","type":"page","link":"https:\/\/consportoalegre.esteri.it\/pt\/servizi-consolari-e-visti\/servizi-per-il-cittadino-italiano\/emergency-travel-documents-etd\/","title":{"rendered":"Emergency Travel Documents (ETD)"},"content":{"rendered":"<p>O\u00a0<strong>Documento de Viagem de Emerg\u00eancia (ETD)<\/strong>, \u00e9 um documento de viagem tempor\u00e1rio\u00a0<strong>v\u00e1lido por 5 dias a partir da data de emiss\u00e3o<\/strong>. Pode ser emitido em caso de roubo ou perda de passaporte\u00a0 e utilizado apenas para o regresso a It\u00e1lia ou ao Estado-Membro da UE onde o requerente tem resid\u00eancia permanente comprovada pelo registro AIRE.\u00a0<strong>\u00c9 necess\u00e1ria a presen\u00e7a do requerente (incluindo beb\u00e9s e menores).<\/strong><\/p>\n<p><strong>Informa\u00e7\u00f5es e agendamento tramite o e-mail: <a href=\"mailto:passaporti.portoalegre@esteri.it\">passaporti.portoalegre@esteri.it<\/a><\/strong><\/p>\n<p>Documenta\u00e7\u00e3o a ser apresentada para a emiss\u00e3o do ETD:<\/p>\n<ul>\n<li>Duas fotografias formato 3,5 cm x 4 cm, recente, sem data, a cores, frontal e com <a href=\"https:\/\/consportoalegre.esteri.it\/wp-content\/uploads\/2023\/05\/6783_f_cons97fotografiepassaporti.pdf\">fundo branco<\/a>;<\/li>\n<li>Documento de identidade v\u00e1lido, tamb\u00e9m para menores de 18 anos, que permita a identifica\u00e7\u00e3o (passaporte ou carteira de identidade brasileira, emitida h\u00e1 menos de cinco anos);<\/li>\n<li>A passagem a\u00e9rea;<\/li>\n<li>Boletim de ocorr\u00eancia de roubo ou perda do passaporte.<\/li>\n<\/ul>\n","protected":false},"excerpt":{"rendered":"O\u00a0Documento de Viagem de Emerg\u00eancia (ETD), \u00e9 um documento de viagem tempor\u00e1rio\u00a0v\u00e1lido por 5 dias a partir da data de emiss\u00e3o. Pode ser emitido em caso de roubo ou perda de passaporte\u00a0 e utilizado apenas para o regresso a It\u00e1lia ou ao Estado-Membro da UE onde o requerente tem resid\u00eancia permanente comprovada pelo registro AIRE.\u00a0\u00c9 [&hellip;]","protected":false},"author":3,"featured_media":0,"parent":145,"menu_order":0,"comment_status":"closed","ping_status":"closed","template":"","meta":{"footnotes":""},"class_list":["post-182","page","type-page","status-publish","hentry"],"_links":{"self":[{"href":"https:\/\/consportoalegre.esteri.it\/pt\/wp-json\/wp\/v2\/pages\/182","targetHints":{"allow":["GET"]}}],"collection":[{"href":"https:\/\/consportoalegre.esteri.it\/pt\/wp-json\/wp\/v2\/pages"}],"about":[{"href":"https:\/\/consportoalegre.esteri.it\/pt\/wp-json\/wp\/v2\/types\/page"}],"author":[{"embeddable":true,"href":"https:\/\/consportoalegre.esteri.it\/pt\/wp-json\/wp\/v2\/users\/3"}],"replies":[{"embeddable":true,"href":"https:\/\/consportoalegre.esteri.it\/pt\/wp-json\/wp\/v2\/comments?post=182"}],"version-history":[{"count":0,"href":"https:\/\/consportoalegre.esteri.it\/pt\/wp-json\/wp\/v2\/pages\/182\/revisions"}],"up":[{"embeddable":true,"href":"https:\/\/consportoalegre.esteri.it\/pt\/wp-json\/wp\/v2\/pages\/145"}],"wp:attachment":[{"href":"https:\/\/consportoalegre.esteri.it\/pt\/wp-json\/wp\/v2\/media?parent=182"}],"curies":[{"name":"wp","href":"https:\/\/api.w.org\/{rel}","templated":true}]}}